{"id":2513,"date":"2019-02-06T11:25:25","date_gmt":"2019-02-06T16:25:25","guid":{"rendered":"http:\/\/mkn-rcm.ca\/?page_id=2513"},"modified":"2023-02-09T18:28:02","modified_gmt":"2023-02-09T23:28:02","slug":"indigenous-knowledge-the-youth-gathering-nasa-workshop","status":"publish","type":"page","link":"http:\/\/www.mkn-rcm.ca\/french\/indigenous-knowledge-the-youth-gathering-nasa-workshop\/","title":{"rendered":"Savoir autochtone\u00a0: assembl\u00e9e des jeunes et groupe de travail de la NASA"},"content":{"rendered":"\n<div class=\"twitter-share\"><a href=\"https:\/\/twitter.com\/intent\/tweet?via=mknrcm\" class=\"twitter-share-button\">Tweet<\/a><\/div>\n<h1 style=\"text-align: center;\"><b>\u2b50\ud83c\udf1f<strong>C\u2019EST DANS LES \u00c9TOILES<\/strong>\ud83c\udf1f\u2b50<\/b><\/h1>\n<p>La CdP sur les savoirs autochtones et les math\u00e9matiques a organis\u00e9 deux ateliers en avril 2019 : <strong><em>Anongoohns Kendaasiwin \u2013 Revitalizing the Art and Science of Star Knowledge: A Gathering of Indigenous Knowledge, Mathematics, Science and our Youth + Knowledge Sharing Exchange <\/em><\/strong>et<strong><em> NASA Goddard Media Studios.<\/em><\/strong><a href=\"http:\/\/www.mkn-rcm.ca\/french\/wp-content\/uploads\/2019\/02\/Copy-of-Star-gathering-2.jpg\"><img loading=\"lazy\" class=\"size-medium wp-image-2587 alignright\" src=\"http:\/\/www.mkn-rcm.ca\/french\/wp-content\/uploads\/2019\/02\/Copy-of-Star-gathering-2-212x300.jpg\" alt=\"\" width=\"212\" height=\"300\" srcset=\"http:\/\/www.mkn-rcm.ca\/french\/wp-content\/uploads\/2019\/02\/Copy-of-Star-gathering-2-212x300.jpg 212w, http:\/\/www.mkn-rcm.ca\/french\/wp-content\/uploads\/2019\/02\/Copy-of-Star-gathering-2-768x1086.jpg 768w, http:\/\/www.mkn-rcm.ca\/french\/wp-content\/uploads\/2019\/02\/Copy-of-Star-gathering-2-724x1024.jpg 724w, http:\/\/www.mkn-rcm.ca\/french\/wp-content\/uploads\/2019\/02\/Copy-of-Star-gathering-2.jpg 1131w\" sizes=\"(max-width: 212px) 85vw, 212px\" \/><\/a><\/p>\n<p><strong>Le Rassemblement des jeunes <\/strong>et<strong> \u00c9changes et partage des connaissances<\/strong> mettra l\u2019accent sur la fa\u00e7on dont les savoirs autochtones peuvent \u00e9clairer et am\u00e9liorer la compr\u00e9hension des math\u00e9matiques, de l\u2019astronomie et de notre cosmologie. \u00a0Cet \u00e9v\u00e9nement mettra l\u2019accent sur la fa\u00e7on dont le savoir autochtone d\u00e9coule d\u2019une relation r\u00e9ciproque avec la terre et le cosmos. Ensemble, dans un environnement d\u2019apprentissage immersif, les a\u00een\u00e9s autochtones, les d\u00e9tenteurs du savoir, les jeunes autochtones, les universitaires et les \u00e9ducateurs de la maternelle \u00e0 la 12<sup>e<\/sup> ann\u00e9e participeront \u00e0 une exp\u00e9rience d\u2019apprentissage collaboratif ax\u00e9e sur l\u2019importance du savoir autochtone dans l\u2019\u00e9ducation.<\/p>\n<p><a href=\"http:\/\/www.mkn-rcm.ca\/french\/wp-content\/uploads\/2019\/02\/NASA.png\"><img loading=\"lazy\" class=\"size-medium wp-image-2514 alignleft\" src=\"http:\/\/www.mkn-rcm.ca\/french\/wp-content\/uploads\/2019\/02\/NASA-300x222.png\" alt=\"\" width=\"300\" height=\"222\" srcset=\"http:\/\/www.mkn-rcm.ca\/french\/wp-content\/uploads\/2019\/02\/NASA-300x222.png 300w, http:\/\/www.mkn-rcm.ca\/french\/wp-content\/uploads\/2019\/02\/NASA-768x568.png 768w, http:\/\/www.mkn-rcm.ca\/french\/wp-content\/uploads\/2019\/02\/NASA.png 944w\" sizes=\"(max-width: 300px) 85vw, 300px\" \/><\/a><b>Les studios Goddard Media de la NASA<\/b> travailleront avec la <strong>CdP du savoir autochtone et des math\u00e9matiques<\/strong> (<strong>Indigenous Knowledge and Mathematics)<\/strong> pour cocr\u00e9er une ressource bas\u00e9e sur le savoir autochtone, l\u2019astronomie et la cosmologie avec des liens avec les math\u00e9matiques et les sciences.<\/p>\n<p>La NASA fournira des images graphiques et un soutien \u00e0 la conception technique pour les applications bas\u00e9es sur la r\u00e9alit\u00e9 virtuelle. L\u2019accent sera mis sur l\u2019apprentissage avanc\u00e9 des math\u00e9matiques par les \u00e9l\u00e8ves autochtones, en s\u2019appuyant sur les moyens qui ont \u00e9t\u00e9 identifi\u00e9s gr\u00e2ce aux technologies et \u00e0 la conception autochtones. Il s\u2019agit aussi d\u2019\u00e9largir la perspective des \u00e9ducateurs afin d\u2019approfondir leur compr\u00e9hension des avantages de l\u2019int\u00e9gration des \u00ab\u00a0modes de savoir\u00a0\u00bb autochtones dans leur pratique.<\/p>\n<p>Cette ressource d\u00e9montrera comment le savoir autochtone peut et doit \u00eatre consid\u00e9r\u00e9 comme un contributeur pr\u00e9cieux pour soutenir notre compr\u00e9hension de notre monde et de nos capacit\u00e9s \u00e0 faire participer les \u00e9l\u00e8ves \u00e0 l\u2019apprentissage et comment il peut avoir une incidence positive sur l\u2019enseignement et l\u2019apprentissage des math\u00e9matiques.<\/p>\n<p>Vous pouvez visiter <a href=\"https:\/\/fnmieao.com\/upcoming-events\/\">la page des \u00e9v\u00e9nements FNMIEAO<\/a> pour plus d&#8217;informations.<\/p>\n","protected":false},"excerpt":{"rendered":"<p>\u2b50\ud83c\udf1fC\u2019EST DANS LES \u00c9TOILES\ud83c\udf1f\u2b50 La CdP sur les savoirs autochtones et les math\u00e9matiques a organis\u00e9 deux ateliers en avril 2019 : Anongoohns Kendaasiwin \u2013 Revitalizing the Art and Science of Star Knowledge: A Gathering of Indigenous Knowledge, Mathematics, Science and our Youth + Knowledge Sharing Exchange et NASA Goddard Media Studios. Le Rassemblement des jeunes &hellip; <a href=\"http:\/\/www.mkn-rcm.ca\/french\/indigenous-knowledge-the-youth-gathering-nasa-workshop\/\" class=\"more-link\">Continue reading<span class=\"screen-reader-text\"> &#8220;Savoir autochtone\u00a0: assembl\u00e9e des jeunes et groupe de travail de la NASA&#8221;<\/span><\/a><\/p>\n","protected":false},"author":272,"featured_media":0,"parent":0,"menu_order":0,"comment_status":"closed","ping_status":"closed","template":"","meta":[],"_links":{"self":[{"href":"http:\/\/www.mkn-rcm.ca\/french\/wp-json\/wp\/v2\/pages\/2513"}],"collection":[{"href":"http:\/\/www.mkn-rcm.ca\/french\/wp-json\/wp\/v2\/pages"}],"about":[{"href":"http:\/\/www.mkn-rcm.ca\/french\/wp-json\/wp\/v2\/types\/page"}],"author":[{"embeddable":true,"href":"http:\/\/www.mkn-rcm.ca\/french\/wp-json\/wp\/v2\/users\/272"}],"replies":[{"embeddable":true,"href":"http:\/\/www.mkn-rcm.ca\/french\/wp-json\/wp\/v2\/comments?post=2513"}],"version-history":[{"count":14,"href":"http:\/\/www.mkn-rcm.ca\/french\/wp-json\/wp\/v2\/pages\/2513\/revisions"}],"predecessor-version":[{"id":6198,"href":"http:\/\/www.mkn-rcm.ca\/french\/wp-json\/wp\/v2\/pages\/2513\/revisions\/6198"}],"wp:attachment":[{"href":"http:\/\/www.mkn-rcm.ca\/french\/wp-json\/wp\/v2\/media?parent=2513"}],"curies":[{"name":"wp","href":"https:\/\/api.w.org\/{rel}","templated":true}]}}