{"id":2522,"date":"2019-02-12T16:52:22","date_gmt":"2019-02-12T21:52:22","guid":{"rendered":"http:\/\/mkn-rcm.ca\/?page_id=2522"},"modified":"2023-02-10T17:43:48","modified_gmt":"2023-02-10T22:43:48","slug":"math-leadership-update","status":"publish","type":"page","link":"http:\/\/www.mkn-rcm.ca\/french\/math-leadership-update\/","title":{"rendered":"Leadership en math\u00e9matique\u00a0: atelier \u00ab\u00a0Math Minds: Transforming Mathematics Education\u00a0\u00bb\u00a0(Transformation de l&#8217;enseignement des math\u00e9matiques)"},"content":{"rendered":"\n<div class=\"twitter-share\"><a href=\"https:\/\/twitter.com\/intent\/tweet?via=mknrcm\" class=\"twitter-share-button\">Tweet<\/a><\/div>\n<p style=\"text-align: left;\"><a href=\"http:\/\/www.mkn-rcm.ca\/french\/wp-content\/uploads\/2019\/02\/Capture-1.png\"><img loading=\"lazy\" class=\"size-medium wp-image-2648 alignleft\" src=\"http:\/\/www.mkn-rcm.ca\/french\/wp-content\/uploads\/2019\/02\/Capture-1-300x276.png\" alt=\"\" width=\"300\" height=\"276\" srcset=\"http:\/\/www.mkn-rcm.ca\/french\/wp-content\/uploads\/2019\/02\/Capture-1-300x276.png 300w, http:\/\/www.mkn-rcm.ca\/french\/wp-content\/uploads\/2019\/02\/Capture-1-768x706.png 768w, http:\/\/www.mkn-rcm.ca\/french\/wp-content\/uploads\/2019\/02\/Capture-1.png 921w\" sizes=\"(max-width: 300px) 85vw, 300px\" \/><\/a>Le 22 f\u00e9vrier, nous organisons un atelier au Fields Institute, intitul\u00e9 \u00ab <a href=\"http:\/\/www.fields.utoronto.ca\/activities\/18-19\/math-minds\">Math Minds: Transforming Mathematics Education<\/a> \u00bb. L\u2019objectif de cet \u00e9v\u00e9nement d\u2019apprentissage professionnel d\u2019une journ\u00e9e est d\u2019informer, de r\u00e9fl\u00e9chir et de fournir des occasions d\u2019introduire un mod\u00e8le Math Minds robuste dans les communaut\u00e9s d\u2019apprentissage de l\u2019Ontario. Cet \u00e9v\u00e9nement s\u2019adresse aux chercheurs, aux administrateurs d\u2019\u00e9coles et de conseils scolaires et aux d\u00e9cideurs de l\u2019Ontario. Les pr\u00e9sentateurs sont Brent Davis (Universit\u00e9 de Calgary), John Mighton (JUMP Math), Tracy Solomon (Universit\u00e9 de Toronto) et Dragana Martinovic (Universit\u00e9 de Windsor). L\u2019\u00e9v\u00e9nement est financ\u00e9 par le Fields Institute gr\u00e2ce \u00e0 la subvention General Scientific Activity et g\u00e9n\u00e9reusement soutenu par le JUMP Math. Nous avons d\u00e9j\u00e0 environ 50 participants inscrits et nous attendons avec impatience les discussions anim\u00e9es.<\/p>\n<p><a href=\"http:\/\/www.mkn-rcm.ca\/french\/wp-content\/uploads\/2019\/02\/Capture2.png\"><img loading=\"lazy\" class=\"size-medium wp-image-2649 alignright\" src=\"http:\/\/www.mkn-rcm.ca\/french\/wp-content\/uploads\/2019\/02\/Capture2-300x177.png\" alt=\"\" width=\"300\" height=\"177\" srcset=\"http:\/\/www.mkn-rcm.ca\/french\/wp-content\/uploads\/2019\/02\/Capture2-300x177.png 300w, http:\/\/www.mkn-rcm.ca\/french\/wp-content\/uploads\/2019\/02\/Capture2-768x452.png 768w, http:\/\/www.mkn-rcm.ca\/french\/wp-content\/uploads\/2019\/02\/Capture2.png 979w\" sizes=\"(max-width: 300px) 85vw, 300px\" \/><\/a>Notre organisation partenaire, l\u2019OAME, est en pleine organisation de webinaires pour les enseignants en math\u00e9matiques.<\/p>\n<p>Les soi-disant OAME Talks sont pr\u00e9sent\u00e9s <a href=\"https:\/\/sites.google.com\/oame.on.ca\/oame-talks\/season-1#h.p_0ZCJXaWSwhTu\">ici<\/a>, donc si vous en avez manqu\u00e9, vous pouvez vous rattraper en \u00e9coutant les podcasts \u00e0 partir des liens fournis ou t\u00e9l\u00e9charger depuis <a href=\"https:\/\/podcasts.apple.com\/ca\/podcast\/oame-talks\/id1446534264?mt=2\">iTunes<\/a>.<\/p>\n<p>Les webinaires pr\u00e9c\u00e9dents mettent en vedette Kyle Pearce et Jon Orr, parlant de \u00ab Aller plus loin avec des moments math\u00e9matiques m\u00e9morables \u00bb (17h30) et Marian Small, parlant de \u00ab Enseigner avec intention : se concentrer sur ce qui compte \u00bb (16 minutes).<\/p>\n<p>Le prochain webinaire du 13 f\u00e9vrier 2019 \u00e0 20 h HNE mettra en vedette Fawn Nguyen, qui d\u00e9veloppe la question \u00ab Et si nous enseignions les math\u00e9matiques de fa\u00e7on incorrecte\u00a0? \u00bb Dans un discours en pr\u00e9ambule, Fawn mentionne les trois choses qu\u2019elle consid\u00e8re comme \u00e9tant fausses:<\/p>\n<ul>\n<li>Ce que nous enseignons<\/li>\n<li>Comment nous l\u2019enseignons, et<\/li>\n<li>Pourquoi les \u00e9tudiants devraient l\u2019apprendre.<\/li>\n<\/ul>\n<p>La passion de Fawn est de \u00ab r\u00e9parer les erreurs \u00bb qu\u2019elle a identifi\u00e9 dans sa propre pratique et d\u2019aider les autres \u00e9ducateurs \u00e0 faire de m\u00eame. Cette saison de webinaires OAME se terminera le 20 mars 2019 \u00e0 20h HNE, avec Mark Chubb parlant de \u00ab\u00a0Construire les intuitions math\u00e9matiques de vos \u00e9l\u00e8ves\u00a0\u00bb.<\/p>\n","protected":false},"excerpt":{"rendered":"<p>Le 22 f\u00e9vrier, nous organisons un atelier au Fields Institute, intitul\u00e9 \u00ab Math Minds: Transforming Mathematics Education \u00bb. L\u2019objectif de cet \u00e9v\u00e9nement d\u2019apprentissage professionnel d\u2019une journ\u00e9e est d\u2019informer, de r\u00e9fl\u00e9chir et de fournir des occasions d\u2019introduire un mod\u00e8le Math Minds robuste dans les communaut\u00e9s d\u2019apprentissage de l\u2019Ontario. Cet \u00e9v\u00e9nement s\u2019adresse aux chercheurs, aux administrateurs d\u2019\u00e9coles &hellip; <a href=\"http:\/\/www.mkn-rcm.ca\/french\/math-leadership-update\/\" class=\"more-link\">Continue reading<span class=\"screen-reader-text\"> &#8220;Leadership en math\u00e9matique\u00a0: atelier \u00ab\u00a0Math Minds: Transforming Mathematics Education\u00a0\u00bb\u00a0(Transformation de l&#8217;enseignement des math\u00e9matiques)&#8221;<\/span><\/a><\/p>\n","protected":false},"author":272,"featured_media":0,"parent":0,"menu_order":0,"comment_status":"closed","ping_status":"closed","template":"","meta":[],"_links":{"self":[{"href":"http:\/\/www.mkn-rcm.ca\/french\/wp-json\/wp\/v2\/pages\/2522"}],"collection":[{"href":"http:\/\/www.mkn-rcm.ca\/french\/wp-json\/wp\/v2\/pages"}],"about":[{"href":"http:\/\/www.mkn-rcm.ca\/french\/wp-json\/wp\/v2\/types\/page"}],"author":[{"embeddable":true,"href":"http:\/\/www.mkn-rcm.ca\/french\/wp-json\/wp\/v2\/users\/272"}],"replies":[{"embeddable":true,"href":"http:\/\/www.mkn-rcm.ca\/french\/wp-json\/wp\/v2\/comments?post=2522"}],"version-history":[{"count":11,"href":"http:\/\/www.mkn-rcm.ca\/french\/wp-json\/wp\/v2\/pages\/2522\/revisions"}],"predecessor-version":[{"id":6206,"href":"http:\/\/www.mkn-rcm.ca\/french\/wp-json\/wp\/v2\/pages\/2522\/revisions\/6206"}],"wp:attachment":[{"href":"http:\/\/www.mkn-rcm.ca\/french\/wp-json\/wp\/v2\/media?parent=2522"}],"curies":[{"name":"wp","href":"https:\/\/api.w.org\/{rel}","templated":true}]}}