{"id":2593,"date":"2019-02-10T18:05:44","date_gmt":"2019-02-10T23:05:44","guid":{"rendered":"http:\/\/mkn-rcm.ca\/?page_id=2593"},"modified":"2023-02-03T00:40:59","modified_gmt":"2023-02-03T05:40:59","slug":"fireflies-and-circuits","status":"publish","type":"page","link":"http:\/\/www.mkn-rcm.ca\/french\/fireflies-and-circuits\/","title":{"rendered":"Des lucioles et des circuits \u00e0 St. Andrews PS, TDSB"},"content":{"rendered":"\n<div class=\"twitter-share\"><a href=\"https:\/\/twitter.com\/intent\/tweet?via=mknrcm\" class=\"twitter-share-button\">Tweet<\/a><\/div>\n<p><strong>\u00a0<\/strong><strong><em>Bas\u00e9 sur le travail en classe de Hager Awara, Iain Brodie, Bal Punia et Bronna Silver \u2013 \u00e0 St Andrews PS, TDSB<\/em><\/strong><\/p>\n<p><em>Merci \u00e0<\/em><a href=\"http:\/\/janettehughes.ca\/lab\/\"><em> Janette Hughes<\/em><\/a><em> (UOIT) et \u00e0 son \u00e9quipe pour le soutien en classe et les ressources techniques! <\/em><\/p>\n<p><em>Soutenu par la Communaut\u00e9 de pratique en mod\u00e9lisation informatique du Math Knowledge Network et le projet EduApps financ\u00e9 par le Fonds pour la recherche en Ontario : Excellence en recherche (<\/em><a href=\"http:\/\/eduapps.ca\/\"><em>eduapps.ca<\/em><\/a><em>). <\/em><\/p>\n<p><a href=\"http:\/\/www.mkn-rcm.ca\/french\/wp-content\/uploads\/2019\/02\/Screen-Shot-2019-02-10-at-6.01.00-PM.png\"><img loading=\"lazy\" class=\"alignnone size-full wp-image-2603\" src=\"http:\/\/www.mkn-rcm.ca\/french\/wp-content\/uploads\/2019\/02\/Screen-Shot-2019-02-10-at-6.01.00-PM.png\" alt=\"\" width=\"798\" height=\"96\" srcset=\"http:\/\/www.mkn-rcm.ca\/french\/wp-content\/uploads\/2019\/02\/Screen-Shot-2019-02-10-at-6.01.00-PM.png 798w, http:\/\/www.mkn-rcm.ca\/french\/wp-content\/uploads\/2019\/02\/Screen-Shot-2019-02-10-at-6.01.00-PM-300x36.png 300w, http:\/\/www.mkn-rcm.ca\/french\/wp-content\/uploads\/2019\/02\/Screen-Shot-2019-02-10-at-6.01.00-PM-768x92.png 768w\" sizes=\"(max-width: 798px) 85vw, 798px\" \/><\/a><\/p>\n<p><strong>Quels calculs peuvent se r\u00e9aliser avec des LED, des piles et des rubans conducteurs?<\/strong><\/p>\n<h4>1.\u00a0\u00a0\u00a0\u00a0 <strong>FIREFLIES<\/strong><strong> (des lucioles)<\/strong><strong> \u2013 \u00c9l\u00e8ves de 2<sup>e<\/sup> ann\u00e9e avec des copains de 7<sup>e<\/sup> ann\u00e9e<\/strong><\/h4>\n<p>\u00c0 l\u2019aide de DEL reli\u00e9es \u00e0 des piles de 3 volts et mises \u00e0 l\u2019int\u00e9rieur de boules de pellicule de plastique, les \u00e9l\u00e8ves de 2<sup>e<\/sup> ann\u00e9e, avec l\u2019aide de leurs camarades de 7<sup>e<\/sup> ann\u00e9e, ont fabriqu\u00e9 des lucioles.<\/p>\n<p><iframe loading=\"lazy\" src=\"https:\/\/www.youtube.com\/embed\/RdpHTlpvbWU?rel=0\" width=\"560\" height=\"315\" frameborder=\"0\" allowfullscreen=\"allowfullscreen\"><\/iframe><\/p>\n<h5><strong>EXTENSION no 1 \u2013 Quelles formes et figures g\u00e9om\u00e9triques pouvez-vous r\u00e9aliser?<\/strong><\/h5>\n<p><a href=\"http:\/\/www.mkn-rcm.ca\/french\/wp-content\/uploads\/2019\/02\/Screen-Shot-2019-02-10-at-5.31.38-AM.png\"><img loading=\"lazy\" class=\"alignnone size-large wp-image-2604\" src=\"http:\/\/www.mkn-rcm.ca\/french\/wp-content\/uploads\/2019\/02\/Screen-Shot-2019-02-10-at-5.31.38-AM-1024x595.png\" alt=\"\" width=\"840\" height=\"488\" srcset=\"http:\/\/www.mkn-rcm.ca\/french\/wp-content\/uploads\/2019\/02\/Screen-Shot-2019-02-10-at-5.31.38-AM-1024x595.png 1024w, http:\/\/www.mkn-rcm.ca\/french\/wp-content\/uploads\/2019\/02\/Screen-Shot-2019-02-10-at-5.31.38-AM-300x174.png 300w, http:\/\/www.mkn-rcm.ca\/french\/wp-content\/uploads\/2019\/02\/Screen-Shot-2019-02-10-at-5.31.38-AM-768x446.png 768w, http:\/\/www.mkn-rcm.ca\/french\/wp-content\/uploads\/2019\/02\/Screen-Shot-2019-02-10-at-5.31.38-AM-1200x697.png 1200w\" sizes=\"(max-width: 709px) 85vw, (max-width: 909px) 67vw, (max-width: 1362px) 62vw, 840px\" \/><\/a><\/p>\n<p>Quelles formes 2D et figures 3D pouvez-vous cr\u00e9er avec:<\/p>\n<ul>\n<li>1 luciole ?<\/li>\n<li>2 lucioles?<\/li>\n<li>3 lucioles?<\/li>\n<li>4 lucioles<\/li>\n<li>5 lucioles?<\/li>\n<\/ul>\n<p><strong>EXTENSION no 2 \u2013<\/strong><strong>Quelles math\u00e9matiques se produisent lorsque vous faites pivoter et r\u00e9fl\u00e9chissez des formes?<\/strong><\/p>\n<p>Explorez les rotations et les reflets des formes \u00e0 <a href=\"http:\/\/mathsurprise.ca\/apps\/sym\/rotation-reflection\">http:\/\/mathsurprise.ca\/apps\/sym\/rotation-reflection<\/a><\/p>\n<p><a href=\"http:\/\/www.mkn-rcm.ca\/french\/wp-content\/uploads\/2019\/02\/Screen-Shot-2019-02-10-at-5.53.21-AM.png\"><img loading=\"lazy\" class=\"alignnone size-large wp-image-2606\" src=\"http:\/\/www.mkn-rcm.ca\/french\/wp-content\/uploads\/2019\/02\/Screen-Shot-2019-02-10-at-5.53.21-AM-1024x481.png\" alt=\"\" width=\"840\" height=\"395\" srcset=\"http:\/\/www.mkn-rcm.ca\/french\/wp-content\/uploads\/2019\/02\/Screen-Shot-2019-02-10-at-5.53.21-AM-1024x481.png 1024w, http:\/\/www.mkn-rcm.ca\/french\/wp-content\/uploads\/2019\/02\/Screen-Shot-2019-02-10-at-5.53.21-AM-300x141.png 300w, http:\/\/www.mkn-rcm.ca\/french\/wp-content\/uploads\/2019\/02\/Screen-Shot-2019-02-10-at-5.53.21-AM-768x360.png 768w, http:\/\/www.mkn-rcm.ca\/french\/wp-content\/uploads\/2019\/02\/Screen-Shot-2019-02-10-at-5.53.21-AM-1200x563.png 1200w, http:\/\/www.mkn-rcm.ca\/french\/wp-content\/uploads\/2019\/02\/Screen-Shot-2019-02-10-at-5.53.21-AM.png 1956w\" sizes=\"(max-width: 709px) 85vw, (max-width: 909px) 67vw, (max-width: 1362px) 62vw, 840px\" \/><\/a><\/p>\n<p>Explorez les sym\u00e9tries des pare-chocs \u00e0 <a href=\"http:\/\/mathsurprise.ca\/apps\/sym\/bumper-squares\">http:\/\/mathsurprise.ca\/apps\/sym\/bumper-squares<\/a><\/p>\n<p><a href=\"http:\/\/www.mkn-rcm.ca\/french\/wp-content\/uploads\/2019\/02\/Screen-Shot-2019-02-10-at-5.55.15-AM.png\"><img loading=\"lazy\" class=\"alignnone size-large wp-image-2608\" src=\"http:\/\/www.mkn-rcm.ca\/french\/wp-content\/uploads\/2019\/02\/Screen-Shot-2019-02-10-at-5.55.15-AM-1024x578.png\" alt=\"\" width=\"840\" height=\"474\" srcset=\"http:\/\/www.mkn-rcm.ca\/french\/wp-content\/uploads\/2019\/02\/Screen-Shot-2019-02-10-at-5.55.15-AM-1024x578.png 1024w, http:\/\/www.mkn-rcm.ca\/french\/wp-content\/uploads\/2019\/02\/Screen-Shot-2019-02-10-at-5.55.15-AM-300x169.png 300w, http:\/\/www.mkn-rcm.ca\/french\/wp-content\/uploads\/2019\/02\/Screen-Shot-2019-02-10-at-5.55.15-AM-768x433.png 768w, http:\/\/www.mkn-rcm.ca\/french\/wp-content\/uploads\/2019\/02\/Screen-Shot-2019-02-10-at-5.55.15-AM-1200x677.png 1200w\" sizes=\"(max-width: 709px) 85vw, (max-width: 909px) 67vw, (max-width: 1362px) 62vw, 840px\" \/><\/a><\/p>\n<p>2.\u00a0\u00a0\u00a0\u00a0 <strong>CIRCUITS \u2013 \u00c9l\u00e8ves de<\/strong> 7<sup>e<\/sup> ann\u00e9e<\/p>\n<p><a href=\"http:\/\/www.mkn-rcm.ca\/french\/wp-content\/uploads\/2019\/02\/Screen-Shot-2019-02-10-at-6.03.27-AM.png\"><img loading=\"lazy\" class=\"alignnone size-large wp-image-2609\" src=\"http:\/\/www.mkn-rcm.ca\/french\/wp-content\/uploads\/2019\/02\/Screen-Shot-2019-02-10-at-6.03.27-AM-1024x624.png\" alt=\"\" width=\"840\" height=\"512\" srcset=\"http:\/\/www.mkn-rcm.ca\/french\/wp-content\/uploads\/2019\/02\/Screen-Shot-2019-02-10-at-6.03.27-AM-1024x624.png 1024w, http:\/\/www.mkn-rcm.ca\/french\/wp-content\/uploads\/2019\/02\/Screen-Shot-2019-02-10-at-6.03.27-AM-300x183.png 300w, http:\/\/www.mkn-rcm.ca\/french\/wp-content\/uploads\/2019\/02\/Screen-Shot-2019-02-10-at-6.03.27-AM-768x468.png 768w, http:\/\/www.mkn-rcm.ca\/french\/wp-content\/uploads\/2019\/02\/Screen-Shot-2019-02-10-at-6.03.27-AM-1200x731.png 1200w\" sizes=\"(max-width: 709px) 85vw, (max-width: 909px) 67vw, (max-width: 1362px) 62vw, 840px\" \/><\/a><\/p>\n<p>\u00c0 l\u2019aide de DEL reli\u00e9es \u00e0 des batteries 3 volts avec du ruban conducteur, les \u00e9l\u00e8ves de 7<sup>e<\/sup> ann\u00e9e ont fabriqu\u00e9 des circuits.<\/p>\n<p><iframe loading=\"lazy\" src=\"https:\/\/www.youtube.com\/embed\/90CsaVRkqGA?rel=0\" width=\"560\" height=\"315\" frameborder=\"0\" allowfullscreen=\"allowfullscreen\"><\/iframe>&gt;<\/p>\n<h5><strong>EXTENSION \u2013 circuits, portes<\/strong><strong> logiques<\/strong><strong>, alg\u00e8bre bool\u00e9enne et ensembles<\/strong><strong> ou <\/strong><strong>sous-ensembles de nombres<\/strong><\/h5>\n<h4><strong>Exemple 1<\/strong><\/h4>\n<p><a href=\"http:\/\/www.mkn-rcm.ca\/french\/wp-content\/uploads\/2019\/02\/Screen-Shot-2019-02-10-at-6.11.43-PM.png\"><img loading=\"lazy\" class=\"alignnone size-full wp-image-2610\" src=\"http:\/\/www.mkn-rcm.ca\/french\/wp-content\/uploads\/2019\/02\/Screen-Shot-2019-02-10-at-6.11.43-PM.png\" alt=\"\" width=\"586\" height=\"600\" srcset=\"http:\/\/www.mkn-rcm.ca\/french\/wp-content\/uploads\/2019\/02\/Screen-Shot-2019-02-10-at-6.11.43-PM.png 586w, http:\/\/www.mkn-rcm.ca\/french\/wp-content\/uploads\/2019\/02\/Screen-Shot-2019-02-10-at-6.11.43-PM-293x300.png 293w\" sizes=\"(max-width: 586px) 85vw, 586px\" \/><\/a><\/p>\n<p>Un circuit simple (en s\u00e9rie) avec 2 commutateurs est \u00e9galement une porte logique AND utilis\u00e9e par les appareils intelligents pour prendre des d\u00e9cisions. Par exemple:<\/p>\n<p>Si l\u2019alarme du smartphone est r\u00e9gl\u00e9e sur 7 heures ET qu\u2019il est 7 heures du matin, alors l\u2019alarme va s&#8217;activer.<\/p>\n<p><a href=\"http:\/\/www.mkn-rcm.ca\/french\/wp-content\/uploads\/2019\/02\/Screen-Shot-2019-02-10-at-6.12.46-PM.png\"><img loading=\"lazy\" class=\"alignnone size-full wp-image-2611\" src=\"http:\/\/www.mkn-rcm.ca\/french\/wp-content\/uploads\/2019\/02\/Screen-Shot-2019-02-10-at-6.12.46-PM.png\" alt=\"\" width=\"654\" height=\"392\" srcset=\"http:\/\/www.mkn-rcm.ca\/french\/wp-content\/uploads\/2019\/02\/Screen-Shot-2019-02-10-at-6.12.46-PM.png 654w, http:\/\/www.mkn-rcm.ca\/french\/wp-content\/uploads\/2019\/02\/Screen-Shot-2019-02-10-at-6.12.46-PM-300x180.png 300w\" sizes=\"(max-width: 654px) 85vw, 654px\" \/><\/a><\/p>\n<p><strong>Exemple 2<\/strong><\/p>\n<p>Le calcul utilis\u00e9 pour prendre ces d\u00e9cisions est appel\u00e9 alg\u00e8bre bool\u00e9enne. Voici un exemple math\u00e9matique :<\/p>\n<p>Je pense \u00e0 un nombre naturel divisible par 2 ET par 3. De quel nombre s\u2019agit-il ?<\/p>\n<p><a href=\"http:\/\/www.mkn-rcm.ca\/french\/wp-content\/uploads\/2019\/02\/Screen-Shot-2019-02-10-at-6.26.34-AM.png\"><img loading=\"lazy\" class=\"alignnone size-large wp-image-2612\" src=\"http:\/\/www.mkn-rcm.ca\/french\/wp-content\/uploads\/2019\/02\/Screen-Shot-2019-02-10-at-6.26.34-AM-1024x775.png\" alt=\"\" width=\"840\" height=\"636\" srcset=\"http:\/\/www.mkn-rcm.ca\/french\/wp-content\/uploads\/2019\/02\/Screen-Shot-2019-02-10-at-6.26.34-AM-1024x775.png 1024w, http:\/\/www.mkn-rcm.ca\/french\/wp-content\/uploads\/2019\/02\/Screen-Shot-2019-02-10-at-6.26.34-AM-300x227.png 300w, http:\/\/www.mkn-rcm.ca\/french\/wp-content\/uploads\/2019\/02\/Screen-Shot-2019-02-10-at-6.26.34-AM-768x581.png 768w, http:\/\/www.mkn-rcm.ca\/french\/wp-content\/uploads\/2019\/02\/Screen-Shot-2019-02-10-at-6.26.34-AM-1200x908.png 1200w, http:\/\/www.mkn-rcm.ca\/french\/wp-content\/uploads\/2019\/02\/Screen-Shot-2019-02-10-at-6.26.34-AM.png 1470w\" sizes=\"(max-width: 709px) 85vw, (max-width: 909px) 67vw, (max-width: 1362px) 62vw, 840px\" \/><\/a><\/p>\n<p><strong>Explorez avec une application de math\u00e9matiques + codage<\/strong><\/p>\n<p>Explorer des ensembles et des sous-ensembles de nombres sur une grille num\u00e9rique \u00e0 <a href=\"http:\/\/eduapps.ca\/ai\/sets\">http:\/\/eduapps.ca\/ai\/sets<\/a><a href=\"http:\/\/www.mkn-rcm.ca\/french\/wp-content\/uploads\/2019\/02\/Screen-Shot-2019-02-10-at-6.13.35-AM.png\"><img loading=\"lazy\" class=\"alignnone size-large wp-image-2613\" src=\"http:\/\/www.mkn-rcm.ca\/french\/wp-content\/uploads\/2019\/02\/Screen-Shot-2019-02-10-at-6.13.35-AM-1024x474.png\" alt=\"\" width=\"840\" height=\"389\" srcset=\"http:\/\/www.mkn-rcm.ca\/french\/wp-content\/uploads\/2019\/02\/Screen-Shot-2019-02-10-at-6.13.35-AM-1024x474.png 1024w, http:\/\/www.mkn-rcm.ca\/french\/wp-content\/uploads\/2019\/02\/Screen-Shot-2019-02-10-at-6.13.35-AM-300x139.png 300w, http:\/\/www.mkn-rcm.ca\/french\/wp-content\/uploads\/2019\/02\/Screen-Shot-2019-02-10-at-6.13.35-AM-768x355.png 768w, http:\/\/www.mkn-rcm.ca\/french\/wp-content\/uploads\/2019\/02\/Screen-Shot-2019-02-10-at-6.13.35-AM-1200x555.png 1200w\" sizes=\"(max-width: 709px) 85vw, (max-width: 909px) 67vw, (max-width: 1362px) 62vw, 840px\" \/><\/a><\/p>\n","protected":false},"excerpt":{"rendered":"<p>\u00a0Bas\u00e9 sur le travail en classe de Hager Awara, Iain Brodie, Bal Punia et Bronna Silver \u2013 \u00e0 St Andrews PS, TDSB Merci \u00e0 Janette Hughes (UOIT) et \u00e0 son \u00e9quipe pour le soutien en classe et les ressources techniques! Soutenu par la Communaut\u00e9 de pratique en mod\u00e9lisation informatique du Math Knowledge Network et le &hellip; <a href=\"http:\/\/www.mkn-rcm.ca\/french\/fireflies-and-circuits\/\" class=\"more-link\">Continue reading<span class=\"screen-reader-text\"> &#8220;Des lucioles et des circuits \u00e0 St. Andrews PS, TDSB&#8221;<\/span><\/a><\/p>\n","protected":false},"author":1,"featured_media":0,"parent":0,"menu_order":0,"comment_status":"closed","ping_status":"closed","template":"","meta":[],"_links":{"self":[{"href":"http:\/\/www.mkn-rcm.ca\/french\/wp-json\/wp\/v2\/pages\/2593"}],"collection":[{"href":"http:\/\/www.mkn-rcm.ca\/french\/wp-json\/wp\/v2\/pages"}],"about":[{"href":"http:\/\/www.mkn-rcm.ca\/french\/wp-json\/wp\/v2\/types\/page"}],"author":[{"embeddable":true,"href":"http:\/\/www.mkn-rcm.ca\/french\/wp-json\/wp\/v2\/users\/1"}],"replies":[{"embeddable":true,"href":"http:\/\/www.mkn-rcm.ca\/french\/wp-json\/wp\/v2\/comments?post=2593"}],"version-history":[{"count":19,"href":"http:\/\/www.mkn-rcm.ca\/french\/wp-json\/wp\/v2\/pages\/2593\/revisions"}],"predecessor-version":[{"id":6166,"href":"http:\/\/www.mkn-rcm.ca\/french\/wp-json\/wp\/v2\/pages\/2593\/revisions\/6166"}],"wp:attachment":[{"href":"http:\/\/www.mkn-rcm.ca\/french\/wp-json\/wp\/v2\/media?parent=2593"}],"curies":[{"name":"wp","href":"https:\/\/api.w.org\/{rel}","templated":true}]}}