{"id":2740,"date":"2019-02-15T07:34:09","date_gmt":"2019-02-15T12:34:09","guid":{"rendered":"http:\/\/mkn-rcm.ca\/?page_id=2740"},"modified":"2023-02-08T22:07:37","modified_gmt":"2023-02-09T03:07:37","slug":"computational-modelling-at-wellington-cdsb","status":"publish","type":"page","link":"http:\/\/www.mkn-rcm.ca\/french\/computational-modelling-at-wellington-cdsb\/","title":{"rendered":"Mod\u00e9lisation informatique \u00e0 la Wellington CDSB"},"content":{"rendered":"\n<div class=\"twitter-share\"><a href=\"https:\/\/twitter.com\/intent\/tweet?via=mknrcm\" class=\"twitter-share-button\">Tweet<\/a><\/div>\n<h2>Trois initiatives de mod\u00e9lisation informatique au CDSB de Wellington<\/h2>\n<p><a href=\"http:\/\/www.mkn-rcm.ca\/french\/wp-content\/uploads\/2017\/11\/WCDSB-Logo.png\"><img loading=\"lazy\" class=\"alignnone size-medium wp-image-1257\" src=\"http:\/\/www.mkn-rcm.ca\/french\/wp-content\/uploads\/2017\/11\/WCDSB-Logo-300x92.png\" alt=\"\" width=\"300\" height=\"92\" srcset=\"http:\/\/www.mkn-rcm.ca\/french\/wp-content\/uploads\/2017\/11\/WCDSB-Logo-300x92.png 300w, http:\/\/www.mkn-rcm.ca\/french\/wp-content\/uploads\/2017\/11\/WCDSB-Logo.png 367w\" sizes=\"(max-width: 300px) 85vw, 300px\" \/><\/a><\/p>\n<p>Le Wellington Catholic District School Board s\u2019efforce d\u2019int\u00e9grer diverses approches de codage afin de mod\u00e9liser les concepts et les processus math\u00e9matiques.<\/p>\n<h4><b>Ateliers \u00e9l\u00e9mentaires de math\u00e9matiques et de codage \u00e0 l\u2019\u00e9cole catholique St. Patrick (mars \u00e0 mai)<\/b><span data-ccp-props=\"{&quot;134233117&quot;:true,&quot;134233118&quot;:true,&quot;201341983&quot;:0,&quot;335559739&quot;:0,&quot;335559740&quot;:240}\">\u00a0<\/span><\/h4>\n<p><img loading=\"lazy\" class=\"size-medium wp-image-2781 alignright\" src=\"http:\/\/www.mkn-rcm.ca\/french\/wp-content\/uploads\/2019\/02\/Screen-Shot-2019-02-18-at-2.45.04-PM-300x225.png\" alt=\"\" width=\"300\" height=\"225\" srcset=\"http:\/\/www.mkn-rcm.ca\/french\/wp-content\/uploads\/2019\/02\/Screen-Shot-2019-02-18-at-2.45.04-PM-300x225.png 300w, http:\/\/www.mkn-rcm.ca\/french\/wp-content\/uploads\/2019\/02\/Screen-Shot-2019-02-18-at-2.45.04-PM-768x577.png 768w, http:\/\/www.mkn-rcm.ca\/french\/wp-content\/uploads\/2019\/02\/Screen-Shot-2019-02-18-at-2.45.04-PM-1024x769.png 1024w, http:\/\/www.mkn-rcm.ca\/french\/wp-content\/uploads\/2019\/02\/Screen-Shot-2019-02-18-at-2.45.04-PM.png 1038w\" sizes=\"(max-width: 300px) 85vw, 300px\" \/><\/p>\n<p>Les ateliers porteront sur la classe de math\u00e9matiques et l\u2019int\u00e9gration de la mod\u00e9lisation informatique. Les enseignants participants recevront une formation professionnelle sur l\u2019engagement des \u00e9l\u00e8ves dans la pratique et l\u2019apprentissage des math\u00e9matiques gr\u00e2ce \u00e0 des exp\u00e9riences math\u00e9matiques riches en esth\u00e9tique, enrichies par la technologie et \u00e9clair\u00e9es par les arts. Le d\u00e9veloppement des activit\u00e9s sera ax\u00e9 sur l\u2019intersection des math\u00e9matiques, des arts, des sciences et de la technologie. Des activit\u00e9s d\u2019apprentissage pratiques seront construites en mettant l\u2019accent sur l\u2019intelligence artificielle et la civilisation, tandis que les activit\u00e9s explor\u00e9es comprennent des applications de codage, des histoires et la connexion de la litt\u00e9ratie aux math\u00e9matiques, ainsi qu\u2019aux sciences et aux \u00e9tudes sociales..<\/p>\n<p><a href=\"http:\/\/www.mkn-rcm.ca\/french\/wp-content\/uploads\/2019\/02\/Screen-Shot-2019-02-18-at-3.22.16-PM.png\"><img loading=\"lazy\" class=\"alignnone size-large wp-image-2784\" src=\"http:\/\/www.mkn-rcm.ca\/french\/wp-content\/uploads\/2019\/02\/Screen-Shot-2019-02-18-at-3.22.16-PM-1024x572.png\" alt=\"\" width=\"840\" height=\"469\" srcset=\"http:\/\/www.mkn-rcm.ca\/french\/wp-content\/uploads\/2019\/02\/Screen-Shot-2019-02-18-at-3.22.16-PM-1024x572.png 1024w, http:\/\/www.mkn-rcm.ca\/french\/wp-content\/uploads\/2019\/02\/Screen-Shot-2019-02-18-at-3.22.16-PM-300x168.png 300w, http:\/\/www.mkn-rcm.ca\/french\/wp-content\/uploads\/2019\/02\/Screen-Shot-2019-02-18-at-3.22.16-PM-768x429.png 768w, http:\/\/www.mkn-rcm.ca\/french\/wp-content\/uploads\/2019\/02\/Screen-Shot-2019-02-18-at-3.22.16-PM-1200x671.png 1200w, http:\/\/www.mkn-rcm.ca\/french\/wp-content\/uploads\/2019\/02\/Screen-Shot-2019-02-18-at-3.22.16-PM.png 1256w\" sizes=\"(max-width: 709px) 85vw, (max-width: 909px) 67vw, (max-width: 1362px) 62vw, 840px\" \/><\/a><\/p>\n<h4><b>Webinaires sur les math\u00e9matiques et le codage pour les enseignants de la maternelle \u00e0 la 10<sup>e<\/sup> ann\u00e9e du CDSB de Wellington (avril-mai).<\/b><span data-ccp-props=\"{&quot;134233117&quot;:true,&quot;134233118&quot;:true,&quot;201341983&quot;:0,&quot;335559739&quot;:0,&quot;335559740&quot;:240}\"><br \/>\n<\/span><\/h4>\n<p><a href=\"http:\/\/www.mkn-rcm.ca\/french\/wp-content\/uploads\/2019\/02\/Screen-Shot-2019-02-15-at-7.40.53-AM.png\"><img loading=\"lazy\" class=\"alignnone size-large wp-image-2744\" src=\"http:\/\/www.mkn-rcm.ca\/french\/wp-content\/uploads\/2019\/02\/Screen-Shot-2019-02-15-at-7.40.53-AM-1024x457.png\" alt=\"\" width=\"840\" height=\"375\" srcset=\"http:\/\/www.mkn-rcm.ca\/french\/wp-content\/uploads\/2019\/02\/Screen-Shot-2019-02-15-at-7.40.53-AM-1024x457.png 1024w, http:\/\/www.mkn-rcm.ca\/french\/wp-content\/uploads\/2019\/02\/Screen-Shot-2019-02-15-at-7.40.53-AM-300x134.png 300w, http:\/\/www.mkn-rcm.ca\/french\/wp-content\/uploads\/2019\/02\/Screen-Shot-2019-02-15-at-7.40.53-AM-768x343.png 768w, http:\/\/www.mkn-rcm.ca\/french\/wp-content\/uploads\/2019\/02\/Screen-Shot-2019-02-15-at-7.40.53-AM-1200x535.png 1200w, http:\/\/www.mkn-rcm.ca\/french\/wp-content\/uploads\/2019\/02\/Screen-Shot-2019-02-15-at-7.40.53-AM.png 1237w\" sizes=\"(max-width: 709px) 85vw, (max-width: 909px) 67vw, (max-width: 1362px) 62vw, 840px\" \/><\/a><\/p>\n<p>Une s\u00e9rie de webinaires est en cours d\u2019\u00e9laboration \u00e0 l\u2019intention des enseignants de la maternelle \u00e0 la 10<sup>e<\/sup> ann\u00e9e sur des exemples d\u2019activit\u00e9s de codage que les enseignants peuvent essayer en classe. Les activit\u00e9s math + codage seront construites et mod\u00e9lis\u00e9es pour les enseignants participants en vue de leur application en classe le lendemain. Les enseignants participants\u00a0 recevront\u00a0 des ressources, notamment par :<\/p>\n<ul>\n<li>le codage pour jeunes math\u00e9maticiens (1<sup>re <\/sup>\u00e0 8<sup>e<\/sup> ann\u00e9e)\u00a0;<\/li>\n<li>la mod\u00e9lisation des math\u00e9matiques avec le codage (6<sup>e<\/sup> \u00e0 10<sup>e<\/sup> ann\u00e9e)\u00a0;<\/li>\n<li>un livre d\u2019histoires de la ferme des animaux ;<\/li>\n<li>un livre d\u2019histoires sur la sym\u00e9trie.<\/li>\n<\/ul>\n<p>We are excited to try the Webinar approach to professional development, to supplement our other professional development approaches.<\/p>\n<h4><b>P<\/b><b>rogramme int\u00e9gr\u00e9 de math\u00e9matiques + informatique de 10<sup>e<\/sup> ann\u00e9e (avril \u00e0 mai)<\/b><\/h4>\n<p><strong>Utilisation de Jupyter Notebook (http:\/\/jupyter.org).<\/strong><\/p>\n<p>Jupyter Notebook est une puissante application Web utilis\u00e9e par les informaticiens, qui vous permet de cr\u00e9er et de partager des documents contenant du code en direct, des \u00e9quations, des visualisations et du texte narratif. Ce code mod\u00e9lise la fonction quadratique<em> y<\/em> = <em>x<\/em><sup>2<\/sup> + <em>k<\/em>. Quel est le r\u00f4le de <em>k<\/em> dans le graphe de la fonction\u00a0?<span data-ccp-props=\"{&quot;134233117&quot;:true,&quot;134233118&quot;:true,&quot;201341983&quot;:0,&quot;335559739&quot;:0,&quot;335559740&quot;:240}\">\u00a0<\/span><\/p>\n<p><a href=\"http:\/\/www.mkn-rcm.ca\/french\/wp-content\/uploads\/2019\/02\/Screen-Shot-2019-02-15-at-7.43.57-AM.png\"><img loading=\"lazy\" class=\"alignnone size-large wp-image-2746\" src=\"http:\/\/www.mkn-rcm.ca\/french\/wp-content\/uploads\/2019\/02\/Screen-Shot-2019-02-15-at-7.43.57-AM-1024x480.png\" alt=\"\" width=\"840\" height=\"394\" srcset=\"http:\/\/www.mkn-rcm.ca\/french\/wp-content\/uploads\/2019\/02\/Screen-Shot-2019-02-15-at-7.43.57-AM-1024x480.png 1024w, http:\/\/www.mkn-rcm.ca\/french\/wp-content\/uploads\/2019\/02\/Screen-Shot-2019-02-15-at-7.43.57-AM-300x141.png 300w, http:\/\/www.mkn-rcm.ca\/french\/wp-content\/uploads\/2019\/02\/Screen-Shot-2019-02-15-at-7.43.57-AM-768x360.png 768w, http:\/\/www.mkn-rcm.ca\/french\/wp-content\/uploads\/2019\/02\/Screen-Shot-2019-02-15-at-7.43.57-AM-1200x562.png 1200w, http:\/\/www.mkn-rcm.ca\/french\/wp-content\/uploads\/2019\/02\/Screen-Shot-2019-02-15-at-7.43.57-AM.png 1460w\" sizes=\"(max-width: 709px) 85vw, (max-width: 909px) 67vw, (max-width: 1362px) 62vw, 840px\" \/><\/a><\/p>\n<p>Le cours de math\u00e9matiques + codage de 10<sup>e<\/sup> ann\u00e9e mettra l\u2019accent sur l\u2019apprentissage professionnel afin de cr\u00e9er des ressources partageables, y compris des le\u00e7ons et des activit\u00e9s de synth\u00e8se qui appliquent les principes de la pens\u00e9e informatique et de la mod\u00e9lisation math\u00e9matique \u00e0 l\u2019aide de Scratch, Python et d\u2019autres langages informatiques. L\u2019accent sera mis sur la collaboration avec d\u2019autres enseignants \u00e0 l\u2019\u00e9cole secondaire St. James pour apprendre et d\u00e9velopper des activit\u00e9s de codage qui peuvent \u00eatre int\u00e9gr\u00e9es dans d\u2019autres cours de math\u00e9matiques du secondaire.<\/p>\n<p><a href=\"http:\/\/www.mkn-rcm.ca\/french\/wp-content\/uploads\/2019\/02\/unnamed.jpg\"><img loading=\"lazy\" class=\"alignnone size-large wp-image-2779\" src=\"http:\/\/www.mkn-rcm.ca\/french\/wp-content\/uploads\/2019\/02\/unnamed-1024x477.jpg\" alt=\"\" width=\"840\" height=\"391\" srcset=\"http:\/\/www.mkn-rcm.ca\/french\/wp-content\/uploads\/2019\/02\/unnamed-1024x477.jpg 1024w, http:\/\/www.mkn-rcm.ca\/french\/wp-content\/uploads\/2019\/02\/unnamed-300x140.jpg 300w, http:\/\/www.mkn-rcm.ca\/french\/wp-content\/uploads\/2019\/02\/unnamed-768x358.jpg 768w, http:\/\/www.mkn-rcm.ca\/french\/wp-content\/uploads\/2019\/02\/unnamed-1200x559.jpg 1200w\" sizes=\"(max-width: 709px) 85vw, (max-width: 909px) 67vw, (max-width: 1362px) 62vw, 840px\" \/><\/a><\/p>\n<p>Ce programme est en place depuis deux ans, avec une r\u00e9ponse extraordinaire de la part des \u00e9l\u00e8ves et des enseignants. Veuillez voir plus de d\u00e9tails <a href=\"http:\/\/www.mkn-rcm.ca\/french\/wp-content\/uploads\/2018\/04\/MKN-white-paper-April-2018.pdf\">ici<\/a>.<\/p>\n","protected":false},"excerpt":{"rendered":"<p>Trois initiatives de mod\u00e9lisation informatique au CDSB de Wellington Le Wellington Catholic District School Board s\u2019efforce d\u2019int\u00e9grer diverses approches de codage afin de mod\u00e9liser les concepts et les processus math\u00e9matiques. Ateliers \u00e9l\u00e9mentaires de math\u00e9matiques et de codage \u00e0 l\u2019\u00e9cole catholique St. Patrick (mars \u00e0 mai)\u00a0 Les ateliers porteront sur la classe de math\u00e9matiques et l\u2019int\u00e9gration &hellip; <a href=\"http:\/\/www.mkn-rcm.ca\/french\/computational-modelling-at-wellington-cdsb\/\" class=\"more-link\">Continue reading<span class=\"screen-reader-text\"> &#8220;Mod\u00e9lisation informatique \u00e0 la Wellington CDSB&#8221;<\/span><\/a><\/p>\n","protected":false},"author":1,"featured_media":0,"parent":0,"menu_order":0,"comment_status":"closed","ping_status":"closed","template":"","meta":[],"_links":{"self":[{"href":"http:\/\/www.mkn-rcm.ca\/french\/wp-json\/wp\/v2\/pages\/2740"}],"collection":[{"href":"http:\/\/www.mkn-rcm.ca\/french\/wp-json\/wp\/v2\/pages"}],"about":[{"href":"http:\/\/www.mkn-rcm.ca\/french\/wp-json\/wp\/v2\/types\/page"}],"author":[{"embeddable":true,"href":"http:\/\/www.mkn-rcm.ca\/french\/wp-json\/wp\/v2\/users\/1"}],"replies":[{"embeddable":true,"href":"http:\/\/www.mkn-rcm.ca\/french\/wp-json\/wp\/v2\/comments?post=2740"}],"version-history":[{"count":11,"href":"http:\/\/www.mkn-rcm.ca\/french\/wp-json\/wp\/v2\/pages\/2740\/revisions"}],"predecessor-version":[{"id":6182,"href":"http:\/\/www.mkn-rcm.ca\/french\/wp-json\/wp\/v2\/pages\/2740\/revisions\/6182"}],"wp:attachment":[{"href":"http:\/\/www.mkn-rcm.ca\/french\/wp-json\/wp\/v2\/media?parent=2740"}],"curies":[{"name":"wp","href":"https:\/\/api.w.org\/{rel}","templated":true}]}}