{"id":2913,"date":"2019-06-13T12:05:18","date_gmt":"2019-06-13T16:05:18","guid":{"rendered":"http:\/\/mkn-rcm.ca\/?page_id=2913"},"modified":"2023-02-21T19:43:47","modified_gmt":"2023-02-22T00:43:47","slug":"millbrook-south-cavan-p-s-kindergarten-educator-spatial-reasoning","status":"publish","type":"page","link":"http:\/\/www.mkn-rcm.ca\/french\/millbrook-south-cavan-p-s-kindergarten-educator-spatial-reasoning\/","title":{"rendered":"Le raisonnement spatial des \u00e9ducateurs de maternelle \u00e0 l&#8217;\u00e9cole primaire Millbrook-South Cavan."},"content":{"rendered":"\n<div class=\"twitter-share\"><a href=\"https:\/\/twitter.com\/intent\/tweet?via=mknrcm\" class=\"twitter-share-button\">Tweet<\/a><\/div>\n<p><em>Par Edward Schroeter, B.J., B.Ed., OCT (Ontario College of Teachers),<\/em><br \/>\n<em> Kindergarten Teacher, Salle 151,<\/em><br \/>\n<em> Millbrook-South Cavan P. S.<\/em><br \/>\n<em> Kawartha Pine Ridge DSB.<\/em><\/p>\n<p>L\u2019\u00e9quipe de raisonnement spatial des \u00e9ducateurs de maternelle \u00e0 Millbrook-South Cavan P.S. a termin\u00e9 son \u00e9tude de le\u00e7on pour 2018-2019.<\/p>\n<figure id=\"attachment_2914\" aria-describedby=\"caption-attachment-2914\" style=\"width: 300px\" class=\"wp-caption alignright\"><a href=\"http:\/\/www.mkn-rcm.ca\/french\/wp-content\/uploads\/2019\/06\/Millbrook-South-Cavan-PS-Spatial-Thinking-Group-2.jpg\"><img loading=\"lazy\" class=\"wp-image-2914 size-medium\" src=\"http:\/\/www.mkn-rcm.ca\/french\/wp-content\/uploads\/2019\/06\/Millbrook-South-Cavan-PS-Spatial-Thinking-Group-2-300x225.jpg\" alt=\"\" width=\"300\" height=\"225\" srcset=\"http:\/\/www.mkn-rcm.ca\/french\/wp-content\/uploads\/2019\/06\/Millbrook-South-Cavan-PS-Spatial-Thinking-Group-2-300x225.jpg 300w, http:\/\/www.mkn-rcm.ca\/french\/wp-content\/uploads\/2019\/06\/Millbrook-South-Cavan-PS-Spatial-Thinking-Group-2-768x576.jpg 768w, http:\/\/www.mkn-rcm.ca\/french\/wp-content\/uploads\/2019\/06\/Millbrook-South-Cavan-PS-Spatial-Thinking-Group-2-1024x768.jpg 1024w, http:\/\/www.mkn-rcm.ca\/french\/wp-content\/uploads\/2019\/06\/Millbrook-South-Cavan-PS-Spatial-Thinking-Group-2-1200x900.jpg 1200w\" sizes=\"(max-width: 300px) 85vw, 300px\" \/><\/a><figcaption id=\"caption-attachment-2914\" class=\"wp-caption-text\">(dans le sens des aiguilles d\u2019une montre \u00e0 partir du bas \u00e0 gauche, femme travaillant sur un ordinateur portable) Jenny Todd OCT, Tracy Parker RECE, Edward Schroeter OCT, Kayla Ingram RECE, Wilma Armstrong OCT, Katelyn Toms RECE, Shari Little OCT, Katherine Benz RE.<\/figcaption><\/figure>\n<p>Avec le soutien du Dr Sandy Youmans du MKN et du Dr Douglas H. Clements de l\u2019Universit\u00e9 de Denver, l\u2019\u00e9quipe de 8 \u00e9ducateurs, 4 RECE (<span class=\"ILfuVd NA6bn\" lang=\"en\"><span class=\"hgKElc\">registered early childhood educator<\/span><\/span>) et 4 OCT <em>(Ontario College of Teachers)<\/em>, compile actuellement ses 45 le\u00e7ons d\u2019une page avec des clips vid\u00e9o illustratifs et des ressources t\u00e9l\u00e9chargeables sous la forme d\u2019un manuel num\u00e9rique. La ressource s\u2019intitule actuellement \u00ab 45 Activities Promoting Spatial Orientation and Visualization. \u00bb (45 activit\u00e9s favorisant l\u2019orientation spatiale et la visualisation). Les activit\u00e9s sont align\u00e9es sur les premi\u00e8res trajectoires d\u2019apprentissage des math\u00e9matiques du Dr Douglas H. Clements et de la Dre Julie Sarama.<\/p>\n<p>Le premier arr\u00eat pour les le\u00e7ons a \u00e9t\u00e9 l\u2019Universit\u00e9 de Denver, o\u00f9 le Dr Clements et l\u2019\u00e9quipe de boursiers postdoctoraux et de doctorants de Sarama les pr\u00e9parent \u00e0 \u00eatre incluses sur leur site des \u00e9ducateurs (gratuit et en libre)&nbsp;<a href=\"http:\/\/www.mkn-rcm.ca\/french\/wp-content\/uploads\/2019\/06\/cover-of-resource-45.jpg\"><img loading=\"lazy\" class=\"alignleft wp-image-2915\" src=\"http:\/\/www.mkn-rcm.ca\/french\/wp-content\/uploads\/2019\/06\/cover-of-resource-45-246x300.jpg\" alt=\"\" width=\"163\" height=\"199\" srcset=\"http:\/\/www.mkn-rcm.ca\/french\/wp-content\/uploads\/2019\/06\/cover-of-resource-45-246x300.jpg 246w, http:\/\/www.mkn-rcm.ca\/french\/wp-content\/uploads\/2019\/06\/cover-of-resource-45.jpg 408w\" sizes=\"(max-width: 163px) 85vw, 163px\" \/><\/a><a href=\"https:\/\/can01.safelinks.protection.outlook.com\/?url=http%3A%2F%2Fwww.learningtrajectories.org&amp;data=02%7C01%7Csandy.youmans%40queensu.ca%7Cff34f89ed0634b7717f708d6e2944989%7Cd61ecb3b38b142d582c4efb2838b925c%7C1%7C0%7C636945523864475967&amp;sdata=DqSbUhiiz3lx%2FmLrJdlWFAoKGsgDXE10pZJzqPTMTQI%3D&amp;reserved=0\">www.learningtrajectories.org<\/a> . Pendant ce temps, l\u2019\u00e9quipe pr\u00e9pare son travail \u00e0 soumettre \u00e0 son bailleur de fonds, le Kawartha Pine Ridge District School Board par le biais du Programme d\u2019apprentissage et de leadership des enseignants (TLLP).<\/p>\n<p>L\u2019\u00e9quipe a pr\u00e9sent\u00e9 un \u00e9chantillon de ses le\u00e7ons \u00e0 un public appr\u00e9ci\u00e9 de consultants en leadership p\u00e9dagogique et d\u2019\u00e9ducateurs lors d\u2019un atelier \u00e0 OAME 2019.&nbsp;Une fois que l\u2019\u00e9quipe aura soumis son document \u00e0 son conseil scolaire de district, elle pr\u00e9voit partager largement ses ressources, y compris avec le MKN.<\/p>\n","protected":false},"excerpt":{"rendered":"<p>Par Edward Schroeter, B.J., B.Ed., OCT (Ontario College of Teachers), Kindergarten Teacher, Salle 151, Millbrook-South Cavan P. S. Kawartha Pine Ridge DSB. L\u2019\u00e9quipe de raisonnement spatial des \u00e9ducateurs de maternelle \u00e0 Millbrook-South Cavan P.S. a termin\u00e9 son \u00e9tude de le\u00e7on pour 2018-2019. Avec le soutien du Dr Sandy Youmans du MKN et du Dr Douglas &hellip; <a href=\"http:\/\/www.mkn-rcm.ca\/french\/millbrook-south-cavan-p-s-kindergarten-educator-spatial-reasoning\/\" class=\"more-link\">Continue reading<span class=\"screen-reader-text\"> &#8220;Le raisonnement spatial des \u00e9ducateurs de maternelle \u00e0 l&#8217;\u00e9cole primaire Millbrook-South Cavan.&#8221;<\/span><\/a><\/p>\n","protected":false},"author":272,"featured_media":0,"parent":0,"menu_order":0,"comment_status":"closed","ping_status":"closed","template":"","meta":[],"_links":{"self":[{"href":"http:\/\/www.mkn-rcm.ca\/french\/wp-json\/wp\/v2\/pages\/2913"}],"collection":[{"href":"http:\/\/www.mkn-rcm.ca\/french\/wp-json\/wp\/v2\/pages"}],"about":[{"href":"http:\/\/www.mkn-rcm.ca\/french\/wp-json\/wp\/v2\/types\/page"}],"author":[{"embeddable":true,"href":"http:\/\/www.mkn-rcm.ca\/french\/wp-json\/wp\/v2\/users\/272"}],"replies":[{"embeddable":true,"href":"http:\/\/www.mkn-rcm.ca\/french\/wp-json\/wp\/v2\/comments?post=2913"}],"version-history":[{"count":12,"href":"http:\/\/www.mkn-rcm.ca\/french\/wp-json\/wp\/v2\/pages\/2913\/revisions"}],"predecessor-version":[{"id":6335,"href":"http:\/\/www.mkn-rcm.ca\/french\/wp-json\/wp\/v2\/pages\/2913\/revisions\/6335"}],"wp:attachment":[{"href":"http:\/\/www.mkn-rcm.ca\/french\/wp-json\/wp\/v2\/media?parent=2913"}],"curies":[{"name":"wp","href":"https:\/\/api.w.org\/{rel}","templated":true}]}}