{"id":2925,"date":"2019-06-13T12:04:43","date_gmt":"2019-06-13T16:04:43","guid":{"rendered":"http:\/\/mkn-rcm.ca\/?page_id=2925"},"modified":"2023-02-18T00:12:09","modified_gmt":"2023-02-18T05:12:09","slug":"indigenous-knowledge-youth-gathering-revitalizing-star-knowledge-recap","status":"publish","type":"page","link":"http:\/\/www.mkn-rcm.ca\/french\/indigenous-knowledge-youth-gathering-revitalizing-star-knowledge-recap\/","title":{"rendered":"Savoir autochtone et assembl\u00e9e des jeunes &#8211; Revitaliser la \u00ab\u00a0connaissance des \u00e9toiles\u00a0\u00bb (Star knowledge)"},"content":{"rendered":"\n<div class=\"twitter-share\"><a href=\"https:\/\/twitter.com\/intent\/tweet?via=mknrcm\" class=\"twitter-share-button\">Tweet<\/a><\/div>\n\n<p><em>Paris, Ontario; 11-15 avril 2019<\/em><\/p>\n\n\n\n<p><em>Rapport de Robert Cockcroft (Western Science, Physics &amp; Astronomy)<\/em><\/p>\n\n\n\n<p>Traduction libre. Pour le texte original en anglais, voir <a href=\"http:\/\/mkn-rcm.ca\/indigenous-knowledge-youth-gathering-revitalizing-star-knowledge-recap\/\">http:\/\/mkn-rcm.ca\/indigenous-knowledge-youth-gathering-revitalizing-star-knowledge-recap\/<\/a><\/p>\n\n\n\n<h2><strong>\u2b50\ud83c\udf1f C\u2019EST DANS LES \u00c9TOILES \ud83c\udf1f\u2b50<\/strong><\/h2>\n\n\n<div class=\"wp-block-image\">\n<figure class=\"alignleft\"><a href=\"http:\/\/www.mkn-rcm.ca\/french\/wp-content\/uploads\/2019\/06\/IK4.jpg\"><img loading=\"lazy\" width=\"212\" height=\"300\" src=\"http:\/\/www.mkn-rcm.ca\/french\/wp-content\/uploads\/2019\/06\/IK4-212x300.jpg\" alt=\"\" class=\"wp-image-2926\" srcset=\"http:\/\/www.mkn-rcm.ca\/french\/wp-content\/uploads\/2019\/06\/IK4-212x300.jpg 212w, http:\/\/www.mkn-rcm.ca\/french\/wp-content\/uploads\/2019\/06\/IK4-768x1086.jpg 768w, http:\/\/www.mkn-rcm.ca\/french\/wp-content\/uploads\/2019\/06\/IK4-724x1024.jpg 724w, http:\/\/www.mkn-rcm.ca\/french\/wp-content\/uploads\/2019\/06\/IK4.jpg 1131w\" sizes=\"(max-width: 212px) 85vw, 212px\" \/><\/a><figcaption>Affiche de FNMIEAO poster pour les \u00e9v\u00e8nements d&#8217;avril 2019.<\/figcaption><\/figure><\/div>\n\n\n<p>Amour, soutien et gratitude. Ce sont les sentiments avec lesquels j\u2019ai \u00e9t\u00e9 accueilli et dans le cadre desquels nous, en tant qu\u2019\u00e9tudiants et \u00e9ducateurs avons travaill\u00e9 \u00e0 l\u2019\u00e9v\u00e9nement \u00ab Indigenous Knowledge &amp; Youth Gathering \u2013 Revitalizing Star Knowledge \u00bb. J&#8217;\u00e9tais l\u2019un des rares non-Autochtones pr\u00e9sents<\/p>\n\n\n\n<p>Ces \u00e9motions ne sont pas une partie \u00e9trang\u00e8re de ma vie, mais il est inhabituel de les inclure dans mon travail universitaire en tant que physicien. Leur inclusion \u00e0 ce rassemblement ne s\u2019est pas faite au d\u00e9triment de la rigueur acad\u00e9mique ; les deux ont \u00e9t\u00e9 int\u00e9gr\u00e9s pour cr\u00e9er l\u2019un des environnements d\u2019apprentissage les plus s\u00fbrs, les plus positifs et les plus favorables que j\u2019ai jamais connus \u2013 et cela \u00e9tait clairement visible dans le d\u00e9veloppement des \u00e9tudiants et la profondeur et l\u2019ampleur de leur travail et les relations qu\u2019ils ont nou\u00e9es au cours des quelques jours qu\u2019ils ont pass\u00e9s ensemble \u00e0 Paris.<\/p>\n\n\n\n<p>L\u2019\u00e9v\u00e8nement comprenait un horaire charg\u00e9 ; pour les trois premiers jours avec les \u00e9l\u00e8ves, de 6h30 \u00e0 21h30, et les quatri\u00e8me et cinqui\u00e8me jours avec uniquement les \u00e9ducateurs, de 9h00 \u00e0 17h00. J\u2019avais pens\u00e9 que les \u00e9l\u00e8ves auraient \u00e9t\u00e9 peut-\u00eatre trop \u00e9puis\u00e9s pour s\u2019engager \u2013 mais au contraire : ils \u00e9taient \u00e9nergiques et ont m\u00eame trouv\u00e9 des r\u00e9serves pour rester \u00e9veill\u00e9s tard le soir, m\u00eame s\u2019ils devaient se lever t\u00f4t le matin. Lorsque les \u00e9l\u00e8ves veulent apprendre et qu\u2019ils sont profond\u00e9ment soutenus pour le faire, ils sont capables de tant de choses !<\/p>\n\n\n\n<p>Jodie Williams, copr\u00e9sidente de la First Nations, M\u00e9tis and Inuit Education Association of Ontario et organisatrice du rassemblement, \u00e9tait aussi infatigable que les \u00e9l\u00e8ves. Il \u00e9tait \u00e9vident que beaucoup de travail avait \u00e9t\u00e9 fait avant le d\u00e9but de cet \u00e9v\u00e8nement : Jodie a coordonn\u00e9 les horaires de chacun pour rassembler un groupe diversifi\u00e9 de personnes, puis a cr\u00e9\u00e9 des espaces pour que l\u2019apprentissage se produise tout au long des cinq jours \u2013 y compris l\u2019organisation d\u2019une activit\u00e9 avec un plan\u00e9tarium portable. (Personnellement, je sais \u00e0 quel point c\u2019est difficile d\u2019organiser un atelier de deux jours.) Les \u00e9l\u00e8ves, les \u00e9ducateurs et les a\u00een\u00e9s ont partag\u00e9 tous les repas ensemble tout au long de l\u2019\u00e9v\u00e8nement. De nouveaux liens se sont form\u00e9s et ceux qui existaient ont \u00e9t\u00e9 renforc\u00e9s entre tous ceux qui \u00e9taient pr\u00e9sents au fur et \u00e0 mesure que nous apprenions et exp\u00e9rimentions diff\u00e9rents sujets. Voici quelques-uns des faits saillants :<\/p>\n\n\n\n<ul><li><em><strong><strong><em>Collaboration Navajo et NASA, partag\u00e9e par Dana Desiderio et Daniella Scalice<\/em><\/strong>.<\/strong><\/em><br>Un aper\u00e7u des programmes collaboratifs d\u2019\u00e9ducation et de sensibilisation des 15 ans et plus avec une d\u00e9monstration approfondie d\u2019une activit\u00e9 de cartes interactive de deux heures tissant ensemble la science, la culture et la langue Navajo.<\/li><\/ul>\n\n\n\n<ul><li><em><strong><strong><em>Technologies et conception autochtones, partag\u00e9es par Juan Carlos Chavez<\/em><\/strong><\/strong><\/em>.<br>Les \u00e9l\u00e8ves ont explor\u00e9 comment utiliser des robots programmables dans le contexte des casiers \u00e0 p\u00eache, et nous avons appris l\u2019existence d\u2019une ascension en ballon atmosph\u00e9rique con\u00e7ue, lanc\u00e9e et captur\u00e9e sur vid\u00e9o par des \u00e9tudiants autochtones pendant l\u2019\u00e9clipse totale de 2017.<\/li><\/ul>\n\n\n\n<ul><li><strong><em>Arts et \u00e9ducation maoris, partag\u00e9s par Te Kahuratai Painting, Mitchell Hughes et Hohepa Hei<\/em><\/strong><br>Une introduction incroyablement inspirante au syst\u00e8me scolaire maori, \u00e0 la culture, \u00e0 l\u2019art et \u00e0 la science \u2013 en particulier l\u2019astronomie maorie, y compris la navigation c\u00e9leste, les phases lunaires, les constellations et les piliers m\u00e9ridiens, et les syst\u00e8mes calendaires.<\/li><\/ul>\n\n\n\n<p>Le rassemblement a commenc\u00e9 et s\u2019est termin\u00e9 par des cercles de partage, guid\u00e9s par les a\u00een\u00e9s Isaac Day et Deborah Aaron \u2013 qui nous ont \u00e9galement accueillis et ont partag\u00e9 avec nous tous les matins lors des c\u00e9r\u00e9monies du lever du soleil.<\/p>\n\n\n\n<p>Je suis reconnaissant et motiv\u00e9. Je suis touch\u00e9 par tout ce que j\u2019ai appris en seulement cinq jours et par tout ce qu\u2019il me reste \u00e0 apprendre. Je suis reconnaissant d\u2019avoir \u00e9t\u00e9 inclus dans toutes les activit\u00e9s \u2013 malgr\u00e9 que je ne sois pas un autochtone &nbsp;&#8211; et dans un exemple de ce \u00e0 quoi l\u2019\u00e9ducation peut ressembler dans un cadre \u00ab&nbsp;d\u00e9colonis\u00e9&nbsp;\u00bb. Et je suis motiv\u00e9 \u2013 \u00e0 continuer de travailler en collaboration avec les peuples autochtones sur l\u2019astronomie autochtone et la r\u00e9conciliation.<\/p>\n\n\n\n<p><em><em>Robert Cockcroft est professeur adjoint au D\u00e9partement de physique et d\u2019astronomie de l\u2019Universit\u00e9 Western, situ\u00e9e sur les territoires traditionnels des Anishinaabe, des Haudenosaunee, des Leni-Lunaape et des Attawandaron. Il travaille actuellement avec des \u00e9tudiants autochtones en tant que partenaires, coll\u00e8gues et alli\u00e9s pour la r\u00e9conciliation et la d\u00e9colonisation, et pour accro\u00eetre le contenu et la repr\u00e9sentation autochtones. Avec Sasha Doxtator et Brianne Derrah, il participe \u00e0 la cr\u00e9ation d\u2019un nouveau cours d\u2019astronomie autochtone et d\u2019un programme de sensibilisation.<\/em><\/em><\/p>\n","protected":false},"excerpt":{"rendered":"<p>Paris, Ontario; 11-15 avril 2019 Rapport de Robert Cockcroft (Western Science, Physics &amp; Astronomy) Traduction libre. Pour le texte original en anglais, voir http:\/\/mkn-rcm.ca\/indigenous-knowledge-youth-gathering-revitalizing-star-knowledge-recap\/ \u2b50\ud83c\udf1f C\u2019EST DANS LES \u00c9TOILES \ud83c\udf1f\u2b50 Amour, soutien et gratitude. Ce sont les sentiments avec lesquels j\u2019ai \u00e9t\u00e9 accueilli et dans le cadre desquels nous, en tant qu\u2019\u00e9tudiants et \u00e9ducateurs avons &hellip; <a href=\"http:\/\/www.mkn-rcm.ca\/french\/indigenous-knowledge-youth-gathering-revitalizing-star-knowledge-recap\/\" class=\"more-link\">Continue reading<span class=\"screen-reader-text\"> &#8220;Savoir autochtone et assembl\u00e9e des jeunes &#8211; Revitaliser la \u00ab\u00a0connaissance des \u00e9toiles\u00a0\u00bb (Star knowledge)&#8221;<\/span><\/a><\/p>\n","protected":false},"author":272,"featured_media":0,"parent":0,"menu_order":0,"comment_status":"closed","ping_status":"closed","template":"","meta":[],"_links":{"self":[{"href":"http:\/\/www.mkn-rcm.ca\/french\/wp-json\/wp\/v2\/pages\/2925"}],"collection":[{"href":"http:\/\/www.mkn-rcm.ca\/french\/wp-json\/wp\/v2\/pages"}],"about":[{"href":"http:\/\/www.mkn-rcm.ca\/french\/wp-json\/wp\/v2\/types\/page"}],"author":[{"embeddable":true,"href":"http:\/\/www.mkn-rcm.ca\/french\/wp-json\/wp\/v2\/users\/272"}],"replies":[{"embeddable":true,"href":"http:\/\/www.mkn-rcm.ca\/french\/wp-json\/wp\/v2\/comments?post=2925"}],"version-history":[{"count":8,"href":"http:\/\/www.mkn-rcm.ca\/french\/wp-json\/wp\/v2\/pages\/2925\/revisions"}],"predecessor-version":[{"id":6257,"href":"http:\/\/www.mkn-rcm.ca\/french\/wp-json\/wp\/v2\/pages\/2925\/revisions\/6257"}],"wp:attachment":[{"href":"http:\/\/www.mkn-rcm.ca\/french\/wp-json\/wp\/v2\/media?parent=2925"}],"curies":[{"name":"wp","href":"https:\/\/api.w.org\/{rel}","templated":true}]}}