{"id":2929,"date":"2019-06-13T12:04:19","date_gmt":"2019-06-13T16:04:19","guid":{"rendered":"http:\/\/mkn-rcm.ca\/?page_id=2929"},"modified":"2023-02-21T17:42:27","modified_gmt":"2023-02-21T22:42:27","slug":"guidelines-to-engaging-with-indigenous-knowledge","status":"publish","type":"page","link":"http:\/\/www.mkn-rcm.ca\/french\/guidelines-to-engaging-with-indigenous-knowledge\/","title":{"rendered":"Lignes directrices pour s&#8217;engager avec le savoir autochtone"},"content":{"rendered":"\n<div class=\"twitter-share\"><a href=\"https:\/\/twitter.com\/intent\/tweet?via=mknrcm\" class=\"twitter-share-button\">Tweet<\/a><\/div>\n<p><span style=\"font-size: revert;\">Lignes directrices \u00e0 prendre en consid\u00e9ration avant de s\u2019engager dans le savoir autochtone, pr\u00e9par\u00e9es par la First Nations, M\u00e9tis and Inuit Education Association of Ontario.<\/span><\/p>\n<p><a href=\"http:\/\/www.mkn-rcm.ca\/french\/wp-content\/uploads\/2019\/06\/IK-guidelines.jpg\"><img loading=\"lazy\" class=\"size-full wp-image-2931 aligncenter\" src=\"http:\/\/www.mkn-rcm.ca\/french\/wp-content\/uploads\/2019\/06\/IK-guidelines.jpg\" alt=\"\" width=\"3308\" height=\"4678\" srcset=\"http:\/\/www.mkn-rcm.ca\/french\/wp-content\/uploads\/2019\/06\/IK-guidelines.jpg 3308w, http:\/\/www.mkn-rcm.ca\/french\/wp-content\/uploads\/2019\/06\/IK-guidelines-212x300.jpg 212w, http:\/\/www.mkn-rcm.ca\/french\/wp-content\/uploads\/2019\/06\/IK-guidelines-768x1086.jpg 768w, http:\/\/www.mkn-rcm.ca\/french\/wp-content\/uploads\/2019\/06\/IK-guidelines-724x1024.jpg 724w, http:\/\/www.mkn-rcm.ca\/french\/wp-content\/uploads\/2019\/06\/IK-guidelines-1200x1697.jpg 1200w\" sizes=\"(max-width: 709px) 85vw, (max-width: 909px) 67vw, (max-width: 1362px) 62vw, 840px\" \/><\/a><\/p>\n","protected":false},"excerpt":{"rendered":"<p>Lignes directrices \u00e0 prendre en consid\u00e9ration avant de s\u2019engager dans le savoir autochtone, pr\u00e9par\u00e9es par la First Nations, M\u00e9tis and Inuit Education Association of Ontario.<\/p>\n","protected":false},"author":272,"featured_media":0,"parent":0,"menu_order":0,"comment_status":"closed","ping_status":"closed","template":"","meta":[],"_links":{"self":[{"href":"http:\/\/www.mkn-rcm.ca\/french\/wp-json\/wp\/v2\/pages\/2929"}],"collection":[{"href":"http:\/\/www.mkn-rcm.ca\/french\/wp-json\/wp\/v2\/pages"}],"about":[{"href":"http:\/\/www.mkn-rcm.ca\/french\/wp-json\/wp\/v2\/types\/page"}],"author":[{"embeddable":true,"href":"http:\/\/www.mkn-rcm.ca\/french\/wp-json\/wp\/v2\/users\/272"}],"replies":[{"embeddable":true,"href":"http:\/\/www.mkn-rcm.ca\/french\/wp-json\/wp\/v2\/comments?post=2929"}],"version-history":[{"count":4,"href":"http:\/\/www.mkn-rcm.ca\/french\/wp-json\/wp\/v2\/pages\/2929\/revisions"}],"predecessor-version":[{"id":6313,"href":"http:\/\/www.mkn-rcm.ca\/french\/wp-json\/wp\/v2\/pages\/2929\/revisions\/6313"}],"wp:attachment":[{"href":"http:\/\/www.mkn-rcm.ca\/french\/wp-json\/wp\/v2\/media?parent=2929"}],"curies":[{"name":"wp","href":"https:\/\/api.w.org\/{rel}","templated":true}]}}