{"id":2947,"date":"2019-06-13T12:03:58","date_gmt":"2019-06-13T16:03:58","guid":{"rendered":"http:\/\/mkn-rcm.ca\/?page_id=2947"},"modified":"2023-02-21T18:46:36","modified_gmt":"2023-02-21T23:46:36","slug":"critical-transitions-maximizing-early-math-learning-conference-august-2019","status":"publish","type":"page","link":"http:\/\/www.mkn-rcm.ca\/french\/critical-transitions-maximizing-early-math-learning-conference-august-2019\/","title":{"rendered":"Conf\u00e9rence \u00ab\u00a0Maximizing Early Math Learning\u00a0\u00bb (Maximiser l&#8217;apprentissage pr\u00e9coce des math\u00e9matiques) , ao\u00fbt 2019"},"content":{"rendered":"\n<div class=\"twitter-share\"><a href=\"https:\/\/twitter.com\/intent\/tweet?via=mknrcm\" class=\"twitter-share-button\">Tweet<\/a><\/div>\n<p><a href=\"http:\/\/www.mkn-rcm.ca\/french\/wp-content\/uploads\/2019\/06\/Early-Math-Conference_Aug2019.jpg\"><img loading=\"lazy\" class=\"size-large wp-image-2949 aligncenter\" src=\"http:\/\/www.mkn-rcm.ca\/french\/wp-content\/uploads\/2019\/06\/Early-Math-Conference_Aug2019-791x1024.jpg\" alt=\"\" width=\"791\" height=\"1024\" srcset=\"http:\/\/www.mkn-rcm.ca\/french\/wp-content\/uploads\/2019\/06\/Early-Math-Conference_Aug2019-791x1024.jpg 791w, http:\/\/www.mkn-rcm.ca\/french\/wp-content\/uploads\/2019\/06\/Early-Math-Conference_Aug2019-232x300.jpg 232w, http:\/\/www.mkn-rcm.ca\/french\/wp-content\/uploads\/2019\/06\/Early-Math-Conference_Aug2019-768x994.jpg 768w, http:\/\/www.mkn-rcm.ca\/french\/wp-content\/uploads\/2019\/06\/Early-Math-Conference_Aug2019-1200x1553.jpg 1200w, http:\/\/www.mkn-rcm.ca\/french\/wp-content\/uploads\/2019\/06\/Early-Math-Conference_Aug2019.jpg 1700w\" sizes=\"(max-width: 791px) 85vw, 791px\" \/><\/a><\/p>\n","protected":false},"excerpt":{"rendered":"","protected":false},"author":272,"featured_media":0,"parent":0,"menu_order":0,"comment_status":"closed","ping_status":"closed","template":"","meta":[],"_links":{"self":[{"href":"http:\/\/www.mkn-rcm.ca\/french\/wp-json\/wp\/v2\/pages\/2947"}],"collection":[{"href":"http:\/\/www.mkn-rcm.ca\/french\/wp-json\/wp\/v2\/pages"}],"about":[{"href":"http:\/\/www.mkn-rcm.ca\/french\/wp-json\/wp\/v2\/types\/page"}],"author":[{"embeddable":true,"href":"http:\/\/www.mkn-rcm.ca\/french\/wp-json\/wp\/v2\/users\/272"}],"replies":[{"embeddable":true,"href":"http:\/\/www.mkn-rcm.ca\/french\/wp-json\/wp\/v2\/comments?post=2947"}],"version-history":[{"count":4,"href":"http:\/\/www.mkn-rcm.ca\/french\/wp-json\/wp\/v2\/pages\/2947\/revisions"}],"predecessor-version":[{"id":6325,"href":"http:\/\/www.mkn-rcm.ca\/french\/wp-json\/wp\/v2\/pages\/2947\/revisions\/6325"}],"wp:attachment":[{"href":"http:\/\/www.mkn-rcm.ca\/french\/wp-json\/wp\/v2\/media?parent=2947"}],"curies":[{"name":"wp","href":"https:\/\/api.w.org\/{rel}","templated":true}]}}