{"id":2951,"date":"2019-06-13T12:03:49","date_gmt":"2019-06-13T16:03:49","guid":{"rendered":"http:\/\/mkn-rcm.ca\/?page_id=2951"},"modified":"2023-02-21T19:35:32","modified_gmt":"2023-02-22T00:35:32","slug":"critical-transitions-math-9-12-grade-11-teachers-workshop-in-ottawa-august-2019","status":"publish","type":"page","link":"http:\/\/www.mkn-rcm.ca\/french\/critical-transitions-math-9-12-grade-11-teachers-workshop-in-ottawa-august-2019\/","title":{"rendered":"Atelier de travail pour les enseignants de 11e ann\u00e9e \u00e0 Ottawa, en ao\u00fbt 2019"},"content":{"rendered":"\n<div class=\"twitter-share\"><a href=\"https:\/\/twitter.com\/intent\/tweet?via=mknrcm\" class=\"twitter-share-button\">Tweet<\/a><\/div>\n\n<p><\/p>\n\n\n<p><em>Mise \u00e0 jour fournie par <\/em><em>Peter Taylor, <\/em><em>Universit\u00e9 Queen\u2019s<\/em><\/p>\n<p>Le groupe de travail sur le programme d\u2019\u00e9tudes en math\u00e9matiques de 9 \u00e0 12 ans bat son plein \u00e0 l\u2019Universit\u00e9 Queen\u2019s.<\/p>\n<figure id=\"attachment_2952\" aria-describedby=\"caption-attachment-2952\" style=\"width: 317px\" class=\"wp-caption alignright\"><a href=\"http:\/\/www.mkn-rcm.ca\/french\/wp-content\/uploads\/2019\/06\/MKN-Math9-12GroupPhoto.jpg\"><img loading=\"lazy\" class=\"wp-image-2952\" src=\"http:\/\/www.mkn-rcm.ca\/french\/wp-content\/uploads\/2019\/06\/MKN-Math9-12GroupPhoto-731x1024.jpg\" alt=\"\" width=\"317\" height=\"444\" srcset=\"http:\/\/www.mkn-rcm.ca\/french\/wp-content\/uploads\/2019\/06\/MKN-Math9-12GroupPhoto-731x1024.jpg 731w, http:\/\/www.mkn-rcm.ca\/french\/wp-content\/uploads\/2019\/06\/MKN-Math9-12GroupPhoto-214x300.jpg 214w, http:\/\/www.mkn-rcm.ca\/french\/wp-content\/uploads\/2019\/06\/MKN-Math9-12GroupPhoto-768x1075.jpg 768w, http:\/\/www.mkn-rcm.ca\/french\/wp-content\/uploads\/2019\/06\/MKN-Math9-12GroupPhoto-1200x1680.jpg 1200w\" sizes=\"(max-width: 317px) 85vw, 317px\" \/><\/a><figcaption id=\"caption-attachment-2952\" class=\"wp-caption-text\">Le groupe de travail sur le programme d\u2019\u00e9tudes en math\u00e9matiques 9<sup>e<\/sup> \u00e0 12<sup>e<\/sup> ann\u00e9e \u00e0 l\u2019Universit\u00e9 Queen\u2019s, avec Peter Taylor (\u00e0 l\u2019extr\u00eame gauche)..<\/figcaption><\/figure>\n<p>Nous pr\u00e9parons un programme d\u2019\u00e9tudes de 11<sup>e<\/sup> ann\u00e9e que nous pr\u00e9voyons implanter dans certaines classes en septembre.\u00a0\u00a0Une version pr\u00e9liminaire sera disponible \u00e0 la fin du mois de juin.\u00a0\u00a0Nous en avons parl\u00e9 lors d\u2019un atelier pour les enseignants de math\u00e9matiques et d\u2019informatique \u00e0 l\u2019Universit\u00e9 de Toronto \u00e0 Mississauga (1<sup>er<\/sup> mai 2019) et \u00e0 OAME \u00e0 Ottawa (17 mai 2019). Comme point de d\u00e9part de l\u2019ann\u00e9e scolaire, nous tiendrons un atelier pour les enseignants de 11<sup>e<\/sup> ann\u00e9e \u00e0 Ottawa (les 27 et 28 ao\u00fbt). Le financement provient du Fields Institute et de la Soci\u00e9t\u00e9 math\u00e9matique du Canada. Les organisateurs sont Peter Taylor (Queen\u2019s), Chris Suurtamm (UOttawa), Ann Arden (OCDSB) et Nick Nielsen (TDSB).<\/p>\n<p><a href=\"http:\/\/www.fields.utoronto.ca\/activities\/19-20\/Math-11-12\">Information et inscription<\/a>, et passez le mot \u00e0 tous ceux qui pourraient \u00eatre int\u00e9ress\u00e9s!<\/p>","protected":false},"excerpt":{"rendered":"<p>Mise \u00e0 jour fournie par Peter Taylor, Universit\u00e9 Queen\u2019s Le groupe de travail sur le programme d\u2019\u00e9tudes en math\u00e9matiques de 9 \u00e0 12 ans bat son plein \u00e0 l\u2019Universit\u00e9 Queen\u2019s. Nous pr\u00e9parons un programme d\u2019\u00e9tudes de 11e ann\u00e9e que nous pr\u00e9voyons implanter dans certaines classes en septembre.\u00a0\u00a0Une version pr\u00e9liminaire sera disponible \u00e0 la fin du &hellip; <a href=\"http:\/\/www.mkn-rcm.ca\/french\/critical-transitions-math-9-12-grade-11-teachers-workshop-in-ottawa-august-2019\/\" class=\"more-link\">Continue reading<span class=\"screen-reader-text\"> &#8220;Atelier de travail pour les enseignants de 11e ann\u00e9e \u00e0 Ottawa, en ao\u00fbt 2019&#8221;<\/span><\/a><\/p>\n","protected":false},"author":272,"featured_media":0,"parent":0,"menu_order":0,"comment_status":"closed","ping_status":"closed","template":"","meta":[],"_links":{"self":[{"href":"http:\/\/www.mkn-rcm.ca\/french\/wp-json\/wp\/v2\/pages\/2951"}],"collection":[{"href":"http:\/\/www.mkn-rcm.ca\/french\/wp-json\/wp\/v2\/pages"}],"about":[{"href":"http:\/\/www.mkn-rcm.ca\/french\/wp-json\/wp\/v2\/types\/page"}],"author":[{"embeddable":true,"href":"http:\/\/www.mkn-rcm.ca\/french\/wp-json\/wp\/v2\/users\/272"}],"replies":[{"embeddable":true,"href":"http:\/\/www.mkn-rcm.ca\/french\/wp-json\/wp\/v2\/comments?post=2951"}],"version-history":[{"count":12,"href":"http:\/\/www.mkn-rcm.ca\/french\/wp-json\/wp\/v2\/pages\/2951\/revisions"}],"predecessor-version":[{"id":6333,"href":"http:\/\/www.mkn-rcm.ca\/french\/wp-json\/wp\/v2\/pages\/2951\/revisions\/6333"}],"wp:attachment":[{"href":"http:\/\/www.mkn-rcm.ca\/french\/wp-json\/wp\/v2\/media?parent=2951"}],"curies":[{"name":"wp","href":"https:\/\/api.w.org\/{rel}","templated":true}]}}