{"id":3322,"date":"2020-04-05T11:23:07","date_gmt":"2020-04-05T15:23:07","guid":{"rendered":"http:\/\/mkn-rcm.ca\/?page_id=3322"},"modified":"2023-03-04T22:22:11","modified_gmt":"2023-03-05T03:22:11","slug":"helping-teachers-and-students-learn-online","status":"publish","type":"page","link":"http:\/\/www.mkn-rcm.ca\/french\/helping-teachers-and-students-learn-online\/","title":{"rendered":"Aider les enseignants et les \u00e9l\u00e8ves \u00e0 apprendre en ligne"},"content":{"rendered":"\n<div class=\"twitter-share\"><a href=\"https:\/\/twitter.com\/intent\/tweet?via=mknrcm\" class=\"twitter-share-button\">Tweet<\/a><\/div>\n<p><strong>Soutenir les enseignants, les parents et les \u00e9l\u00e8ves avec l\u2019apprentissage en ligne pendant l\u2019incertitude li\u00e9e \u00e0 la COVID-19<\/strong><\/p>\n<p><em>Un partenariat entre le STEAM-3D Maker Lab et le MKN-RCM<a href=\"http:\/\/www.mkn-rcm.ca\/french\/wp-content\/uploads\/2020\/04\/Screen-Shot-2020-04-17-at-7.55.31-AM.png\"><img loading=\"lazy\" class=\"alignnone size-full wp-image-3382\" src=\"http:\/\/www.mkn-rcm.ca\/french\/wp-content\/uploads\/2020\/04\/Screen-Shot-2020-04-17-at-7.55.31-AM.png\" alt=\"\" width=\"1498\" height=\"178\" srcset=\"http:\/\/www.mkn-rcm.ca\/french\/wp-content\/uploads\/2020\/04\/Screen-Shot-2020-04-17-at-7.55.31-AM.png 1498w, http:\/\/www.mkn-rcm.ca\/french\/wp-content\/uploads\/2020\/04\/Screen-Shot-2020-04-17-at-7.55.31-AM-300x36.png 300w, http:\/\/www.mkn-rcm.ca\/french\/wp-content\/uploads\/2020\/04\/Screen-Shot-2020-04-17-at-7.55.31-AM-768x91.png 768w, http:\/\/www.mkn-rcm.ca\/french\/wp-content\/uploads\/2020\/04\/Screen-Shot-2020-04-17-at-7.55.31-AM-1024x122.png 1024w, http:\/\/www.mkn-rcm.ca\/french\/wp-content\/uploads\/2020\/04\/Screen-Shot-2020-04-17-at-7.55.31-AM-1200x143.png 1200w\" sizes=\"(max-width: 709px) 85vw, (max-width: 909px) 67vw, (max-width: 1362px) 62vw, 840px\" \/><\/a><\/em>Les \u00e9l\u00e8ves de tout l\u2019Ontario n\u2019iront pas \u00e0 l\u2019\u00e9cole au moins jusqu\u2019au 11 mai, mais ils doivent continuer \u00e0 apprendre. \u00c9tant donn\u00e9 que les directives d\u2019apprentissage en ligne et l\u2019acc\u00e8s \u00e0 la technologie informatique et aux ressources \u00e9ducatives sur le Web sont uniques \u00e0 chaque district scolaire, Janette Hughes et son laboratoire STEAM-3D Maker d\u00e9veloppent des s\u00e9ances d\u2019enseignement et d\u2019apprentissage sur mesure pour soutenir les enseignants, les parents et les \u00e9l\u00e8ves dans cette transition vers l\u2019apprentissage en ligne.<\/p>\n<p>Tout d\u2019abord, l\u2019\u00e9quipe de Dre Hughes a commenc\u00e9 \u00e0 \u00e9laborer une vari\u00e9t\u00e9 de s\u00e9ances synchrones de perfectionnement professionnel des enseignants avec la plateforme de vid\u00e9oconf\u00e9rence Google Meet. Les trois premi\u00e8res sessions (\u00ab\u00a0Cr\u00e9ation en ligne\u00a0\u00bb, \u00ab\u00a0Conseils et strat\u00e9gies d\u2019enseignement de l\u2019apprentissage en ligne pour la 7<sup>e<\/sup> \u00e0 la 12<sup>e<\/sup> ann\u00e9e\u00a0\u00bb, \u00ab\u00a0Conseils et strat\u00e9gies d\u2019enseignement de l\u2019apprentissage en ligne pour les \u00e9l\u00e8ves de la maternelle \u00e0 la 6<sup>e<\/sup> ann\u00e9e\u00a0\u00bb) ont atteint leur capacit\u00e9 maximale en moins de 24 heures, ce qui indique un besoin pour ce type d\u2019apprentissage professionnel. Cependant, la demande est sup\u00e9rieure \u00e0 la capacit\u00e9 d\u2019y r\u00e9pondre, et le mod\u00e8le actuel n\u2019est pas viable.<\/p>\n<p>Le STEAM-3D Maker Lab a \u00e9galement commenc\u00e9 \u00e0 offrir des sessions hebdomadaires gratuites (synchrones ou asynchrones, selon les directives du conseil) pour les enseignants et leurs classes. Ces s\u00e9ances seront \u00e9labor\u00e9es conjointement avec les enseignants afin d\u2019offrir des activit\u00e9s d\u2019apprentissage engageantes, interdisciplinaires et pratiques. La premi\u00e8re session, anim\u00e9e le 16 avril (&#8216;Math and Making with TinkerCAD&#8217;) pour deux classes juniors et leurs enseignants, a re\u00e7u des commentaires positifs en ce qui concerne l\u2019impact social et \u00e9ducatif de la session.<\/p>\n<p>Enfin, la Dre Hughes et son \u00e9quipe produiront de courtes vid\u00e9os \u00e9ducatives sur l\u2019utilisation de divers outils et ressources num\u00e9riques. Con\u00e7ue pour aider les enseignants et les parents, chaque vid\u00e9o comprendra une br\u00e8ve introduction \u00e0 l\u2019outil, ainsi que des id\u00e9es pour l\u2019int\u00e9gration avec les math\u00e9matiques et d\u2019autres mati\u00e8res du programme.<\/p>\n<p>Pour plus de d\u00e9tails et pour r\u00e9server, veuillez consulter <a href=\"http:\/\/janettehughes.ca\/lab\/programs\/professional-learning\/virtual-pln\/\">http:\/\/janettehughes.ca\/lab\/programs\/professional-learning\/virtual-pln\/<\/a><\/p>\n","protected":false},"excerpt":{"rendered":"<p>Soutenir les enseignants, les parents et les \u00e9l\u00e8ves avec l\u2019apprentissage en ligne pendant l\u2019incertitude li\u00e9e \u00e0 la COVID-19 Un partenariat entre le STEAM-3D Maker Lab et le MKN-RCMLes \u00e9l\u00e8ves de tout l\u2019Ontario n\u2019iront pas \u00e0 l\u2019\u00e9cole au moins jusqu\u2019au 11 mai, mais ils doivent continuer \u00e0 apprendre. \u00c9tant donn\u00e9 que les directives d\u2019apprentissage en ligne &hellip; <a href=\"http:\/\/www.mkn-rcm.ca\/french\/helping-teachers-and-students-learn-online\/\" class=\"more-link\">Continue reading<span class=\"screen-reader-text\"> &#8220;Aider les enseignants et les \u00e9l\u00e8ves \u00e0 apprendre en ligne&#8221;<\/span><\/a><\/p>\n","protected":false},"author":1,"featured_media":0,"parent":0,"menu_order":0,"comment_status":"closed","ping_status":"closed","template":"","meta":[],"_links":{"self":[{"href":"http:\/\/www.mkn-rcm.ca\/french\/wp-json\/wp\/v2\/pages\/3322"}],"collection":[{"href":"http:\/\/www.mkn-rcm.ca\/french\/wp-json\/wp\/v2\/pages"}],"about":[{"href":"http:\/\/www.mkn-rcm.ca\/french\/wp-json\/wp\/v2\/types\/page"}],"author":[{"embeddable":true,"href":"http:\/\/www.mkn-rcm.ca\/french\/wp-json\/wp\/v2\/users\/1"}],"replies":[{"embeddable":true,"href":"http:\/\/www.mkn-rcm.ca\/french\/wp-json\/wp\/v2\/comments?post=3322"}],"version-history":[{"count":9,"href":"http:\/\/www.mkn-rcm.ca\/french\/wp-json\/wp\/v2\/pages\/3322\/revisions"}],"predecessor-version":[{"id":6468,"href":"http:\/\/www.mkn-rcm.ca\/french\/wp-json\/wp\/v2\/pages\/3322\/revisions\/6468"}],"wp:attachment":[{"href":"http:\/\/www.mkn-rcm.ca\/french\/wp-json\/wp\/v2\/media?parent=3322"}],"curies":[{"name":"wp","href":"https:\/\/api.w.org\/{rel}","templated":true}]}}