{"id":3408,"date":"2020-04-18T13:04:24","date_gmt":"2020-04-18T17:04:24","guid":{"rendered":"http:\/\/mkn-rcm.ca\/?page_id=3408"},"modified":"2022-11-02T21:45:29","modified_gmt":"2022-11-03T01:45:29","slug":"financial-literacy-lesson-plans","status":"publish","type":"page","link":"http:\/\/www.mkn-rcm.ca\/french\/financial-literacy-lesson-plans\/","title":{"rendered":"*Plans de le\u00e7ons en litt\u00e9ratie financi\u00e8re"},"content":{"rendered":"\n<div class=\"twitter-share\"><a href=\"https:\/\/twitter.com\/intent\/tweet?via=mknrcm\" class=\"twitter-share-button\">Tweet<\/a><\/div>\n<p>See below for financial literacy lesson plans for Grades 6-8 related to living in the time of Covid-19!<\/p>\n<p>Developed by Tanya Demjanenko (TDSB) and Dragana Martinovic (U. Windsor)<\/p>\n<p><a href=\"http:\/\/www.mkn-rcm.ca\/french\/wp-content\/uploads\/2020\/04\/Nutrition-in-a-Pandemic-L1.docx\">Lesson 1:&nbsp;Nutrition in a Pandemic<\/a><\/p>\n<p><a href=\"http:\/\/www.mkn-rcm.ca\/french\/wp-content\/uploads\/2020\/04\/Storage-Space-in-a-Pandemic-L2.docx\">Lesson 2:&nbsp;Storage Space in a Pandemic<\/a><\/p>\n<p><a href=\"http:\/\/www.mkn-rcm.ca\/french\/wp-content\/uploads\/2020\/04\/Cooking-vs-Ordering-Food-in-a-Pandemic-L3.docx\">Lesson 3:&nbsp;Cooking vs. Ordering Food in a Pandemic<\/a><\/p>\n<p><a href=\"http:\/\/www.mkn-rcm.ca\/french\/wp-content\/uploads\/2020\/04\/Savings-in-a-Pandemic-L4.docx\">Lesson 4:&nbsp;Savings in a Pandemic<\/a><\/p>\n<p>&nbsp;<\/p>\n","protected":false},"excerpt":{"rendered":"<p>See below for financial literacy lesson plans for Grades 6-8 related to living in the time of Covid-19! Developed by Tanya Demjanenko (TDSB) and Dragana Martinovic (U. Windsor) Lesson 1:&nbsp;Nutrition in a Pandemic Lesson 2:&nbsp;Storage Space in a Pandemic Lesson 3:&nbsp;Cooking vs. Ordering Food in a Pandemic Lesson 4:&nbsp;Savings in a Pandemic &nbsp;<\/p>\n","protected":false},"author":272,"featured_media":0,"parent":0,"menu_order":0,"comment_status":"closed","ping_status":"closed","template":"","meta":[],"_links":{"self":[{"href":"http:\/\/www.mkn-rcm.ca\/french\/wp-json\/wp\/v2\/pages\/3408"}],"collection":[{"href":"http:\/\/www.mkn-rcm.ca\/french\/wp-json\/wp\/v2\/pages"}],"about":[{"href":"http:\/\/www.mkn-rcm.ca\/french\/wp-json\/wp\/v2\/types\/page"}],"author":[{"embeddable":true,"href":"http:\/\/www.mkn-rcm.ca\/french\/wp-json\/wp\/v2\/users\/272"}],"replies":[{"embeddable":true,"href":"http:\/\/www.mkn-rcm.ca\/french\/wp-json\/wp\/v2\/comments?post=3408"}],"version-history":[{"count":2,"href":"http:\/\/www.mkn-rcm.ca\/french\/wp-json\/wp\/v2\/pages\/3408\/revisions"}],"predecessor-version":[{"id":5481,"href":"http:\/\/www.mkn-rcm.ca\/french\/wp-json\/wp\/v2\/pages\/3408\/revisions\/5481"}],"wp:attachment":[{"href":"http:\/\/www.mkn-rcm.ca\/french\/wp-json\/wp\/v2\/media?parent=3408"}],"curies":[{"name":"wp","href":"https:\/\/api.w.org\/{rel}","templated":true}]}}