{"id":3694,"date":"2020-07-06T09:32:16","date_gmt":"2020-07-06T13:32:16","guid":{"rendered":"http:\/\/mkn-rcm.ca\/?page_id=3694"},"modified":"2022-11-05T20:09:07","modified_gmt":"2022-11-06T00:09:07","slug":"the-early-years-home-math-learning","status":"publish","type":"page","link":"http:\/\/www.mkn-rcm.ca\/french\/the-early-years-home-math-learning\/","title":{"rendered":"Les premi\u00e8res ann\u00e9es : apprentissage des math\u00e9matiques \u00e0 domicile, JUILLET 2020"},"content":{"rendered":"\n<div class=\"twitter-share\"><a href=\"https:\/\/twitter.com\/intent\/tweet?via=mknrcm\" class=\"twitter-share-button\">Tweet<\/a><\/div>\n<p><a href=\"http:\/\/www.mkn-rcm.ca\/french\/wp-content\/uploads\/2020\/07\/EarlyYearsK_MKN_HomeMathLearningCalendar_July_2020-1.pdf\"><img loading=\"lazy\" class=\"alignnone wp-image-3756 size-full\" src=\"http:\/\/www.mkn-rcm.ca\/french\/wp-content\/uploads\/2020\/07\/EarlyYearsK_MKN_HomeMathLearningCalendar_July_2020-1-pdf.jpg\" alt=\"\" width=\"1088\" height=\"1408\" \/><\/a><br \/>\n<a href=\"http:\/\/www.mkn-rcm.ca\/french\/wp-content\/uploads\/2020\/07\/EarlyYearsK_MKN_HomeMathLearningCalendar_July_2020-2-2.pdf\"><img loading=\"lazy\" class=\"alignnone wp-image-3720 size-full\" src=\"http:\/\/www.mkn-rcm.ca\/french\/wp-content\/uploads\/2020\/07\/CrT-week-2.png\" alt=\"\" width=\"1396\" height=\"1260\" \/><\/a><br \/>\n<a href=\"http:\/\/www.mkn-rcm.ca\/french\/wp-content\/uploads\/2020\/07\/EarlyYearsK_MKN_HomeMathLearningCalendar_July_2020-3-1.pdf\"><img loading=\"lazy\" class=\"alignnone wp-image-3720 size-full\" src=\"http:\/\/www.mkn-rcm.ca\/french\/wp-content\/uploads\/2020\/07\/CrT-week-3.png\" alt=\"\" width=\"1394\" height=\"1294\" \/><\/a><br \/>\n<a href=\"http:\/\/www.mkn-rcm.ca\/french\/wp-content\/uploads\/2020\/07\/EarlyYearsK_MKN_HomeMathLearningCalendar_July_2020-4-1.pdf\"><img loading=\"lazy\" class=\"alignnone wp-image-3720 size-full\" src=\"http:\/\/www.mkn-rcm.ca\/french\/wp-content\/uploads\/2020\/07\/CrT-week-4.png\" alt=\"\" width=\"1396\" height=\"1316\" \/><\/a><br \/>\n<a href=\"http:\/\/www.mkn-rcm.ca\/french\/wp-content\/uploads\/2020\/07\/EarlyYearsK_MKN_HomeMathLearningCalendar_July_2020-5-1.pdf\"><img loading=\"lazy\" class=\"alignnone wp-image-3720 size-full\" src=\"http:\/\/www.mkn-rcm.ca\/french\/wp-content\/uploads\/2020\/07\/CrT-week-5.png\" alt=\"\" width=\"1394\" height=\"1338\" \/><\/a><\/p>\n<p>Voir l&#8217;affiche compl\u00e8te <a href=\"http:\/\/www.mkn-rcm.ca\/french\/wp-content\/uploads\/2020\/07\/Early-Years-MKN-Home-Math-Learning_July-2020-1-3.pdf\">ici<\/a>!<\/p>\n","protected":false},"excerpt":{"rendered":"<p>Voir l&#8217;affiche compl\u00e8te ici!<\/p>\n","protected":false},"author":272,"featured_media":0,"parent":0,"menu_order":0,"comment_status":"closed","ping_status":"closed","template":"","meta":[],"_links":{"self":[{"href":"http:\/\/www.mkn-rcm.ca\/french\/wp-json\/wp\/v2\/pages\/3694"}],"collection":[{"href":"http:\/\/www.mkn-rcm.ca\/french\/wp-json\/wp\/v2\/pages"}],"about":[{"href":"http:\/\/www.mkn-rcm.ca\/french\/wp-json\/wp\/v2\/types\/page"}],"author":[{"embeddable":true,"href":"http:\/\/www.mkn-rcm.ca\/french\/wp-json\/wp\/v2\/users\/272"}],"replies":[{"embeddable":true,"href":"http:\/\/www.mkn-rcm.ca\/french\/wp-json\/wp\/v2\/comments?post=3694"}],"version-history":[{"count":30,"href":"http:\/\/www.mkn-rcm.ca\/french\/wp-json\/wp\/v2\/pages\/3694\/revisions"}],"predecessor-version":[{"id":5591,"href":"http:\/\/www.mkn-rcm.ca\/french\/wp-json\/wp\/v2\/pages\/3694\/revisions\/5591"}],"wp:attachment":[{"href":"http:\/\/www.mkn-rcm.ca\/french\/wp-json\/wp\/v2\/media?parent=3694"}],"curies":[{"name":"wp","href":"https:\/\/api.w.org\/{rel}","templated":true}]}}