{"id":4306,"date":"2021-05-22T15:39:33","date_gmt":"2021-05-22T19:39:33","guid":{"rendered":"http:\/\/mkn-rcm.ca\/?page_id=4306"},"modified":"2022-12-17T21:11:48","modified_gmt":"2022-12-18T02:11:48","slug":"math-making-professional-learning-project-with-rainy-river-district-school-board-rrdsb","status":"publish","type":"page","link":"http:\/\/www.mkn-rcm.ca\/french\/math-making-professional-learning-project-with-rainy-river-district-school-board-rrdsb\/","title":{"rendered":"Projet d&#8217;apprentissage professionnel Math + Making  avec Rainy River District School Board (RRDSB)"},"content":{"rendered":"\n<div class=\"twitter-share\"><a href=\"https:\/\/twitter.com\/intent\/tweet?via=mknrcm\" class=\"twitter-share-button\">Tweet<\/a><\/div>\n<div>\n<div><\/div>\n<div><img loading=\"lazy\" class=\" wp-image-4309 alignleft\" src=\"http:\/\/www.mkn-rcm.ca\/french\/wp-content\/uploads\/2021\/05\/logo.png\" alt=\"\" width=\"141\" height=\"140\" \/><\/div>\n<div>\n<p>Le <a href=\"http:\/\/janettehughes.ca\/\">STEAM-3D Maker Lab d\u2019Ontario Tech U<\/a> a officiellement lanc\u00e9 le projet Math + Making Professional Learning (PL) avec les \u00e9ducateurs du Rainy River District School Board (RRDSB).\u00a0Cet apprentissage professionnel virtuel se d\u00e9roule dans un format hybride synchrone et asynchrone, facilit\u00e9 par l\u2019application Microsoft Teams.\u00a0La PL aura lieu du 21 avril 2021 au 9 juin 2021.<\/p>\n<p><img loading=\"lazy\" class=\"size-full wp-image-4319 alignright\" src=\"http:\/\/www.mkn-rcm.ca\/french\/wp-content\/uploads\/2021\/05\/Screen-Shot-2020-04-18-at-7.52.51-AM.png\" alt=\"\" width=\"249\" height=\"93\" \/><\/p>\n<p>Les enseignants ont la libert\u00e9 de progresser de mani\u00e8re ind\u00e9pendante \u00e0 travers les six modules cr\u00e9\u00e9s par l\u2019\u00e9quipe STEAM 3D Maker Lab et d\u2019utiliser le mat\u00e9riel de soutien fourni par l\u2019\u00e9quipe pour guider leur apprentissage (vid\u00e9os de soutien, diapositives et plans de le\u00e7on).\u00a0 Les enseignants ont \u00e9galement la possibilit\u00e9 de collaborer avec leurs pairs et les animateurs gr\u00e2ce aux fonctionnalit\u00e9s de discussion et de clavardage asynchrones de Teams et pendant les sessions synchrones hebdomadaires (\u00e9galement h\u00e9berg\u00e9es par Teams).\u00a0 Les \u00e9ducateurs ont \u00e9t\u00e9 encourag\u00e9s \u00e0 \u00e9tendre leur apprentissage en partageant des ressources suppl\u00e9mentaires, des id\u00e9es et des le\u00e7ons et activit\u00e9s th\u00e9matiques.<\/p>\n<p>Le PL est int\u00e9gr\u00e9 et continu et l\u2019objectif est d\u2019aider les \u00e9ducateurs \u00e0 apprendre les liens entre le nouveau programme de math\u00e9matiques, le codage et d\u2019apprendre comment une approche de cr\u00e9ation peut faciliter l\u2019apprentissage int\u00e9gr\u00e9 des mati\u00e8res. Les outils pr\u00e9sent\u00e9s dans ce PL incluent TinkerCad, Scratch, Makey Makey, les circuits sur papier, CoSpaces EDU et des robots comme Ozobots.<\/p>\n<\/div>\n<\/div>\n","protected":false},"excerpt":{"rendered":"<p>Le STEAM-3D Maker Lab d\u2019Ontario Tech U a officiellement lanc\u00e9 le projet Math + Making Professional Learning (PL) avec les \u00e9ducateurs du Rainy River District School Board (RRDSB).\u00a0Cet apprentissage professionnel virtuel se d\u00e9roule dans un format hybride synchrone et asynchrone, facilit\u00e9 par l\u2019application Microsoft Teams.\u00a0La PL aura lieu du 21 avril 2021 au 9 juin &hellip; <a href=\"http:\/\/www.mkn-rcm.ca\/french\/math-making-professional-learning-project-with-rainy-river-district-school-board-rrdsb\/\" class=\"more-link\">Continue reading<span class=\"screen-reader-text\"> &#8220;Projet d&#8217;apprentissage professionnel Math + Making  avec Rainy River District School Board (RRDSB)&#8221;<\/span><\/a><\/p>\n","protected":false},"author":272,"featured_media":0,"parent":0,"menu_order":0,"comment_status":"closed","ping_status":"closed","template":"","meta":[],"_links":{"self":[{"href":"http:\/\/www.mkn-rcm.ca\/french\/wp-json\/wp\/v2\/pages\/4306"}],"collection":[{"href":"http:\/\/www.mkn-rcm.ca\/french\/wp-json\/wp\/v2\/pages"}],"about":[{"href":"http:\/\/www.mkn-rcm.ca\/french\/wp-json\/wp\/v2\/types\/page"}],"author":[{"embeddable":true,"href":"http:\/\/www.mkn-rcm.ca\/french\/wp-json\/wp\/v2\/users\/272"}],"replies":[{"embeddable":true,"href":"http:\/\/www.mkn-rcm.ca\/french\/wp-json\/wp\/v2\/comments?post=4306"}],"version-history":[{"count":13,"href":"http:\/\/www.mkn-rcm.ca\/french\/wp-json\/wp\/v2\/pages\/4306\/revisions"}],"predecessor-version":[{"id":5928,"href":"http:\/\/www.mkn-rcm.ca\/french\/wp-json\/wp\/v2\/pages\/4306\/revisions\/5928"}],"wp:attachment":[{"href":"http:\/\/www.mkn-rcm.ca\/french\/wp-json\/wp\/v2\/media?parent=4306"}],"curies":[{"name":"wp","href":"https:\/\/api.w.org\/{rel}","templated":true}]}}