{"id":4344,"date":"2021-05-22T17:32:41","date_gmt":"2021-05-22T21:32:41","guid":{"rendered":"http:\/\/mkn-rcm.ca\/?page_id=4344"},"modified":"2023-03-06T19:46:23","modified_gmt":"2023-03-07T00:46:23","slug":"indigenous-knowledge-cop-updates","status":"publish","type":"page","link":"http:\/\/www.mkn-rcm.ca\/french\/indigenous-knowledge-cop-updates\/","title":{"rendered":"Mise \u00e0 jour sur la communaut\u00e9 de pratique du savoir autochtone\u00a0:  assembl\u00e9e des a\u00een\u00e9s et partage du savoir"},"content":{"rendered":"\n<div class=\"twitter-share\"><a href=\"https:\/\/twitter.com\/intent\/tweet?via=mknrcm\" class=\"twitter-share-button\">Tweet<\/a><\/div>\n<p><img loading=\"lazy\" class=\"wp-image-4347 aligncenter\" src=\"http:\/\/www.mkn-rcm.ca\/french\/wp-content\/uploads\/2021\/05\/Screen-Shot-2020-04-18-at-8.19.29-AM.png\" alt=\"\" width=\"376\" height=\"67\" srcset=\"http:\/\/www.mkn-rcm.ca\/french\/wp-content\/uploads\/2021\/05\/Screen-Shot-2020-04-18-at-8.19.29-AM.png 687w, http:\/\/www.mkn-rcm.ca\/french\/wp-content\/uploads\/2021\/05\/Screen-Shot-2020-04-18-at-8.19.29-AM-300x54.png 300w\" sizes=\"(max-width: 376px) 85vw, 376px\" \/><\/p>\n<p><img loading=\"lazy\" class=\"wp-image-4356 alignright\" src=\"http:\/\/www.mkn-rcm.ca\/french\/wp-content\/uploads\/2021\/05\/ikupdate1.png\" alt=\"\" width=\"364\" height=\"274\" srcset=\"http:\/\/www.mkn-rcm.ca\/french\/wp-content\/uploads\/2021\/05\/ikupdate1.png 676w, http:\/\/www.mkn-rcm.ca\/french\/wp-content\/uploads\/2021\/05\/ikupdate1-300x226.png 300w\" sizes=\"(max-width: 364px) 85vw, 364px\" \/><\/p>\n<p>Les a\u00een\u00e9s d\u2019Onigaming se sont r\u00e9unis en pr\u00e9paration de leur \u00e9v\u00e9nement communautaire pour partager leurs connaissances et continuer \u00e0 renforcer les relations qui ont commenc\u00e9 avec notre communaut\u00e9 de pratique. La conversation \u00e9tait ax\u00e9e sur la revitalisation des connaissances des Anishinaabek sur les \u00e9toiles et sur la fa\u00e7on dont ces connaissances communautaires peuvent aider leurs \u00e9l\u00e8ves \u00e0 apprendre les math\u00e9matiques et les sciences. Ont \u00e9galement particip\u00e9 \u00e0 ce rassemblement les scientifiques de la NASA qui font partie de notre CdP ainsi que les invit\u00e9s sp\u00e9ciaux Wilfred Buck de la Nation crie d\u2019Opaskwayak et Isaac Murdoch de la Premi\u00e8re Nation de Serpent River.<\/p>\n<p><img loading=\"lazy\" class=\"alignnone wp-image-4376 size-full\" src=\"http:\/\/www.mkn-rcm.ca\/french\/wp-content\/uploads\/2021\/05\/ikupdate11.png\" alt=\"\" width=\"895\" height=\"668\" srcset=\"http:\/\/www.mkn-rcm.ca\/french\/wp-content\/uploads\/2021\/05\/ikupdate11.png 895w, http:\/\/www.mkn-rcm.ca\/french\/wp-content\/uploads\/2021\/05\/ikupdate11-300x224.png 300w, http:\/\/www.mkn-rcm.ca\/french\/wp-content\/uploads\/2021\/05\/ikupdate11-768x573.png 768w\" sizes=\"(max-width: 709px) 85vw, (max-width: 909px) 67vw, (max-width: 1362px) 62vw, 840px\" \/><\/p>\n","protected":false},"excerpt":{"rendered":"<p>Les a\u00een\u00e9s d\u2019Onigaming se sont r\u00e9unis en pr\u00e9paration de leur \u00e9v\u00e9nement communautaire pour partager leurs connaissances et continuer \u00e0 renforcer les relations qui ont commenc\u00e9 avec notre communaut\u00e9 de pratique. La conversation \u00e9tait ax\u00e9e sur la revitalisation des connaissances des Anishinaabek sur les \u00e9toiles et sur la fa\u00e7on dont ces connaissances communautaires peuvent aider leurs &hellip; <a href=\"http:\/\/www.mkn-rcm.ca\/french\/indigenous-knowledge-cop-updates\/\" class=\"more-link\">Continue reading<span class=\"screen-reader-text\"> &#8220;Mise \u00e0 jour sur la communaut\u00e9 de pratique du savoir autochtone\u00a0:  assembl\u00e9e des a\u00een\u00e9s et partage du savoir&#8221;<\/span><\/a><\/p>\n","protected":false},"author":272,"featured_media":0,"parent":0,"menu_order":0,"comment_status":"closed","ping_status":"closed","template":"","meta":[],"_links":{"self":[{"href":"http:\/\/www.mkn-rcm.ca\/french\/wp-json\/wp\/v2\/pages\/4344"}],"collection":[{"href":"http:\/\/www.mkn-rcm.ca\/french\/wp-json\/wp\/v2\/pages"}],"about":[{"href":"http:\/\/www.mkn-rcm.ca\/french\/wp-json\/wp\/v2\/types\/page"}],"author":[{"embeddable":true,"href":"http:\/\/www.mkn-rcm.ca\/french\/wp-json\/wp\/v2\/users\/272"}],"replies":[{"embeddable":true,"href":"http:\/\/www.mkn-rcm.ca\/french\/wp-json\/wp\/v2\/comments?post=4344"}],"version-history":[{"count":15,"href":"http:\/\/www.mkn-rcm.ca\/french\/wp-json\/wp\/v2\/pages\/4344\/revisions"}],"predecessor-version":[{"id":6499,"href":"http:\/\/www.mkn-rcm.ca\/french\/wp-json\/wp\/v2\/pages\/4344\/revisions\/6499"}],"wp:attachment":[{"href":"http:\/\/www.mkn-rcm.ca\/french\/wp-json\/wp\/v2\/media?parent=4344"}],"curies":[{"name":"wp","href":"https:\/\/api.w.org\/{rel}","templated":true}]}}