{"id":4414,"date":"2021-05-25T09:47:36","date_gmt":"2021-05-25T13:47:36","guid":{"rendered":"http:\/\/mkn-rcm.ca\/?page_id=4414"},"modified":"2022-12-17T23:00:16","modified_gmt":"2022-12-18T04:00:16","slug":"mkn-fields-institute-ask-a-mathematician-program","status":"publish","type":"page","link":"http:\/\/www.mkn-rcm.ca\/french\/mkn-fields-institute-ask-a-mathematician-program\/","title":{"rendered":"MKN-RCM et institut Fields\u00a0: programme \u00ab\u00a0Demande \u00e0 un math\u00e9maticien\u00a0\u00bb"},"content":{"rendered":"\n<div class=\"twitter-share\"><a href=\"https:\/\/twitter.com\/intent\/tweet?via=mknrcm\" class=\"twitter-share-button\">Tweet<\/a><\/div>\n<p><img loading=\"lazy\" class=\"size-full wp-image-4415 alignleft\" src=\"http:\/\/www.mkn-rcm.ca\/french\/wp-content\/uploads\/2021\/05\/MKN-Banner.png\" alt=\"\" width=\"322\" height=\"130\" srcset=\"http:\/\/www.mkn-rcm.ca\/french\/wp-content\/uploads\/2021\/05\/MKN-Banner.png 322w, http:\/\/www.mkn-rcm.ca\/french\/wp-content\/uploads\/2021\/05\/MKN-Banner-300x121.png 300w\" sizes=\"(max-width: 322px) 85vw, 322px\" \/>Plus t\u00f4t dans l\u2019ann\u00e9e, le MKN et le <a href=\"http:\/\/www.fields.utoronto.ca\/\">Fields Institute<\/a> se sont associ\u00e9s dans le cadre d\u2019un \u00a0programme de sensibilisation <em>Ask a Mathematician <\/em>\u00a0pour l\u2019\u00e9cole en ligne pendant la pand\u00e9mie de COVID-19. Le programme enseigne une le\u00e7on de math\u00e9matiques dans une classe en ligne avec des \u00e9l\u00e8ves (primaire, junior ou interm\u00e9diaire) qui peuvent s\u2019engager avec un vrai math\u00e9maticien. Les sessions en ligne comprennent un ou deux \u00e9ducateurs qui enseignent une le\u00e7on aux \u00e9l\u00e8ves qui travaillent ensemble sur la le\u00e7on au cours de la session. Une partie de l\u2019objectif est de garder les \u00e9l\u00e8ves inspir\u00e9s \u00e0 apprendre les math\u00e9matiques avec des plans de le\u00e7on amusants et de rendre les math\u00e9matiques plus accessibles pour les \u00e9l\u00e8ves dans toutes les salles de classe.<\/p>\n<p><img loading=\"lazy\" class=\" wp-image-4425 alignleft\" src=\"http:\/\/www.mkn-rcm.ca\/french\/wp-content\/uploads\/2021\/05\/Fields_Logo_Small.jpg\" alt=\"\" width=\"70\" height=\"92\" \/>Le projet pilote comprenait 6 visites virtuelles avec des \u00e9l\u00e8ves de 5<sup>e<\/sup>, 6<sup>e<\/sup>, 7<sup>e<\/sup>, 8<sup>e<\/sup>, 10<sup>e<\/sup> et 12<sup>e<\/sup> ann\u00e9e. Les enseignants ont \u00e9t\u00e9 interrog\u00e9s et leurs commentaires ont \u00e9t\u00e9 tr\u00e8s positifs. Les \u00e9l\u00e8ves \u00e9taient tr\u00e8s engag\u00e9s, posant des questions aux math\u00e9maticiens et parlant de leurs propres projets en classe de math\u00e9matiques.<\/p>\n<p><img loading=\"lazy\" class=\"size-full wp-image-4418 alignright\" src=\"http:\/\/www.mkn-rcm.ca\/french\/wp-content\/uploads\/2021\/05\/Brock-seminar1-1-300x148.png\" alt=\"\" width=\"300\" height=\"148\" \/>Les commentaires du projet pilote ont \u00e9galement indiqu\u00e9 que les \u00e9l\u00e8ves ont appr\u00e9ci\u00e9 d\u2019apprendre ce que fait un \u00ab vrai math\u00e9maticien \u00bb et d\u2019entendre parler de la fa\u00e7on dont les math\u00e9matiques enseign\u00e9es dans les \u00e9coles pourraient \u00eatre \u00e9tendues \u00e0 divers domaines li\u00e9s \u00e0 ce que l\u2019expert en math\u00e9matiques a \u00e9tudi\u00e9. En outre, des \u00e9tudes sur l\u2019enseignement des math\u00e9matiques ont montr\u00e9 que les \u00e9l\u00e8ves, en particulier ceux qui fonctionnent \u00e0 un niveau inf\u00e9rieur en math\u00e9matiques, sont beaucoup plus engag\u00e9s et r\u00e9ussissent lorsqu\u2019ils sont mis au d\u00e9fi avec des comp\u00e9tences math\u00e9matiques d\u2019ordre sup\u00e9rieur, ce que les experts en math\u00e9matiques impliqu\u00e9s dans ce programme sont bien plac\u00e9s pour fournir.<\/p>\n<p>Alors que le contenu math\u00e9matique associ\u00e9 au projet pilote \u00e9tait ax\u00e9 sur la situation actuelle de la COVID (y compris la mod\u00e9lisation des donn\u00e9es math\u00e9matiques), la prolongation du programme se concentrera \u00e9galement sur d\u2019autres domaines des math\u00e9matiques. Cette prolongation se d\u00e9roulera de mai \u00e0 ao\u00fbt.<\/p>\n<p>Restez \u00e0 l\u2019aff\u00fbt pour plus d\u2019informations sur le programme <em>Ask a Mathematician<\/em> affich\u00e9 sur le site Web du MKN!<\/p>\n","protected":false},"excerpt":{"rendered":"<p>Plus t\u00f4t dans l\u2019ann\u00e9e, le MKN et le Fields Institute se sont associ\u00e9s dans le cadre d\u2019un \u00a0programme de sensibilisation Ask a Mathematician \u00a0pour l\u2019\u00e9cole en ligne pendant la pand\u00e9mie de COVID-19. Le programme enseigne une le\u00e7on de math\u00e9matiques dans une classe en ligne avec des \u00e9l\u00e8ves (primaire, junior ou interm\u00e9diaire) qui peuvent s\u2019engager avec &hellip; <a href=\"http:\/\/www.mkn-rcm.ca\/french\/mkn-fields-institute-ask-a-mathematician-program\/\" class=\"more-link\">Continue reading<span class=\"screen-reader-text\"> &#8220;MKN-RCM et institut Fields\u00a0: programme \u00ab\u00a0Demande \u00e0 un math\u00e9maticien\u00a0\u00bb&#8221;<\/span><\/a><\/p>\n","protected":false},"author":272,"featured_media":0,"parent":0,"menu_order":0,"comment_status":"closed","ping_status":"closed","template":"","meta":[],"_links":{"self":[{"href":"http:\/\/www.mkn-rcm.ca\/french\/wp-json\/wp\/v2\/pages\/4414"}],"collection":[{"href":"http:\/\/www.mkn-rcm.ca\/french\/wp-json\/wp\/v2\/pages"}],"about":[{"href":"http:\/\/www.mkn-rcm.ca\/french\/wp-json\/wp\/v2\/types\/page"}],"author":[{"embeddable":true,"href":"http:\/\/www.mkn-rcm.ca\/french\/wp-json\/wp\/v2\/users\/272"}],"replies":[{"embeddable":true,"href":"http:\/\/www.mkn-rcm.ca\/french\/wp-json\/wp\/v2\/comments?post=4414"}],"version-history":[{"count":13,"href":"http:\/\/www.mkn-rcm.ca\/french\/wp-json\/wp\/v2\/pages\/4414\/revisions"}],"predecessor-version":[{"id":5937,"href":"http:\/\/www.mkn-rcm.ca\/french\/wp-json\/wp\/v2\/pages\/4414\/revisions\/5937"}],"wp:attachment":[{"href":"http:\/\/www.mkn-rcm.ca\/french\/wp-json\/wp\/v2\/media?parent=4414"}],"curies":[{"name":"wp","href":"https:\/\/api.w.org\/{rel}","templated":true}]}}