{"id":4432,"date":"2021-05-25T10:06:44","date_gmt":"2021-05-25T14:06:44","guid":{"rendered":"http:\/\/mkn-rcm.ca\/?page_id=4432"},"modified":"2022-12-17T23:29:45","modified_gmt":"2022-12-18T04:29:45","slug":"coding-in-the-ontario-mathematics-curriculum-1-8-might-it-be-transformational","status":"publish","type":"page","link":"http:\/\/www.mkn-rcm.ca\/french\/coding-in-the-ontario-mathematics-curriculum-1-8-might-it-be-transformational\/","title":{"rendered":"Le codage dans les programmes de math\u00e9matique de  la premi\u00e8re \u00e0 la huiti\u00e8me ann\u00e9e en Ontario :\u00a0 est-ce que \u00e7a pourrait  transformer les pratiques?"},"content":{"rendered":"\n<div class=\"twitter-share\"><a href=\"https:\/\/twitter.com\/intent\/tweet?via=mknrcm\" class=\"twitter-share-button\">Tweet<\/a><\/div>\n<p>Lisez le rapport de mars 2021 <a href=\"http:\/\/www.mkn-rcm.ca\/french\/wp-content\/uploads\/2021\/03\/CL-mkn-v3.pdf\">ici<\/a>!<\/p>\n<p><img loading=\"lazy\" class=\"size-full wp-image-4433 aligncenter\" src=\"http:\/\/www.mkn-rcm.ca\/french\/wp-content\/uploads\/2021\/05\/cmupdate.jpg\" alt=\"\" width=\"797\" height=\"271\" srcset=\"http:\/\/www.mkn-rcm.ca\/french\/wp-content\/uploads\/2021\/05\/cmupdate.jpg 797w, http:\/\/www.mkn-rcm.ca\/french\/wp-content\/uploads\/2021\/05\/cmupdate-300x102.jpg 300w, http:\/\/www.mkn-rcm.ca\/french\/wp-content\/uploads\/2021\/05\/cmupdate-768x261.jpg 768w\" sizes=\"(max-width: 797px) 85vw, 797px\" \/><\/p>\n<p>Le codage pourrait-il, d\u2019une certaine fa\u00e7on et dans une certaine mesure, transformer fondamentalement la fa\u00e7on dont nous apprenons, enseignons et pensons aux math\u00e9matiques de la 1<sup>re<\/sup> \u00e0 la 8<sup>e<\/sup> ann\u00e9e?<\/p>\n<p>Pour r\u00e9pondre \u00e0 cette question, nous nous tournons vers diSessa (2000, 2018) pour voir le codage sous l\u2019angle de l\u2019alphab\u00e9tisation (de litt\u00e9ratie) et cartographier la situation de l\u2019Ontario avec les principes d\u2019alphab\u00e9tisation de diSessa.<\/p>\n<p>Les \u00ab preuves \u00bb que nous utilisons proviennent de 3 sources : les documents du curriculum de l\u2019Ontario, les ressources p\u00e9dagogiques \u00e9labor\u00e9es par les membres de l\u2019\u00e9quipe et les donn\u00e9es de la recherche en classe math\u00e9matiques + codage men\u00e9e par les membres de l\u2019\u00e9quipe en Ontario et au Br\u00e9sil.<\/p>\n","protected":false},"excerpt":{"rendered":"<p>Lisez le rapport de mars 2021 ici! Le codage pourrait-il, d\u2019une certaine fa\u00e7on et dans une certaine mesure, transformer fondamentalement la fa\u00e7on dont nous apprenons, enseignons et pensons aux math\u00e9matiques de la 1re \u00e0 la 8e ann\u00e9e? Pour r\u00e9pondre \u00e0 cette question, nous nous tournons vers diSessa (2000, 2018) pour voir le codage sous l\u2019angle &hellip; <a href=\"http:\/\/www.mkn-rcm.ca\/french\/coding-in-the-ontario-mathematics-curriculum-1-8-might-it-be-transformational\/\" class=\"more-link\">Continue reading<span class=\"screen-reader-text\"> &#8220;Le codage dans les programmes de math\u00e9matique de  la premi\u00e8re \u00e0 la huiti\u00e8me ann\u00e9e en Ontario :\u00a0 est-ce que \u00e7a pourrait  transformer les pratiques?&#8221;<\/span><\/a><\/p>\n","protected":false},"author":272,"featured_media":0,"parent":0,"menu_order":0,"comment_status":"closed","ping_status":"closed","template":"","meta":[],"_links":{"self":[{"href":"http:\/\/www.mkn-rcm.ca\/french\/wp-json\/wp\/v2\/pages\/4432"}],"collection":[{"href":"http:\/\/www.mkn-rcm.ca\/french\/wp-json\/wp\/v2\/pages"}],"about":[{"href":"http:\/\/www.mkn-rcm.ca\/french\/wp-json\/wp\/v2\/types\/page"}],"author":[{"embeddable":true,"href":"http:\/\/www.mkn-rcm.ca\/french\/wp-json\/wp\/v2\/users\/272"}],"replies":[{"embeddable":true,"href":"http:\/\/www.mkn-rcm.ca\/french\/wp-json\/wp\/v2\/comments?post=4432"}],"version-history":[{"count":4,"href":"http:\/\/www.mkn-rcm.ca\/french\/wp-json\/wp\/v2\/pages\/4432\/revisions"}],"predecessor-version":[{"id":5941,"href":"http:\/\/www.mkn-rcm.ca\/french\/wp-json\/wp\/v2\/pages\/4432\/revisions\/5941"}],"wp:attachment":[{"href":"http:\/\/www.mkn-rcm.ca\/french\/wp-json\/wp\/v2\/media?parent=4432"}],"curies":[{"name":"wp","href":"https:\/\/api.w.org\/{rel}","templated":true}]}}