{"id":140,"date":"2016-11-26T19:34:58","date_gmt":"2016-11-27T00:34:58","guid":{"rendered":"http:\/\/mkn-rcm.ca\/?page_id=140"},"modified":"2022-11-29T22:03:48","modified_gmt":"2022-11-30T03:03:48","slug":"about-2","status":"publish","type":"page","link":"https:\/\/www.mkn-rcm.ca\/french\/about-2\/","title":{"rendered":"**\u00c0 propos de&#8230;"},"content":{"rendered":"\n<div class=\"twitter-share\"><a href=\"https:\/\/twitter.com\/intent\/tweet?via=mknrcm\" class=\"twitter-share-button\">Tweet<\/a><\/div>\n\n<p>Veuillez prendre note que cette vid\u00e9o a \u00e9t\u00e9 produite en 2017 et que divers changements ont eu lieu dans la direction et dans le r\u00f4le de certains.nes collaborateurs.trices.<\/p>\n\n\n\n<p><strong>Vid\u00e9o sur les d\u00e9buts du r\u00e9seau MKN <\/strong>(cliquez sur l&#8217;image ci-dessous)<\/p>\n\n\n\n<figure class=\"wp-block-video\"><video controls src=\"http:\/\/www.mkn-rcm.ca\/french\/wp-content\/uploads\/2022\/10\/MKN2-Video-French.mov\"><\/video><\/figure>\n\n\n\n<p><\/p>\n\n\n\n<p>Pour un aper\u00e7u plus d\u00e9taill\u00e9 du MKN, veuillez consulter la section <a href=\"http:\/\/www.mkn-rcm.ca\/french\/wp-content\/uploads\/2016\/11\/MKN-Terms-of-Reference-2018-10-01.pdf\">Terms of Reference<\/a>.<\/p>\n","protected":false},"excerpt":{"rendered":"<p>Veuillez prendre note que cette vid\u00e9o a \u00e9t\u00e9 produite en 2017 et que divers changements ont eu lieu dans la direction et dans le r\u00f4le de certains.nes collaborateurs.trices. Vid\u00e9o sur les d\u00e9buts du r\u00e9seau MKN (cliquez sur l&#8217;image ci-dessous) Pour un aper\u00e7u plus d\u00e9taill\u00e9 du MKN, veuillez consulter la section Terms of Reference.<\/p>\n","protected":false},"author":1,"featured_media":0,"parent":0,"menu_order":0,"comment_status":"closed","ping_status":"closed","template":"","meta":[],"_links":{"self":[{"href":"https:\/\/www.mkn-rcm.ca\/french\/wp-json\/wp\/v2\/pages\/140"}],"collection":[{"href":"https:\/\/www.mkn-rcm.ca\/french\/wp-json\/wp\/v2\/pages"}],"about":[{"href":"https:\/\/www.mkn-rcm.ca\/french\/wp-json\/wp\/v2\/types\/page"}],"author":[{"embeddable":true,"href":"https:\/\/www.mkn-rcm.ca\/french\/wp-json\/wp\/v2\/users\/1"}],"replies":[{"embeddable":true,"href":"https:\/\/www.mkn-rcm.ca\/french\/wp-json\/wp\/v2\/comments?post=140"}],"version-history":[{"count":28,"href":"https:\/\/www.mkn-rcm.ca\/french\/wp-json\/wp\/v2\/pages\/140\/revisions"}],"predecessor-version":[{"id":5894,"href":"https:\/\/www.mkn-rcm.ca\/french\/wp-json\/wp\/v2\/pages\/140\/revisions\/5894"}],"wp:attachment":[{"href":"https:\/\/www.mkn-rcm.ca\/french\/wp-json\/wp\/v2\/media?parent=140"}],"curies":[{"name":"wp","href":"https:\/\/api.w.org\/{rel}","templated":true}]}}