{"id":1762,"date":"2018-04-12T14:02:04","date_gmt":"2018-04-12T18:02:04","guid":{"rendered":"http:\/\/mkn-rcm.ca\/?page_id=1762"},"modified":"2023-03-02T02:17:46","modified_gmt":"2023-03-02T07:17:46","slug":"the-math-pod","status":"publish","type":"page","link":"https:\/\/www.mkn-rcm.ca\/french\/the-math-pod\/","title":{"rendered":"Les formations Math Pod"},"content":{"rendered":"\n<div class=\"twitter-share\"><a href=\"https:\/\/twitter.com\/intent\/tweet?via=mknrcm\" class=\"twitter-share-button\">Tweet<\/a><\/div>\n<p><span style=\"color: #000000;\"><img loading=\"lazy\" class=\"size-medium wp-image-1693 alignright\" src=\"http:\/\/www.mkn-rcm.ca\/french\/wp-content\/uploads\/2016\/11\/TheMathPodCycle3-300x202.jpg\" alt=\"\" width=\"300\" height=\"202\" srcset=\"https:\/\/www.mkn-rcm.ca\/french\/wp-content\/uploads\/2016\/11\/TheMathPodCycle3-300x202.jpg 300w, https:\/\/www.mkn-rcm.ca\/french\/wp-content\/uploads\/2016\/11\/TheMathPodCycle3-768x518.jpg 768w, https:\/\/www.mkn-rcm.ca\/french\/wp-content\/uploads\/2016\/11\/TheMathPodCycle3.jpg 1024w\" sizes=\"(max-width: 300px) 85vw, 300px\" \/><\/span>La formation Math Pod \u00e9tait une occasion d\u2019apprentissage ouverte et conviviale pour tous les \u00e9ducateurs, dirig\u00e9e par trois r\u00e9seaux de leadership en math\u00e9matique de l\u2019Ontario, \u00a0le <a href=\"http:\/\/mathleadershipnetwork.ca\/\">MLN,<\/a> <a href=\"https:\/\/sites.google.com\/teltgafe.com\/ml2n\/home\">le ML2N<\/a> et \u00a0le <a href=\"https:\/\/sites.google.com\/teltgafe.com\/northwestml2n\/home\">NWML2N<\/a>. Apprenez-en plus ci-dessous et rejoignez-les pour des discussions Twitter, des podcasts et plus encore!<\/p>\n<p><span style=\"color: #99cc00;\"><strong>Cycle\u00a0<\/strong><\/span><strong style=\"color: #99cc00;\">3<\/strong><\/p>\n<p>Le troisi\u00e8me et dernier cycle du Math Pod en 2018 a eu lieu du 4 au 25 avril 2018. Cette fois-ci, l\u2019accent a \u00e9t\u00e9 mis sur <strong><em>Arithmetic to Algebra: Looking for the Powerful Moments, K-8. <\/em><\/strong>\u00a0Cathy Fosnot a ouvert sa plateforme en \u00a0ligne, <a href=\"https:\/\/www.newperspectivesonline.net\/\">P2S2<\/a>, pour le mois d\u2019avril et a anim\u00e9 une communaut\u00e9 d\u2019apprentissage professionnel (Professional Learning Community &#8211; PLC) en ligne qui accompagnait l\u2019\u00e9mission de radio hebdomadaire sur <a href=\"https:\/\/voiced.ca\/\">VoicEd Radio<\/a>. Consultez le <a href=\"http:\/\/www.mkn-rcm.ca\/french\/wp-content\/uploads\/2018\/05\/The-Math-Pod-Cycle-3-Overview-2018-05-29.pdf\">rapport Aper\u00e7u du cycle 3<\/a> de notre CdP du leadership en math\u00e9matique!<\/p>\n<p><img loading=\"lazy\" class=\"wp-image-1586 alignleft\" src=\"http:\/\/www.mkn-rcm.ca\/french\/wp-content\/uploads\/2016\/11\/TheMathPod-280x300.jpg\" alt=\"\" width=\"271\" height=\"290\" \/><strong style=\"color: #99cc00;\">Cycle 2\u00a0<\/strong><\/p>\n<p>Le cycle 2 s\u2019est d\u00e9roul\u00e9 du 17 janvier au 7 f\u00e9vrier 2018 et a r\u00e9uni des \u00e9ducateurs de partout en Ontario. Vous trouverez les faits saillants du cycle 2 dans ce <a href=\"http:\/\/www.mkn-rcm.ca\/french\/wp-content\/uploads\/2018\/04\/The-Math-Pod-Cycle-2-Overview-2018-04-05.pdf\" data-wplink-edit=\"true\">rapport de <\/a>\u00a0notre Communaut\u00e9 de pratique du leadership en math\u00e9matiques.<\/p>\n<p><span style=\"color: #99cc00;\"><strong>Cycle 1<\/strong><\/span><\/p>\n<p>Le cycle 1 de The Math Pod s\u2019est d\u00e9roul\u00e9 du 15 octobre au 5 novembre 2017. Consultez <a href=\"http:\/\/www.mkn-rcm.ca\/french\/wp-content\/uploads\/2017\/09\/The-Math-Pod-Phase-1-Overview-2018-01-05.pdf\">l\u2019aper\u00e7u du cycle 1 de la CdP du leadership en math\u00e9matiques <\/a>\u00a0pour plus de d\u00e9tails.<\/p>\n","protected":false},"excerpt":{"rendered":"<p>La formation Math Pod \u00e9tait une occasion d\u2019apprentissage ouverte et conviviale pour tous les \u00e9ducateurs, dirig\u00e9e par trois r\u00e9seaux de leadership en math\u00e9matique de l\u2019Ontario, \u00a0le MLN, le ML2N et \u00a0le NWML2N. Apprenez-en plus ci-dessous et rejoignez-les pour des discussions Twitter, des podcasts et plus encore! Cycle\u00a03 Le troisi\u00e8me et dernier cycle du Math Pod &hellip; <a href=\"https:\/\/www.mkn-rcm.ca\/french\/the-math-pod\/\" class=\"more-link\">Continue reading<span class=\"screen-reader-text\"> &#8220;Les formations Math Pod&#8221;<\/span><\/a><\/p>\n","protected":false},"author":2,"featured_media":1169,"parent":0,"menu_order":0,"comment_status":"closed","ping_status":"closed","template":"","meta":[],"_links":{"self":[{"href":"https:\/\/www.mkn-rcm.ca\/french\/wp-json\/wp\/v2\/pages\/1762"}],"collection":[{"href":"https:\/\/www.mkn-rcm.ca\/french\/wp-json\/wp\/v2\/pages"}],"about":[{"href":"https:\/\/www.mkn-rcm.ca\/french\/wp-json\/wp\/v2\/types\/page"}],"author":[{"embeddable":true,"href":"https:\/\/www.mkn-rcm.ca\/french\/wp-json\/wp\/v2\/users\/2"}],"replies":[{"embeddable":true,"href":"https:\/\/www.mkn-rcm.ca\/french\/wp-json\/wp\/v2\/comments?post=1762"}],"version-history":[{"count":26,"href":"https:\/\/www.mkn-rcm.ca\/french\/wp-json\/wp\/v2\/pages\/1762\/revisions"}],"predecessor-version":[{"id":6403,"href":"https:\/\/www.mkn-rcm.ca\/french\/wp-json\/wp\/v2\/pages\/1762\/revisions\/6403"}],"wp:featuredmedia":[{"embeddable":true,"href":"https:\/\/www.mkn-rcm.ca\/french\/wp-json\/wp\/v2\/media\/1169"}],"wp:attachment":[{"href":"https:\/\/www.mkn-rcm.ca\/french\/wp-json\/wp\/v2\/media?parent=1762"}],"curies":[{"name":"wp","href":"https:\/\/api.w.org\/{rel}","templated":true}]}}