{"id":19,"date":"2016-11-15T17:17:29","date_gmt":"2016-11-15T22:17:29","guid":{"rendered":"http:\/\/mkn-rcm.ca\/?page_id=19"},"modified":"2022-11-25T20:49:47","modified_gmt":"2022-11-26T01:49:47","slug":"principles","status":"publish","type":"page","link":"https:\/\/www.mkn-rcm.ca\/french\/principles\/","title":{"rendered":"Principes"},"content":{"rendered":"\n<div class=\"twitter-share\"><a href=\"https:\/\/twitter.com\/intent\/tweet?via=mknrcm\" class=\"twitter-share-button\">Tweet<\/a><\/div>\n<p><strong>Principes directeurs<\/strong><\/p>\n<ul>\n<li><strong><em>R\u00e9pondre aux besoins identifi\u00e9s par les enseignants pour am\u00e9liorer l\u2019apprentissage des \u00e9l\u00e8ves<\/em><\/strong><strong>.<\/strong> \u00a0Les besoins en mati\u00e8re d\u2019enseignement et d\u2019apprentissage des math\u00e9matiques identifi\u00e9s par les enseignants seront au c\u0153ur de notre travail en engageant les enseignants dans une r\u00e9forme qui est personnellement et professionnellement significative et enrichissante.<\/li>\n<\/ul>\n<ul>\n<li><strong><em>Changer les attitudes envers les math\u00e9matiques. <\/em><\/strong>\u00a0Nous inviterons les enseignants \u00e0 concevoir conjointement des exp\u00e9riences d\u2019apprentissage math\u00e9matique pour les \u00e9l\u00e8ves qui offrent une surprise et une aide \u00e0 la conceptualisation, ainsi que des occasions de partager leur apprentissage avec leur famille, leurs pairs et la communaut\u00e9 au sens large.<\/li>\n<\/ul>\n<ul>\n<li><strong><em>Favoriser l\u2019inclusion. <\/em><\/strong>\u00a0Certains groupes sont plus marginalis\u00e9s que d\u2019autres en ce qui concerne l\u2019enseignement des math\u00e9matiques. Nous viserons \u00e0 am\u00e9liorer les possibilit\u00e9s d\u2019apprentissage et de participation pour tous les apprenants.<\/li>\n<\/ul>\n","protected":false},"excerpt":{"rendered":"<p>Principes directeurs R\u00e9pondre aux besoins identifi\u00e9s par les enseignants pour am\u00e9liorer l\u2019apprentissage des \u00e9l\u00e8ves. \u00a0Les besoins en mati\u00e8re d\u2019enseignement et d\u2019apprentissage des math\u00e9matiques identifi\u00e9s par les enseignants seront au c\u0153ur de notre travail en engageant les enseignants dans une r\u00e9forme qui est personnellement et professionnellement significative et enrichissante. Changer les attitudes envers les math\u00e9matiques. \u00a0Nous &hellip; <a href=\"https:\/\/www.mkn-rcm.ca\/french\/principles\/\" class=\"more-link\">Continue reading<span class=\"screen-reader-text\"> &#8220;Principes&#8221;<\/span><\/a><\/p>\n","protected":false},"author":1,"featured_media":0,"parent":0,"menu_order":0,"comment_status":"closed","ping_status":"closed","template":"","meta":[],"_links":{"self":[{"href":"https:\/\/www.mkn-rcm.ca\/french\/wp-json\/wp\/v2\/pages\/19"}],"collection":[{"href":"https:\/\/www.mkn-rcm.ca\/french\/wp-json\/wp\/v2\/pages"}],"about":[{"href":"https:\/\/www.mkn-rcm.ca\/french\/wp-json\/wp\/v2\/types\/page"}],"author":[{"embeddable":true,"href":"https:\/\/www.mkn-rcm.ca\/french\/wp-json\/wp\/v2\/users\/1"}],"replies":[{"embeddable":true,"href":"https:\/\/www.mkn-rcm.ca\/french\/wp-json\/wp\/v2\/comments?post=19"}],"version-history":[{"count":4,"href":"https:\/\/www.mkn-rcm.ca\/french\/wp-json\/wp\/v2\/pages\/19\/revisions"}],"predecessor-version":[{"id":5732,"href":"https:\/\/www.mkn-rcm.ca\/french\/wp-json\/wp\/v2\/pages\/19\/revisions\/5732"}],"wp:attachment":[{"href":"https:\/\/www.mkn-rcm.ca\/french\/wp-json\/wp\/v2\/media?parent=19"}],"curies":[{"name":"wp","href":"https:\/\/api.w.org\/{rel}","templated":true}]}}