{"id":21,"date":"2016-11-15T17:18:07","date_gmt":"2016-11-15T22:18:07","guid":{"rendered":"http:\/\/mkn-rcm.ca\/?page_id=21"},"modified":"2022-11-25T20:56:20","modified_gmt":"2022-11-26T01:56:20","slug":"needs","status":"publish","type":"page","link":"https:\/\/www.mkn-rcm.ca\/french\/needs\/","title":{"rendered":"Besoins"},"content":{"rendered":"\n<div class=\"twitter-share\"><a href=\"https:\/\/twitter.com\/intent\/tweet?via=mknrcm\" class=\"twitter-share-button\">Tweet<\/a><\/div>\n<p><em><strong>R\u00e9pondre aux besoins identifi\u00e9s par les enseignants pour am\u00e9liorer l\u2019apprentissage des \u00e9l\u00e8ves<\/strong><\/em><strong>.<\/strong><\/p>\n<p>Des chercheurs comme Fullan (2007), Hess (1998) et Elmore (1990) notent que beaucoup, sinon la plupart, des innovations ont peu d\u2019impact sur l\u2019enseignement et l\u2019apprentissage. Nous voulons responsabiliser les enseignants dans un processus de r\u00e9forme o\u00f9 ils sont des agents actifs. Les besoins en mati\u00e8re d\u2019enseignement et d\u2019apprentissage des math\u00e9matiques identifi\u00e9s par les enseignants seront au c\u0153ur de notre travail, alors que nous cherchons \u00e0 engager les enseignants dans une r\u00e9forme qui soit personnellement et professionnellement significative et enrichissante. Les directives minist\u00e9rielles, en particulier le SGR, et les connaissances fond\u00e9es sur des donn\u00e9es probantes et la pratique encadreront la fa\u00e7on dont nous collaborons pour r\u00e9pondre \u00e0 ces besoins de mani\u00e8re p\u00e9dagogique avec des math\u00e9matiques puissantes qui produisent des ressources exploitables et partageables pour am\u00e9liorer l\u2019apprentissage des \u00e9l\u00e8ves.<\/p>\n","protected":false},"excerpt":{"rendered":"<p>R\u00e9pondre aux besoins identifi\u00e9s par les enseignants pour am\u00e9liorer l\u2019apprentissage des \u00e9l\u00e8ves. Des chercheurs comme Fullan (2007), Hess (1998) et Elmore (1990) notent que beaucoup, sinon la plupart, des innovations ont peu d\u2019impact sur l\u2019enseignement et l\u2019apprentissage. Nous voulons responsabiliser les enseignants dans un processus de r\u00e9forme o\u00f9 ils sont des agents actifs. Les besoins &hellip; <a href=\"https:\/\/www.mkn-rcm.ca\/french\/needs\/\" class=\"more-link\">Continue reading<span class=\"screen-reader-text\"> &#8220;Besoins&#8221;<\/span><\/a><\/p>\n","protected":false},"author":1,"featured_media":0,"parent":0,"menu_order":0,"comment_status":"closed","ping_status":"closed","template":"","meta":[],"_links":{"self":[{"href":"https:\/\/www.mkn-rcm.ca\/french\/wp-json\/wp\/v2\/pages\/21"}],"collection":[{"href":"https:\/\/www.mkn-rcm.ca\/french\/wp-json\/wp\/v2\/pages"}],"about":[{"href":"https:\/\/www.mkn-rcm.ca\/french\/wp-json\/wp\/v2\/types\/page"}],"author":[{"embeddable":true,"href":"https:\/\/www.mkn-rcm.ca\/french\/wp-json\/wp\/v2\/users\/1"}],"replies":[{"embeddable":true,"href":"https:\/\/www.mkn-rcm.ca\/french\/wp-json\/wp\/v2\/comments?post=21"}],"version-history":[{"count":3,"href":"https:\/\/www.mkn-rcm.ca\/french\/wp-json\/wp\/v2\/pages\/21\/revisions"}],"predecessor-version":[{"id":5734,"href":"https:\/\/www.mkn-rcm.ca\/french\/wp-json\/wp\/v2\/pages\/21\/revisions\/5734"}],"wp:attachment":[{"href":"https:\/\/www.mkn-rcm.ca\/french\/wp-json\/wp\/v2\/media?parent=21"}],"curies":[{"name":"wp","href":"https:\/\/api.w.org\/{rel}","templated":true}]}}