{"id":23,"date":"2016-11-15T17:18:32","date_gmt":"2016-11-15T22:18:32","guid":{"rendered":"http:\/\/mkn-rcm.ca\/?page_id=23"},"modified":"2022-11-25T21:02:01","modified_gmt":"2022-11-26T02:02:01","slug":"attitudes","status":"publish","type":"page","link":"https:\/\/www.mkn-rcm.ca\/french\/attitudes\/","title":{"rendered":"Attitudes"},"content":{"rendered":"\n<div class=\"twitter-share\"><a href=\"https:\/\/twitter.com\/intent\/tweet?via=mknrcm\" class=\"twitter-share-button\">Tweet<\/a><\/div>\n<p><em><strong>Changer les attitudes envers les math\u00e9matiques.<\/strong><\/em><\/p>\n<p>Il y a un probl\u00e8me de longue date avec les math\u00e9matiques que nous ne pouvons plus ignorer\u00a0: pendant des g\u00e9n\u00e9rations, les jeunes enfants sont entr\u00e9s \u00e0 l\u2019\u00e9cole math\u00e9matiquement curieux, enthousiastes et capables, mais allaient se d\u00e9velopper uniquement en tant qu\u2019adultes qui n\u2019aiment pas et \u00e9vitent g\u00e9n\u00e9ralement le sujet. Nous inviterons les enseignants \u00e0 concevoir conjointement des exp\u00e9riences d\u2019apprentissage qui offrent aux \u00e9l\u00e8ves une surprise math\u00e9matique et un aper\u00e7u conceptuel, ainsi que des occasions de partager leur apprentissage avec leur famille et leurs amis, ainsi qu\u2019avec la communaut\u00e9 au sens large.<\/p>\n","protected":false},"excerpt":{"rendered":"<p>Changer les attitudes envers les math\u00e9matiques. Il y a un probl\u00e8me de longue date avec les math\u00e9matiques que nous ne pouvons plus ignorer\u00a0: pendant des g\u00e9n\u00e9rations, les jeunes enfants sont entr\u00e9s \u00e0 l\u2019\u00e9cole math\u00e9matiquement curieux, enthousiastes et capables, mais allaient se d\u00e9velopper uniquement en tant qu\u2019adultes qui n\u2019aiment pas et \u00e9vitent g\u00e9n\u00e9ralement le sujet. Nous &hellip; <a href=\"https:\/\/www.mkn-rcm.ca\/french\/attitudes\/\" class=\"more-link\">Continue reading<span class=\"screen-reader-text\"> &#8220;Attitudes&#8221;<\/span><\/a><\/p>\n","protected":false},"author":1,"featured_media":0,"parent":0,"menu_order":0,"comment_status":"closed","ping_status":"closed","template":"","meta":[],"_links":{"self":[{"href":"https:\/\/www.mkn-rcm.ca\/french\/wp-json\/wp\/v2\/pages\/23"}],"collection":[{"href":"https:\/\/www.mkn-rcm.ca\/french\/wp-json\/wp\/v2\/pages"}],"about":[{"href":"https:\/\/www.mkn-rcm.ca\/french\/wp-json\/wp\/v2\/types\/page"}],"author":[{"embeddable":true,"href":"https:\/\/www.mkn-rcm.ca\/french\/wp-json\/wp\/v2\/users\/1"}],"replies":[{"embeddable":true,"href":"https:\/\/www.mkn-rcm.ca\/french\/wp-json\/wp\/v2\/comments?post=23"}],"version-history":[{"count":3,"href":"https:\/\/www.mkn-rcm.ca\/french\/wp-json\/wp\/v2\/pages\/23\/revisions"}],"predecessor-version":[{"id":5736,"href":"https:\/\/www.mkn-rcm.ca\/french\/wp-json\/wp\/v2\/pages\/23\/revisions\/5736"}],"wp:attachment":[{"href":"https:\/\/www.mkn-rcm.ca\/french\/wp-json\/wp\/v2\/media?parent=23"}],"curies":[{"name":"wp","href":"https:\/\/api.w.org\/{rel}","templated":true}]}}