{"id":25,"date":"2016-11-15T17:19:01","date_gmt":"2016-11-15T22:19:01","guid":{"rendered":"http:\/\/mkn-rcm.ca\/?page_id=25"},"modified":"2022-11-25T21:05:53","modified_gmt":"2022-11-26T02:05:53","slug":"inclusion","status":"publish","type":"page","link":"https:\/\/www.mkn-rcm.ca\/french\/inclusion\/","title":{"rendered":"Inclusion"},"content":{"rendered":"\n<div class=\"twitter-share\"><a href=\"https:\/\/twitter.com\/intent\/tweet?via=mknrcm\" class=\"twitter-share-button\">Tweet<\/a><\/div>\n<p><em><strong>Favoriser l\u2019inclusion<\/strong><\/em><\/p>\n<p>Certains groupes sont plus marginalis\u00e9s que d\u2019autres en ce qui concerne l\u2019enseignement des math\u00e9matiques, y compris les apprenants autochtones, les nouveaux arrivants au Canada, les filles, et les enfants ayant des difficult\u00e9s d\u2019apprentissage et des difficult\u00e9s socio\u00e9conomiques. Conform\u00e9ment aux objectifs du minist\u00e8re de l\u2019\u00c9ducation de l\u2019Ontario visant \u00e0 am\u00e9liorer l\u2019engagement des \u00e9l\u00e8ves, l\u2019\u00e9quit\u00e9 des r\u00e9sultats et le bien-\u00eatre des \u00e9l\u00e8ves marginalis\u00e9s, nous viserons \u00e0 am\u00e9liorer les possibilit\u00e9s d\u2019apprentissage et de participation pour les apprenants marginalis\u00e9s. L\u2019objectif est de travailler en collaboration pour identifier et am\u00e9liorer les strat\u00e9gies visant \u00e0 renforcer le rendement des \u00e9l\u00e8ves marginalis\u00e9s en math\u00e9matiques et les pratiques des enseignants, y compris les enseignants en \u00e9ducation sp\u00e9cialis\u00e9e, qui soutiennent ces \u00e9l\u00e8ves.<\/p>\n","protected":false},"excerpt":{"rendered":"<p>Favoriser l\u2019inclusion Certains groupes sont plus marginalis\u00e9s que d\u2019autres en ce qui concerne l\u2019enseignement des math\u00e9matiques, y compris les apprenants autochtones, les nouveaux arrivants au Canada, les filles, et les enfants ayant des difficult\u00e9s d\u2019apprentissage et des difficult\u00e9s socio\u00e9conomiques. Conform\u00e9ment aux objectifs du minist\u00e8re de l\u2019\u00c9ducation de l\u2019Ontario visant \u00e0 am\u00e9liorer l\u2019engagement des \u00e9l\u00e8ves, l\u2019\u00e9quit\u00e9 &hellip; <a href=\"https:\/\/www.mkn-rcm.ca\/french\/inclusion\/\" class=\"more-link\">Continue reading<span class=\"screen-reader-text\"> &#8220;Inclusion&#8221;<\/span><\/a><\/p>\n","protected":false},"author":1,"featured_media":0,"parent":0,"menu_order":0,"comment_status":"closed","ping_status":"closed","template":"","meta":[],"_links":{"self":[{"href":"https:\/\/www.mkn-rcm.ca\/french\/wp-json\/wp\/v2\/pages\/25"}],"collection":[{"href":"https:\/\/www.mkn-rcm.ca\/french\/wp-json\/wp\/v2\/pages"}],"about":[{"href":"https:\/\/www.mkn-rcm.ca\/french\/wp-json\/wp\/v2\/types\/page"}],"author":[{"embeddable":true,"href":"https:\/\/www.mkn-rcm.ca\/french\/wp-json\/wp\/v2\/users\/1"}],"replies":[{"embeddable":true,"href":"https:\/\/www.mkn-rcm.ca\/french\/wp-json\/wp\/v2\/comments?post=25"}],"version-history":[{"count":5,"href":"https:\/\/www.mkn-rcm.ca\/french\/wp-json\/wp\/v2\/pages\/25\/revisions"}],"predecessor-version":[{"id":5737,"href":"https:\/\/www.mkn-rcm.ca\/french\/wp-json\/wp\/v2\/pages\/25\/revisions\/5737"}],"wp:attachment":[{"href":"https:\/\/www.mkn-rcm.ca\/french\/wp-json\/wp\/v2\/media?parent=25"}],"curies":[{"name":"wp","href":"https:\/\/api.w.org\/{rel}","templated":true}]}}