{"id":279,"date":"2017-04-05T10:44:38","date_gmt":"2017-04-05T14:44:38","guid":{"rendered":"http:\/\/mkn-rcm.ca\/?page_id=279"},"modified":"2023-01-21T20:47:37","modified_gmt":"2023-01-22T01:47:37","slug":"cop-resources","status":"publish","type":"page","link":"https:\/\/www.mkn-rcm.ca\/french\/cop-resources\/","title":{"rendered":"Ressources pour les communaut\u00e9s de pratique"},"content":{"rendered":"\n<div class=\"twitter-share\"><a href=\"https:\/\/twitter.com\/intent\/tweet?via=mknrcm\" class=\"twitter-share-button\">Tweet<\/a><\/div>\n<p><strong>LIGNES DIRECTRICES POUR L\u2019\u00c9TABLISSEMENT DE RAPPORTS<\/strong><\/p>\n<p>Chaque CdP est tenue de soumettre un plan de mise en \u0153uvre, un plan budg\u00e9taire, un \u00e9tat provisoire et une mise \u00e0 jour financi\u00e8re, ainsi qu\u2019un rapport annuel aux dates indiqu\u00e9es ci-dessous.<\/p>\n<table width=\"100%\">\n<thead>\n<tr>\n<td width=\"32%\">\n<p style=\"text-align: center;\"><strong>\u00c9CH\u00c9ANCE<\/strong><\/p>\n<\/td>\n<td width=\"67%\">\n<p style=\"text-align: center;\"><strong>RAPPORT<\/strong><\/p>\n<\/td>\n<\/tr>\n<\/thead>\n<tbody>\n<tr>\n<td width=\"32%\"><strong>10 september 2019<\/strong><\/td>\n<td width=\"67%\">Rapport annuel et \u00e9tat des revenus et d\u00e9penses (pour 2018-2019)<\/td>\n<\/tr>\n<tr>\n<td width=\"32%\"><strong>1<sup>er<\/sup> f\u00e9vrier 2020<\/strong><\/td>\n<td width=\"67%\">Situation provisoire et mise \u00e0 jour financi\u00e8re (pour 2019-2020)<\/td>\n<\/tr>\n<tr>\n<td width=\"32%\"><strong>28 ao\u00fbt 2020<\/strong><\/td>\n<td width=\"67%\">Rapport final de la CdP (pour 2019-2020)<\/td>\n<\/tr>\n<\/tbody>\n<\/table>\n<p><em><strong>Budget et KMb (Knowledge Mobilization) et Plan de mise en \u0153uvre <\/strong><\/em>: Fournit un plan de travail d\u00e9taill\u00e9 pour les activit\u00e9s de la CdP et un budget pour chaque phase.<\/p>\n<p><em><strong>Situation provisoire et mise \u00e0 jour financi\u00e8re : <\/strong><\/em>D\u00e9taille les progr\u00e8s de la CdP \u00e0 mi-chemin de l\u2019ann\u00e9e. Ce rapport d\u00e9taillera \u00e9galement les d\u00e9penses budg\u00e9taires du 1<sup>er<\/sup> septembre au 31 janvier de chaque ann\u00e9e.<\/p>\n<p><em><strong>Rapport annuel <\/strong><\/em>: Ces rapports visent \u00e0 fournir une mise \u00e0 jour sur les activit\u00e9s, les progr\u00e8s r\u00e9alis\u00e9s vers l\u2019atteinte des principaux r\u00e9sultats et l\u2019impact obtenu au cours de chaque phase.<\/p>\n<p>Veuillez soumettre vos rapports au coordonnateur du MKN (<a href=\"mailto:mlangeme@fields.utoronto.ca\">afigov@fields.utoronto.ca<\/a>) au plus tard aux dates indiqu\u00e9es ci-dessus.<\/p>\n<p><strong>Mod\u00e8les 2019\/2020 et documents connexes :<\/strong><\/p>\n<ul>\n<li><a href=\"http:\/\/www.mkn-rcm.ca\/french\/wp-content\/uploads\/2017\/04\/CoP-Budget-Template-2019-2020.xlsx\">CoP Budget Template<\/a><\/li>\n<li><a href=\"http:\/\/www.mkn-rcm.ca\/french\/wp-content\/uploads\/2017\/04\/CoP-Annual-Implementation-Plan-and-Report-Components-2019-2020.docx\">CoP Annual Implementation Plan and Report Components<\/a><\/li>\n<li><a href=\"http:\/\/www.mkn-rcm.ca\/french\/wp-content\/uploads\/2020\/09\/CoP-Metrics-Chart-2019-2020.docx\">CoP Metrics Chart<\/a><\/li>\n<li><a href=\"http:\/\/www.mkn-rcm.ca\/french\/wp-content\/uploads\/2020\/09\/CoP-SRER-Template-2019-2020.xlsx\">CoP SRER Template<\/a><\/li>\n<li><a href=\"http:\/\/www.mkn-rcm.ca\/french\/wp-content\/uploads\/2017\/04\/MKN-Terms-of-Reference-2019-2020.pdf\">MKN Terms of Reference<\/a><\/li>\n<li><a href=\"http:\/\/www.mkn-rcm.ca\/french\/wp-content\/uploads\/2017\/04\/CoP-MOU-Template-2019-2020.docx\">CoP MOU Template<\/a><\/li>\n<li><a href=\"http:\/\/www.mkn-rcm.ca\/french\/wp-content\/uploads\/2017\/04\/CoP-Invoice-Template-2019-2020.doc\">CoP Invoice Template<\/a><\/li>\n<\/ul>\n","protected":false},"excerpt":{"rendered":"<p>LIGNES DIRECTRICES POUR L\u2019\u00c9TABLISSEMENT DE RAPPORTS Chaque CdP est tenue de soumettre un plan de mise en \u0153uvre, un plan budg\u00e9taire, un \u00e9tat provisoire et une mise \u00e0 jour financi\u00e8re, ainsi qu\u2019un rapport annuel aux dates indiqu\u00e9es ci-dessous. \u00c9CH\u00c9ANCE RAPPORT 10 september 2019 Rapport annuel et \u00e9tat des revenus et d\u00e9penses (pour 2018-2019) 1er f\u00e9vrier &hellip; <a href=\"https:\/\/www.mkn-rcm.ca\/french\/cop-resources\/\" class=\"more-link\">Continue reading<span class=\"screen-reader-text\"> &#8220;Ressources pour les communaut\u00e9s de pratique&#8221;<\/span><\/a><\/p>\n","protected":false},"author":2,"featured_media":0,"parent":0,"menu_order":0,"comment_status":"closed","ping_status":"closed","template":"","meta":[],"_links":{"self":[{"href":"https:\/\/www.mkn-rcm.ca\/french\/wp-json\/wp\/v2\/pages\/279"}],"collection":[{"href":"https:\/\/www.mkn-rcm.ca\/french\/wp-json\/wp\/v2\/pages"}],"about":[{"href":"https:\/\/www.mkn-rcm.ca\/french\/wp-json\/wp\/v2\/types\/page"}],"author":[{"embeddable":true,"href":"https:\/\/www.mkn-rcm.ca\/french\/wp-json\/wp\/v2\/users\/2"}],"replies":[{"embeddable":true,"href":"https:\/\/www.mkn-rcm.ca\/french\/wp-json\/wp\/v2\/comments?post=279"}],"version-history":[{"count":28,"href":"https:\/\/www.mkn-rcm.ca\/french\/wp-json\/wp\/v2\/pages\/279\/revisions"}],"predecessor-version":[{"id":6084,"href":"https:\/\/www.mkn-rcm.ca\/french\/wp-json\/wp\/v2\/pages\/279\/revisions\/6084"}],"wp:attachment":[{"href":"https:\/\/www.mkn-rcm.ca\/french\/wp-json\/wp\/v2\/media?parent=279"}],"curies":[{"name":"wp","href":"https:\/\/api.w.org\/{rel}","templated":true}]}}