{"id":29,"date":"2016-11-15T17:22:19","date_gmt":"2016-11-15T22:22:19","guid":{"rendered":"http:\/\/mkn-rcm.ca\/?page_id=29"},"modified":"2023-01-25T17:06:56","modified_gmt":"2023-01-25T22:06:56","slug":"resources","status":"publish","type":"page","link":"https:\/\/www.mkn-rcm.ca\/french\/resources\/","title":{"rendered":"Ressources"},"content":{"rendered":"\n<div class=\"twitter-share\"><a href=\"https:\/\/twitter.com\/intent\/tweet?via=mknrcm\" class=\"twitter-share-button\">Tweet<\/a><\/div>\n<p><em>Veuillez visiter <\/em><a href=\"http:\/\/www.mkn-rcm.ca\/mkn-resources\/\">mathnetwork.ca\/mkn-resources<\/a><em> pour toutes les ressources du RCM et des CdP.<\/em><\/p>\n<p><strong><em>Production de ressources<\/em><\/strong><\/p>\n<ol>\n<li><em><strong>Ressources diff\u00e9renci\u00e9es et fond\u00e9es sur des donn\u00e9es probantes exploitables<\/strong><\/em><strong>.<\/strong><\/li>\n<\/ol>\n<p><a href=\"http:\/\/www.mkn-rcm.ca\/french\/wp-content\/uploads\/2016\/11\/Screen-Shot-2016-11-15-at-5.21.09-PM.png\"><img loading=\"lazy\" class=\"size-medium wp-image-30 alignright\" src=\"http:\/\/www.mkn-rcm.ca\/french\/wp-content\/uploads\/2016\/11\/Screen-Shot-2016-11-15-at-5.21.09-PM-300x149.png\" alt=\"screen-shot-2016-11-15-at-5-21-09-pm\" width=\"300\" height=\"149\" srcset=\"https:\/\/www.mkn-rcm.ca\/french\/wp-content\/uploads\/2016\/11\/Screen-Shot-2016-11-15-at-5.21.09-PM-300x149.png 300w, https:\/\/www.mkn-rcm.ca\/french\/wp-content\/uploads\/2016\/11\/Screen-Shot-2016-11-15-at-5.21.09-PM.png 359w\" sizes=\"(max-width: 300px) 85vw, 300px\" \/><\/a>Ces ressources \u00e0 la fois cr\u00e9atives et efficaces misent sur les capacit\u00e9s et les forces existantes des partenaires. Par exemple, les ressources Research-Minis d\u00e9velopp\u00e9es par George Gadanidis qui aident les enseignants \u00e0 s\u2019engager dans des enqu\u00eates en classe (voir <a href=\"http:\/\/researchideas.ca\/sidebyside\">http:\/\/researchideas.ca\/sidebyside<\/a>). Les ressources d\u00e9crivent deux fa\u00e7ons diff\u00e9rentes d\u2019aborder les sujets math\u00e9matiques c\u00f4te \u00e0 c\u00f4te et encouragent les enseignants \u00e0 essayer les deux approches dans leurs classes et \u00e0 r\u00e9fl\u00e9chir \u00e0 la fa\u00e7on dont eux-m\u00eames et leurs \u00e9l\u00e8ves y r\u00e9pondent. Le public cible de ces ressources sera les enseignants ; cependant, les parents peuvent \u00e9galement trouver ces ressources utiles.<\/p>\n<ol start=\"2\">\n<li><em><strong>Synth\u00e8se de la recherche.<\/strong><\/em><\/li>\n<\/ol>\n<p>Les CdP s\u2019engageront dans une synth\u00e8se continue de la recherche en enseignement des math\u00e9matiques. Il y a deux objectifs :<\/p>\n<ul>\n<li>\u00ab identifier les connaissances existantes en mati\u00e8re de recherche et, en particulier, les ensembles de preuves bien valid\u00e9s tels que les m\u00e9ta-analyses, qui peuvent \u00eatre utilis\u00e9s pour renforcer les pratiques ou aider les praticiens \u00e0 surmonter les probl\u00e8mes de pratique \u00bb (KNAER, p. 15), et<\/li>\n<li>d\u2019harmoniser cette recherche avec les recommandations du RMS. L\u2019objectif sera de produire des r\u00e9sum\u00e9s en langage clair de la recherche qui seront sous une forme accessible aux enseignants, aux parents et aux chercheurs.<\/li>\n<\/ul>\n<p>Ces r\u00e9sum\u00e9s en langage clair seront affich\u00e9s sur le site Web du MKN-RCM d\u00e8s qu\u2019ils seront disponibles.<\/p>\n","protected":false},"excerpt":{"rendered":"<p>Veuillez visiter mathnetwork.ca\/mkn-resources pour toutes les ressources du RCM et des CdP. Production de ressources Ressources diff\u00e9renci\u00e9es et fond\u00e9es sur des donn\u00e9es probantes exploitables. Ces ressources \u00e0 la fois cr\u00e9atives et efficaces misent sur les capacit\u00e9s et les forces existantes des partenaires. Par exemple, les ressources Research-Minis d\u00e9velopp\u00e9es par George Gadanidis qui aident les enseignants &hellip; <a href=\"https:\/\/www.mkn-rcm.ca\/french\/resources\/\" class=\"more-link\">Continue reading<span class=\"screen-reader-text\"> &#8220;Ressources&#8221;<\/span><\/a><\/p>\n","protected":false},"author":1,"featured_media":0,"parent":0,"menu_order":0,"comment_status":"closed","ping_status":"closed","template":"","meta":[],"_links":{"self":[{"href":"https:\/\/www.mkn-rcm.ca\/french\/wp-json\/wp\/v2\/pages\/29"}],"collection":[{"href":"https:\/\/www.mkn-rcm.ca\/french\/wp-json\/wp\/v2\/pages"}],"about":[{"href":"https:\/\/www.mkn-rcm.ca\/french\/wp-json\/wp\/v2\/types\/page"}],"author":[{"embeddable":true,"href":"https:\/\/www.mkn-rcm.ca\/french\/wp-json\/wp\/v2\/users\/1"}],"replies":[{"embeddable":true,"href":"https:\/\/www.mkn-rcm.ca\/french\/wp-json\/wp\/v2\/comments?post=29"}],"version-history":[{"count":10,"href":"https:\/\/www.mkn-rcm.ca\/french\/wp-json\/wp\/v2\/pages\/29\/revisions"}],"predecessor-version":[{"id":6117,"href":"https:\/\/www.mkn-rcm.ca\/french\/wp-json\/wp\/v2\/pages\/29\/revisions\/6117"}],"wp:attachment":[{"href":"https:\/\/www.mkn-rcm.ca\/french\/wp-json\/wp\/v2\/media?parent=29"}],"curies":[{"name":"wp","href":"https:\/\/api.w.org\/{rel}","templated":true}]}}