{"id":2967,"date":"2019-06-13T12:00:44","date_gmt":"2019-06-13T16:00:44","guid":{"rendered":"http:\/\/mkn-rcm.ca\/?page_id=2967"},"modified":"2023-02-21T20:48:42","modified_gmt":"2023-02-22T01:48:42","slug":"mkn-quarterly-volume-1-issue-2","status":"publish","type":"page","link":"https:\/\/www.mkn-rcm.ca\/french\/mkn-quarterly-volume-1-issue-2\/","title":{"rendered":"MKN-RCM Quarterly vol. 1, no 2"},"content":{"rendered":"\n<div class=\"twitter-share\"><a href=\"https:\/\/twitter.com\/intent\/tweet?via=mknrcm\" class=\"twitter-share-button\">Tweet<\/a><\/div>\n<h1 class=\"entry-title\">Revue trimestrielle MKN-RCM R\u00e9seau de connaissances math\u00e9matiques QUARTERLY volume 1, num\u00e9ro 2 &#8211; juin 2019<\/h1>\n<p><\/p>\n<p><img loading=\"lazy\" class=\"size-medium wp-image-2505 alignright\" src=\"http:\/\/www.mkn-rcm.ca\/french\/wp-content\/uploads\/2019\/02\/Children-Math-300x200.jpg\" alt=\"\" width=\"300\" height=\"200\" srcset=\"https:\/\/www.mkn-rcm.ca\/french\/wp-content\/uploads\/2019\/02\/Children-Math-300x200.jpg 300w, https:\/\/www.mkn-rcm.ca\/french\/wp-content\/uploads\/2019\/02\/Children-Math-768x512.jpg 768w, https:\/\/www.mkn-rcm.ca\/french\/wp-content\/uploads\/2019\/02\/Children-Math.jpg 780w\" sizes=\"(max-width: 300px) 85vw, 300px\" \/><\/p>\n<p>Bienvenue au num\u00e9ro 2 du Math Knowledge Network Quarterly!<\/p>\n<p>Encore une fois, nous sommes ravis de partager certains des travaux r\u00e9cents de nos communaut\u00e9s de pratique : leadership en math\u00e9matique, transitions critiques, savoirs autochtones et mod\u00e9lisation informatique.<\/p>\n<p>George Gadanidis et Donna Kotsopoulos (codirection du MKN-RCM)<\/p>\n<p><em>PS \u2013 Pour rester au courant des \u00e9v\u00e9nements, activit\u00e9s et ressources \u00e0 venir, veuillez visiter <a href=\"http:\/\/www.mkn-rcm.ca\/french\/\">le site Web de MKN<\/a>, vous inscrire \u00e0 notre liste de diffusion (voir le formulaire d\u2019abonnement en bas \u00e0 droite) et nous suivre sur Twitter <a href=\"https:\/\/twitter.com\/mknrcm\">@mknrcm<\/a>.<\/em><\/p>\n<p>&#8212;&#8212;&#8212;&#8212;&#8212;&#8212;&#8212;&#8212;&#8212;&#8212;&#8212;-<\/p>\n\n\n<h4>DANS CE NUM\u00c9RO<\/h4>\n\n\n\n<figure class=\"wp-block-table\"><table><tbody><tr><td><strong><a href=\"http:\/\/www.mkn-rcm.ca\/french\/indigenous-knowledge-youth-gathering-revitalizing-star-knowledge-recap\/\">Savoirs autochtones et assembl\u00e9e de la jeunesse \u2013 Revitalisation de Star Knowledge<\/a><\/strong>\n<p>&nbsp;<\/p>\n<figure><a href=\"http:\/\/www.mkn-rcm.ca\/french\/wp-content\/uploads\/2019\/02\/Copy-of-Star-gathering-2.jpg\"><img loading=\"lazy\" class=\"alignnone size-thumbnail wp-image-2587\" src=\"http:\/\/www.mkn-rcm.ca\/french\/wp-content\/uploads\/2019\/02\/Copy-of-Star-gathering-2-150x150.jpg\" alt=\"\" width=\"150\" height=\"150\"><\/a><\/figure>\n<p>&nbsp;<\/p>\n<\/td><td><strong><a href=\"http:\/\/www.mkn-rcm.ca\/french\/ai-education-andy-disessa-webinar-report\/\">\u00c9ducation \u00e0 l&#8217;intelligence artificielle \u2013 rapport du webinaire d&#8217;Andy diSessa<\/a><\/strong>\n<p>&nbsp;<\/p>\n<figure><a href=\"http:\/\/www.mkn-rcm.ca\/french\/wp-content\/uploads\/2019\/02\/disessa_andy.jpg\"><img loading=\"lazy\" class=\"alignnone size-thumbnail wp-image-2630\" src=\"http:\/\/www.mkn-rcm.ca\/french\/wp-content\/uploads\/2019\/02\/disessa_andy-150x150.jpg\" alt=\"\" width=\"150\" height=\"150\" srcset=\"https:\/\/www.mkn-rcm.ca\/french\/wp-content\/uploads\/2019\/02\/disessa_andy-150x150.jpg 150w, https:\/\/www.mkn-rcm.ca\/french\/wp-content\/uploads\/2019\/02\/disessa_andy-300x300.jpg 300w, https:\/\/www.mkn-rcm.ca\/french\/wp-content\/uploads\/2019\/02\/disessa_andy.jpg 400w\" sizes=\"(max-width: 150px) 85vw, 150px\" \/><\/a><\/figure>\n<p>&nbsp;<\/p>\n<\/td><\/tr><tr><td><strong><a href=\"http:\/\/www.mkn-rcm.ca\/french\/computational-literacy-and-mathematics-education-a-webinar-with-dr-andy-disessa\/\">Steven Floyd et Lisa Anne Floyd: un webinaire avec Dr Andy diSessa<\/a><\/strong>\n<p>&nbsp;<\/p>\n<figure><a href=\"http:\/\/www.mkn-rcm.ca\/french\/wp-content\/uploads\/2019\/06\/AD2.png\"><img loading=\"lazy\" class=\"alignnone wp-image-3022 size-thumbnail\" src=\"http:\/\/www.mkn-rcm.ca\/french\/wp-content\/uploads\/2019\/06\/AD2-150x150.png\" alt=\"\" width=\"150\" height=\"150\"><\/a><\/figure>\n<p>&nbsp;<\/p>\n<\/td><td><strong><a href=\"http:\/\/www.mkn-rcm.ca\/french\/swoame-math-leadership-harnessing-the-power-of-the-purposeful-task-with-graham-fletcher-recap\/\">Graham Fletcher: exploiter la puissance de la t\u00e2che signifiante<\/a><\/strong>\n<p>&nbsp;<\/p>\n<figure><a href=\"http:\/\/www.mkn-rcm.ca\/french\/wp-content\/uploads\/2019\/06\/Graham-Fletcher.jpg\"><img loading=\"lazy\" class=\"alignnone wp-image-2935 size-thumbnail\" src=\"http:\/\/www.mkn-rcm.ca\/french\/wp-content\/uploads\/2019\/06\/Graham-Fletcher-150x150.jpg\" alt=\"\" width=\"150\" height=\"150\"><\/a><\/figure>\n<p>&nbsp;<\/p>\n<\/td><\/tr><tr><td><strong><a href=\"http:\/\/www.mkn-rcm.ca\/french\/northeastern-ontario-mathematics-leadership-workshop-recap-may-2019\/\">Atelier sur le leadership en math\u00e9matique \u00e0 Northeastern Ontario en mai 2019<\/a><\/strong>\n<p>&nbsp;<\/p>\n<figure><a href=\"http:\/\/www.mkn-rcm.ca\/french\/wp-content\/uploads\/2019\/06\/Spring-Conference_Active-Link.jpg\"><img loading=\"lazy\" class=\"alignnone wp-image-2942 size-thumbnail\" src=\"http:\/\/www.mkn-rcm.ca\/french\/wp-content\/uploads\/2019\/06\/Spring-Conference_Active-Link-150x150.jpg\" alt=\"\" width=\"150\" height=\"150\"><\/a><\/figure>\n<p>&nbsp;<\/p>\n<\/td><td><strong><a href=\"http:\/\/www.mkn-rcm.ca\/french\/news-from-st-andrews-ps-tdsb\/\">Des nouvelles de St. Andrews PS, TDSB<\/a><\/strong>\n<p>&nbsp;<\/p>\n<figure><a href=\"http:\/\/www.mkn-rcm.ca\/french\/wp-content\/uploads\/2019\/06\/Screen-Shot-2019-06-10-at-11.50.39-PM.png\"><img loading=\"lazy\" class=\"alignnone wp-image-2871 size-thumbnail\" src=\"http:\/\/www.mkn-rcm.ca\/french\/wp-content\/uploads\/2019\/06\/Screen-Shot-2019-06-10-at-11.50.39-PM-150x150.png\" alt=\"\" width=\"150\" height=\"150\"><\/a><\/figure>\n<p>&nbsp;<\/p>\n<\/td><\/tr><tr><td><strong><a href=\"http:\/\/www.mkn-rcm.ca\/french\/critical-transitions-update-from-greater-essex-county-district-school-board\/\">Des nouvelles du Greater Essex County District School Board<\/a><\/strong>\n<p>&nbsp;<\/p>\n<figure><a href=\"http:\/\/www.mkn-rcm.ca\/french\/wp-content\/uploads\/2019\/06\/Crt3.png\"><img loading=\"lazy\" class=\"alignnone wp-image-2957 size-thumbnail\" src=\"http:\/\/www.mkn-rcm.ca\/french\/wp-content\/uploads\/2019\/06\/Crt3-150x150.png\" alt=\"\" width=\"150\" height=\"150\"><\/a><\/figure>\n<p>&nbsp;<\/p>\n<\/td><td><a href=\"http:\/\/www.mkn-rcm.ca\/french\/indigenous-knowledge-and-mathematics-inquiry-year-2-dufferin-peel-catholic-district-school-board\/\"><strong>Savoir autochtone et l&#8217;enqu\u00eate en math\u00e9matique- An 2, DPCSB<\/strong><\/a>\n<p>&nbsp;<\/p>\n<figure><a href=\"http:\/\/www.mkn-rcm.ca\/french\/wp-content\/uploads\/2019\/06\/IK3.png\"><img loading=\"lazy\" class=\"alignnone wp-image-2922 size-thumbnail\" src=\"http:\/\/www.mkn-rcm.ca\/french\/wp-content\/uploads\/2019\/06\/IK3-150x135.png\" alt=\"\" width=\"150\" height=\"135\"><\/a><\/figure>\n<p>&nbsp;<\/p>\n<\/td><\/tr><tr><td><strong><a href=\"http:\/\/www.mkn-rcm.ca\/french\/mathematics-and-computational-thinking-in-the-niagara-catholic-classroom\/\">Math\u00e9matique et pens\u00e9e informatique dans les classes du Niagara Catholic Classroom<\/a><\/strong>\n<p>&nbsp;<\/p>\n<figure><a href=\"http:\/\/www.mkn-rcm.ca\/french\/wp-content\/uploads\/2019\/06\/Brock.png\"><img loading=\"lazy\" class=\"alignnone wp-image-2906 size-thumbnail\" src=\"http:\/\/www.mkn-rcm.ca\/french\/wp-content\/uploads\/2019\/06\/Brock-150x150.png\" alt=\"\" width=\"150\" height=\"150\"><\/a><\/figure>\n<p>&nbsp;<\/p>\n<\/td><td><strong><a href=\"http:\/\/www.mkn-rcm.ca\/french\/back-to-hs-math-class-coding\/\">Des savoirs du secondaire au primaire et vice versa + du codage<\/a><\/strong>\n<p>&nbsp;<\/p>\n<figure><a href=\"http:\/\/www.mkn-rcm.ca\/french\/wp-content\/uploads\/2019\/06\/math-coding.png\"><img loading=\"lazy\" class=\"alignnone wp-image-3007 size-thumbnail\" src=\"http:\/\/www.mkn-rcm.ca\/french\/wp-content\/uploads\/2019\/06\/math-coding-150x150.png\" alt=\"\" width=\"150\" height=\"150\"><\/a><\/figure>\n<p>&nbsp;<\/p>\n<\/td><\/tr><tr><td><strong><a href=\"http:\/\/www.mkn-rcm.ca\/french\/guidelines-to-engaging-with-indigenous-knowledge\/\">Pistes pour participer au savoir autochtone<br><\/a><\/strong>\n<p>&nbsp;<\/p>\n<figure><a href=\"http:\/\/www.mkn-rcm.ca\/french\/wp-content\/uploads\/2019\/06\/IK1.png\"><img loading=\"lazy\" class=\"alignnone wp-image-2918 size-thumbnail\" src=\"http:\/\/www.mkn-rcm.ca\/french\/wp-content\/uploads\/2019\/06\/IK1-150x150.png\" alt=\"\" width=\"150\" height=\"150\"><\/a><\/figure>\n<p>&nbsp;<\/p>\n<\/td><td><strong><a href=\"http:\/\/www.mkn-rcm.ca\/french\/millbrook-south-cavan-p-s-kindergarten-educator-spatial-reasoning\/\">Raisonnement spatial des \u00e9ducateurs en maternelle avec&nbsp; Millbrook-South Cavan P.S.<\/a><\/strong>\n<p>&nbsp;<\/p>\n<figure><a href=\"http:\/\/www.mkn-rcm.ca\/french\/wp-content\/uploads\/2019\/06\/cover-of-resource-45.jpg\"><img loading=\"lazy\" class=\"alignnone wp-image-2915 size-thumbnail\" src=\"http:\/\/www.mkn-rcm.ca\/french\/wp-content\/uploads\/2019\/06\/cover-of-resource-45-150x150.jpg\" alt=\"\" width=\"150\" height=\"150\"><\/a><\/figure>\n<p>&nbsp;<\/p>\n<\/td><\/tr><tr><td><strong><a href=\"http:\/\/www.mkn-rcm.ca\/french\/critical-transitions-maximizing-early-math-learning-conference-august-2019\/\">Conf\u00e9rence sur l&#8217;optimisation de l&#8217;apprentissage pr\u00e9coce des math\u00e9matiques &#8211; ao\u00fbt 2019<\/a><\/strong> <p>&nbsp;<\/p> <figure><a href=\"http:\/\/www.mkn-rcm.ca\/french\/wp-content\/uploads\/2019\/06\/Early-Math-Conference_Aug2019.jpg\"><img loading=\"lazy\" class=\"alignnone wp-image-2949 size-thumbnail\" src=\"http:\/\/www.mkn-rcm.ca\/french\/wp-content\/uploads\/2019\/06\/Early-Math-Conference_Aug2019-150x150.jpg\" alt=\"\" width=\"150\" height=\"150\"><\/a><\/figure><\/td><td><strong><a href=\"http:\/\/www.mkn-rcm.ca\/french\/critical-transitions-math-9-12-grade-11-teachers-workshop-in-ottawa-august-2019\/\">Atelier de travail des enseignants de la 11e ann\u00e9e \u00e0 Ottawa, Ao\u00fbt 2019<\/a><\/strong> <p>&nbsp;<\/p> <figure><a href=\"http:\/\/www.mkn-rcm.ca\/french\/wp-content\/uploads\/2019\/06\/MKN-Math9-12GroupPhoto.jpg\"><img loading=\"lazy\" class=\"alignnone size-thumbnail wp-image-2952\" src=\"http:\/\/www.mkn-rcm.ca\/french\/wp-content\/uploads\/2019\/06\/MKN-Math9-12GroupPhoto-150x150.jpg\" alt=\"\" width=\"150\" height=\"150\"><\/a><\/figure><\/td><\/tr><\/tbody><\/table><\/figure>\n\n\n\n<h4><strong>\u00c9V\u00c8NEMENTS \u00c0 VENIR<\/strong><\/h4>\n\n\n\n<ul><li>L\u2019\u00e9quipe de transition critique de la petite enfance organise une <a href=\"http:\/\/www.mkn-rcm.ca\/french\/critical-transitions-maximizing-early-math-learning-conference-august-2019\/\" data-type=\"URL\" data-id=\"http:\/\/www.mkn-rcm.ca\/french\/critical-transitions-maximizing-early-math-learning-conference-august-2019\/\">conf\u00e9rence de d\u00e9veloppement professionnel<\/a> pour les enseignants du primaire \u00e0 l\u2019Universit\u00e9 Queen\u2019s \u2013 le 12 ao\u00fbt 2019<\/li><li>L\u2019\u00e9quipe des transitions critiques entre les classes de math\u00e9matique de la 9<sup>e<\/sup> \u00e0 la 12<sup>e<\/sup> ann\u00e9e\u00a0 pr\u00e9sente <a href=\"http:\/\/www.mkn-rcm.ca\/french\/critical-transitions-math-9-12-grade-11-teachers-workshop-in-ottawa-august-2019\/\">un atelier des enseignants de 11e ann\u00e9e<\/a> \u00e0 Ottawa \u2013\u00a0du 27 au 28 ao\u00fbt 2019<\/li><li><strong>Mod\u00e9lisation informatique au CDSB de Wellington<\/strong><ol type=\"1\" start=\"1\"><li>Programme int\u00e9gr\u00e9 de math\u00e9matiques et d\u2019informatique <strong>(en cours)<\/strong><\/li><li>Du High School \u00e0 l\u2019\u00e9l\u00e9mentaire, et vice versa \u2013 les voyages de grandes id\u00e9es math\u00e9matiques \u00e0 travers les niveaux, aliment\u00e9s par la mod\u00e9lisation informatique <strong>(en cours)<\/strong><\/li><\/ol><\/li><\/ul>\n","protected":false},"excerpt":{"rendered":"<p>Revue trimestrielle MKN-RCM R\u00e9seau de connaissances math\u00e9matiques QUARTERLY volume 1, num\u00e9ro 2 &#8211; juin 2019 Bienvenue au num\u00e9ro 2 du Math Knowledge Network Quarterly! Encore une fois, nous sommes ravis de partager certains des travaux r\u00e9cents de nos communaut\u00e9s de pratique : leadership en math\u00e9matique, transitions critiques, savoirs autochtones et mod\u00e9lisation informatique. George Gadanidis et &hellip; <a href=\"https:\/\/www.mkn-rcm.ca\/french\/mkn-quarterly-volume-1-issue-2\/\" class=\"more-link\">Continue reading<span class=\"screen-reader-text\"> &#8220;MKN-RCM Quarterly vol. 1, no 2&#8221;<\/span><\/a><\/p>\n","protected":false},"author":272,"featured_media":0,"parent":0,"menu_order":0,"comment_status":"closed","ping_status":"closed","template":"","meta":[],"_links":{"self":[{"href":"https:\/\/www.mkn-rcm.ca\/french\/wp-json\/wp\/v2\/pages\/2967"}],"collection":[{"href":"https:\/\/www.mkn-rcm.ca\/french\/wp-json\/wp\/v2\/pages"}],"about":[{"href":"https:\/\/www.mkn-rcm.ca\/french\/wp-json\/wp\/v2\/types\/page"}],"author":[{"embeddable":true,"href":"https:\/\/www.mkn-rcm.ca\/french\/wp-json\/wp\/v2\/users\/272"}],"replies":[{"embeddable":true,"href":"https:\/\/www.mkn-rcm.ca\/french\/wp-json\/wp\/v2\/comments?post=2967"}],"version-history":[{"count":28,"href":"https:\/\/www.mkn-rcm.ca\/french\/wp-json\/wp\/v2\/pages\/2967\/revisions"}],"predecessor-version":[{"id":6338,"href":"https:\/\/www.mkn-rcm.ca\/french\/wp-json\/wp\/v2\/pages\/2967\/revisions\/6338"}],"wp:attachment":[{"href":"https:\/\/www.mkn-rcm.ca\/french\/wp-json\/wp\/v2\/media?parent=2967"}],"curies":[{"name":"wp","href":"https:\/\/api.w.org\/{rel}","templated":true}]}}