{"id":32,"date":"2016-11-15T17:23:11","date_gmt":"2016-11-15T22:23:11","guid":{"rendered":"http:\/\/mkn-rcm.ca\/?page_id=32"},"modified":"2023-01-25T19:55:19","modified_gmt":"2023-01-26T00:55:19","slug":"capacity","status":"publish","type":"page","link":"https:\/\/www.mkn-rcm.ca\/french\/capacity\/","title":{"rendered":"Capacit\u00e9"},"content":{"rendered":"\n<div class=\"twitter-share\"><a href=\"https:\/\/twitter.com\/intent\/tweet?via=mknrcm\" class=\"twitter-share-button\">Tweet<\/a><\/div>\n<hr \/>\n<p><em><strong>Construction de capacit\u00e9<br \/>\n<\/strong><\/em><\/p>\n<ol>\n<li><strong><em>Mise en r\u00e9seau et intensification. <\/em><\/strong>\u00a0Il existe une \u00e9norme quantit\u00e9 de connaissances et d\u2019expertise localis\u00e9es qui ont \u00e9t\u00e9 d\u00e9velopp\u00e9es gr\u00e2ce \u00e0 diverses initiatives partout en Ontario. Nous constatons qu\u2019un r\u00f4le important du MKN-RCM est de mettre en r\u00e9seau et d\u2019intensifier ces connaissances et cette expertise.<\/li>\n<\/ol>\n<ol start=\"2\">\n<li><strong><em>Institut de formation initi\u00e9 par le MKN. <\/em><\/strong>\u00a0Le MKN-RCM offrira chaque ann\u00e9e un institut ax\u00e9 sur les th\u00e8mes des quatre CdP. Les instituts seront accueillis et organis\u00e9s par Fields et par d\u2019autres institutions et organisations partenaires. La participation \u00e0 distance sera possible gr\u00e2ce \u00e0 la diffusion en direct des \u00e9v\u00e9nements cl\u00e9s. Le public cible de ces instituts est l\u2019ensemble des membres participants des CdP, y compris les membres des districts scolaires partenaires, ainsi que les membres d\u2019autres districts scolaires de l\u2019Ontario.<\/li>\n<\/ol>\n<ol start=\"3\">\n<li><strong><em>Atelier de leadership MKN-AP (Advisory Panel &#8211; Comit\u00e9 aviseur)<\/em><\/strong><strong>.<\/strong> \u00a0Le RCM offrira \u00e9galement un atelier annuel aux membres du RCM-AP imm\u00e9diatement apr\u00e8s l\u2019institut annuel. Cela donnera aux membres du MKN-AP l\u2019occasion de r\u00e9seauter, de partager et de r\u00e9fl\u00e9chir sur les initiatives et les pratiques, et d\u2019\u00e9changer et de discuter des strat\u00e9gies et des id\u00e9es pour les prochaines \u00e9tapes.<\/li>\n<\/ol>\n<ol start=\"4\">\n<li><strong><em>Des ateliers anim\u00e9s par les CdP<\/em><\/strong><strong>.<\/strong> \u00a0Chaque CdP organisera chaque ann\u00e9e une journ\u00e9e d\u2019ateliers pour les enseignants et les leaders en math\u00e9matiques, afin de partager ce qui a \u00e9t\u00e9 appris ainsi que des ressources exploitables.<\/li>\n<\/ol>\n<ol start=\"5\">\n<li><strong><em>Financement de l\u2019expansion des travaux du MKN<\/em><\/strong><strong>.<\/strong> \u00a0Le MKN-RCM cherchera d\u2019autres sources de financement pour accro\u00eetre sa capacit\u00e9 d\u2019atteindre ses objectifs. Il existe \u00e9galement des possibilit\u00e9s de financement de la gestion des connaissances et de la sensibilisation par l\u2019entremise de Fields, du SSHRC, du NSERC et de diverses fondations.<\/li>\n<\/ol>\n","protected":false},"excerpt":{"rendered":"<p>Construction de capacit\u00e9 Mise en r\u00e9seau et intensification. \u00a0Il existe une \u00e9norme quantit\u00e9 de connaissances et d\u2019expertise localis\u00e9es qui ont \u00e9t\u00e9 d\u00e9velopp\u00e9es gr\u00e2ce \u00e0 diverses initiatives partout en Ontario. Nous constatons qu\u2019un r\u00f4le important du MKN-RCM est de mettre en r\u00e9seau et d\u2019intensifier ces connaissances et cette expertise. Institut de formation initi\u00e9 par le MKN. &hellip; <a href=\"https:\/\/www.mkn-rcm.ca\/french\/capacity\/\" class=\"more-link\">Continue reading<span class=\"screen-reader-text\"> &#8220;Capacit\u00e9&#8221;<\/span><\/a><\/p>\n","protected":false},"author":1,"featured_media":0,"parent":0,"menu_order":0,"comment_status":"closed","ping_status":"closed","template":"","meta":[],"_links":{"self":[{"href":"https:\/\/www.mkn-rcm.ca\/french\/wp-json\/wp\/v2\/pages\/32"}],"collection":[{"href":"https:\/\/www.mkn-rcm.ca\/french\/wp-json\/wp\/v2\/pages"}],"about":[{"href":"https:\/\/www.mkn-rcm.ca\/french\/wp-json\/wp\/v2\/types\/page"}],"author":[{"embeddable":true,"href":"https:\/\/www.mkn-rcm.ca\/french\/wp-json\/wp\/v2\/users\/1"}],"replies":[{"embeddable":true,"href":"https:\/\/www.mkn-rcm.ca\/french\/wp-json\/wp\/v2\/comments?post=32"}],"version-history":[{"count":5,"href":"https:\/\/www.mkn-rcm.ca\/french\/wp-json\/wp\/v2\/pages\/32\/revisions"}],"predecessor-version":[{"id":6119,"href":"https:\/\/www.mkn-rcm.ca\/french\/wp-json\/wp\/v2\/pages\/32\/revisions\/6119"}],"wp:attachment":[{"href":"https:\/\/www.mkn-rcm.ca\/french\/wp-json\/wp\/v2\/media?parent=32"}],"curies":[{"name":"wp","href":"https:\/\/api.w.org\/{rel}","templated":true}]}}