{"id":3240,"date":"2019-12-01T15:07:03","date_gmt":"2019-12-01T20:07:03","guid":{"rendered":"http:\/\/mkn-rcm.ca\/?page_id=3240"},"modified":"2023-02-22T00:17:49","modified_gmt":"2023-02-22T05:17:49","slug":"mkn-quarterly-volume-1-issue-3","status":"publish","type":"page","link":"https:\/\/www.mkn-rcm.ca\/french\/mkn-rcm\/mkn-quarterly-volume-1-issue-3\/","title":{"rendered":"Revue trimestrielle MKN-RCM  volume 1, num\u00e9ro 3"},"content":{"rendered":"\n<div class=\"twitter-share\"><a href=\"https:\/\/twitter.com\/intent\/tweet?via=mknrcm\" class=\"twitter-share-button\">Tweet<\/a><\/div>\n<h2>Math Knowledge Network QUARTERLY volume 1, num\u00e9ro 3 (et 4)<\/h2>\n<p><img loading=\"lazy\" class=\"size-medium wp-image-2505 alignright\" src=\"http:\/\/www.mkn-rcm.ca\/french\/wp-content\/uploads\/2019\/02\/Children-Math-300x200.jpg\" alt=\"\" width=\"300\" height=\"200\" srcset=\"http:\/\/www.mkn-rcm.ca\/french\/wp-content\/uploads\/2019\/02\/Children-Math-300x200.jpg 300w, http:\/\/www.mkn-rcm.ca\/french\/wp-content\/uploads\/2019\/02\/Children-Math-768x512.jpg 768w, http:\/\/www.mkn-rcm.ca\/french\/wp-content\/uploads\/2019\/02\/Children-Math.jpg 780w\" sizes=\"(max-width: 300px) 85vw, 300px\" \/><\/p>\n<p>Bienvenue au num\u00e9ro 3 du volume 1 de Math Knowledge Network Quarterly!<\/p>\n<p>Rapport d\u2019impact des 3 premi\u00e8res ann\u00e9es du Math Knowledge Network!<\/p>\n<p>Nous sommes ravis de partager l\u2019apport des communaut\u00e9s de pratique des 3 premi\u00e8res ann\u00e9es: transitions critiques, mod\u00e9lisation informatique, savoirs autochtones et leadership en math\u00e9matique.<\/p>\n<p>Merci \u00e0 nos <a href=\"http:\/\/www.mkn-rcm.ca\/french\/partners\/\">36 organisations partenaires<\/a> pour leur support!<\/p>\n<p>George Gadanidis et Donna Kotsopoulos (codirection du MKN-RCM)<\/p>\n<p><em>PS \u2013 Pour rester au courant des \u00e9v\u00e9nements, activit\u00e9s et ressources \u00e0 venir, veuillez visiter <a href=\"http:\/\/www.mkn-rcm.ca\/french\/\">le site Web de MKN<\/a>, vous inscrire \u00e0 notre liste de diffusion (voir le formulaire d\u2019abonnement en bas \u00e0 droite) et nous suivre sur Twitter <a href=\"https:\/\/twitter.com\/mknrcm\">@mknrcm<\/a>.<\/em><\/p>\n<p>&#8212;&#8212;&#8212;&#8212;&#8212;&#8212;&#8212;&#8212;&#8212;&#8212;&#8212;-<\/p>\n<div class=\"entry-content\">\n<h4>DANS CE NUM\u00c9RO<\/h4>\n<table width=\"514\">\n<tbody>\n<tr>\n<td width=\"312\"><strong><a href=\"http:\/\/www.mkn-rcm.ca\/french\/critical-transitions-impact-2016-to-2019\/\">Transitions critiques: 2016 \u00e0 2019<\/a><\/strong><\/p>\n<p><a href=\"http:\/\/www.mkn-rcm.ca\/french\/wp-content\/uploads\/2019\/12\/Pic-3.jpg\"><img loading=\"lazy\" class=\"wp-image-3242 aligncenter\" src=\"http:\/\/www.mkn-rcm.ca\/french\/wp-content\/uploads\/2019\/12\/Pic-3.jpg\" sizes=\"(max-width: 243px) 85vw, 243px\" srcset=\"http:\/\/www.mkn-rcm.ca\/french\/wp-content\/uploads\/2019\/12\/Pic-3.jpg 640w, http:\/\/www.mkn-rcm.ca\/french\/wp-content\/uploads\/2019\/12\/Pic-3-300x169.jpg 300w\" alt=\"\" width=\"243\" height=\"137\"><\/a><\/td>\n<td width=\"312\"><strong><a href=\"http:\/\/www.mkn-rcm.ca\/french\/computation-modelling-impact-2016-to-2019\/\">Mod\u00e9lisation informatique: 2016 \u00e0 2019<\/a><\/strong><\/p>\n<p><a href=\"http:\/\/www.mkn-rcm.ca\/french\/wp-content\/uploads\/2019\/12\/Pic-4.png\"><img loading=\"lazy\" class=\"wp-image-3244 size-full aligncenter\" src=\"http:\/\/www.mkn-rcm.ca\/french\/wp-content\/uploads\/2019\/12\/Pic-4.png\" sizes=\"(max-width: 709px) 85vw, (max-width: 909px) 67vw, (max-width: 1362px) 62vw, 840px\" srcset=\"http:\/\/www.mkn-rcm.ca\/french\/wp-content\/uploads\/2019\/12\/Pic-4.png 1240w, http:\/\/www.mkn-rcm.ca\/french\/wp-content\/uploads\/2019\/12\/Pic-4-300x119.png 300w, http:\/\/www.mkn-rcm.ca\/french\/wp-content\/uploads\/2019\/12\/Pic-4-768x303.png 768w, http:\/\/www.mkn-rcm.ca\/french\/wp-content\/uploads\/2019\/12\/Pic-4-1024x405.png 1024w, http:\/\/www.mkn-rcm.ca\/french\/wp-content\/uploads\/2019\/12\/Pic-4-1200x474.png 1200w\" alt=\"\" width=\"1240\" height=\"490\"><\/a><\/td>\n<\/tr>\n<tr>\n<td width=\"312\"><strong><a href=\"http:\/\/www.mkn-rcm.ca\/french\/indigenous-knowledge-impact-2016-to-2019\/\">Savoir autochtone 2016 to 2019<\/a><\/strong><\/p>\n<p><a href=\"http:\/\/www.mkn-rcm.ca\/french\/wp-content\/uploads\/2016\/11\/IK-and-Math-CoP-Overview-Flyer-2018-09-24.jpg\"><img loading=\"lazy\" class=\"wp-image-2213 aligncenter\" src=\"http:\/\/www.mkn-rcm.ca\/french\/wp-content\/uploads\/2016\/11\/IK-and-Math-CoP-Overview-Flyer-2018-09-24.jpg\" sizes=\"(max-width: 197px) 85vw, 197px\" srcset=\"http:\/\/www.mkn-rcm.ca\/french\/wp-content\/uploads\/2016\/11\/IK-and-Math-CoP-Overview-Flyer-2018-09-24.jpg 1587w, http:\/\/www.mkn-rcm.ca\/french\/wp-content\/uploads\/2016\/11\/IK-and-Math-CoP-Overview-Flyer-2018-09-24-212x300.jpg 212w, http:\/\/www.mkn-rcm.ca\/french\/wp-content\/uploads\/2016\/11\/IK-and-Math-CoP-Overview-Flyer-2018-09-24-768x1086.jpg 768w, http:\/\/www.mkn-rcm.ca\/french\/wp-content\/uploads\/2016\/11\/IK-and-Math-CoP-Overview-Flyer-2018-09-24-724x1024.jpg 724w, http:\/\/www.mkn-rcm.ca\/french\/wp-content\/uploads\/2016\/11\/IK-and-Math-CoP-Overview-Flyer-2018-09-24-1200x1698.jpg 1200w\" alt=\"\" width=\"197\" height=\"279\"><\/a><\/td>\n<td width=\"312\"><strong><a href=\"http:\/\/www.mkn-rcm.ca\/french\/math-leadership-impact-2016-to-2019\/\">Leadership en math\u00e9matique: 2016 to 2019<\/a><\/strong><\/p>\n<p><a href=\"http:\/\/www.mkn-rcm.ca\/french\/wp-content\/uploads\/2017\/07\/HWDSB-Featured-Image.png\"><img loading=\"lazy\" class=\"wp-image-874 aligncenter\" src=\"http:\/\/www.mkn-rcm.ca\/french\/wp-content\/uploads\/2017\/07\/HWDSB-Featured-Image.png\" sizes=\"(max-width: 258px) 85vw, 258px\" srcset=\"http:\/\/www.mkn-rcm.ca\/french\/wp-content\/uploads\/2017\/07\/HWDSB-Featured-Image.png 700w, http:\/\/www.mkn-rcm.ca\/french\/wp-content\/uploads\/2017\/07\/HWDSB-Featured-Image-300x275.png 300w\" alt=\"\" width=\"258\" height=\"236\"><\/a><\/td>\n<\/tr>\n<\/tbody>\n<\/table>\n<\/div>\n<footer class=\"entry-footer\"><\/footer>\n","protected":false},"excerpt":{"rendered":"<p>Math Knowledge Network QUARTERLY volume 1, num\u00e9ro 3 (et 4) Bienvenue au num\u00e9ro 3 du volume 1 de Math Knowledge Network Quarterly! Rapport d\u2019impact des 3 premi\u00e8res ann\u00e9es du Math Knowledge Network! Nous sommes ravis de partager l\u2019apport des communaut\u00e9s de pratique des 3 premi\u00e8res ann\u00e9es: transitions critiques, mod\u00e9lisation informatique, savoirs autochtones et leadership en &hellip; <a href=\"https:\/\/www.mkn-rcm.ca\/french\/mkn-rcm\/mkn-quarterly-volume-1-issue-3\/\" class=\"more-link\">Continue reading<span class=\"screen-reader-text\"> &#8220;Revue trimestrielle MKN-RCM  volume 1, num\u00e9ro 3&#8221;<\/span><\/a><\/p>\n","protected":false},"author":272,"featured_media":0,"parent":66,"menu_order":1,"comment_status":"closed","ping_status":"closed","template":"","meta":[],"_links":{"self":[{"href":"https:\/\/www.mkn-rcm.ca\/french\/wp-json\/wp\/v2\/pages\/3240"}],"collection":[{"href":"https:\/\/www.mkn-rcm.ca\/french\/wp-json\/wp\/v2\/pages"}],"about":[{"href":"https:\/\/www.mkn-rcm.ca\/french\/wp-json\/wp\/v2\/types\/page"}],"author":[{"embeddable":true,"href":"https:\/\/www.mkn-rcm.ca\/french\/wp-json\/wp\/v2\/users\/272"}],"replies":[{"embeddable":true,"href":"https:\/\/www.mkn-rcm.ca\/french\/wp-json\/wp\/v2\/comments?post=3240"}],"version-history":[{"count":20,"href":"https:\/\/www.mkn-rcm.ca\/french\/wp-json\/wp\/v2\/pages\/3240\/revisions"}],"predecessor-version":[{"id":6349,"href":"https:\/\/www.mkn-rcm.ca\/french\/wp-json\/wp\/v2\/pages\/3240\/revisions\/6349"}],"up":[{"embeddable":true,"href":"https:\/\/www.mkn-rcm.ca\/french\/wp-json\/wp\/v2\/pages\/66"}],"wp:attachment":[{"href":"https:\/\/www.mkn-rcm.ca\/french\/wp-json\/wp\/v2\/media?parent=3240"}],"curies":[{"name":"wp","href":"https:\/\/api.w.org\/{rel}","templated":true}]}}