{"id":39,"date":"2016-11-15T17:28:38","date_gmt":"2016-11-15T22:28:38","guid":{"rendered":"http:\/\/mkn-rcm.ca\/?page_id=39"},"modified":"2023-01-24T17:01:52","modified_gmt":"2023-01-24T22:01:52","slug":"goals","status":"publish","type":"page","link":"https:\/\/www.mkn-rcm.ca\/french\/goals\/","title":{"rendered":"Buts et \u00e9ch\u00e9ances"},"content":{"rendered":"\n<div class=\"twitter-share\"><a href=\"https:\/\/twitter.com\/intent\/tweet?via=mknrcm\" class=\"twitter-share-button\">Tweet<\/a><\/div>\n<p><strong>Les objectifs<br \/>\n<\/strong><\/p>\n<p><strong>Les buts \u00e0 court terme du MKN-RCM sont:<\/strong><\/p>\n<ul>\n<li>Organiser les quatre CdP, identifier les universit\u00e9s qui collaboreront pour diriger les CdP, identifier les partenaires potentiels des districts scolaires;<\/li>\n<li>Configurer le site Web MKN-RCM;<\/li>\n<li>\u00c9tablir des groupes d\u2019espaces de travail collaboratifs \u00e0 <a href=\"http:\/\/www.teachontario.ca\/\">TeachOntario<\/a> pour les CdP;<\/li>\n<li>Embaucher des AR pour animer les groupes <a href=\"http:\/\/www.teachontario.ca\/\">MKN de TeachOntario<\/a> et offrir un soutien technologique;<\/li>\n<li>\u00c9tablir le MKN-AP;<\/li>\n<li>Embaucher le coordonnateur de la mobilisation des connaissances du MKN-RCM et \u00e9tablir des proc\u00e9dures institutionnelles conformes \u00e0 celles de CME\/Fields\u00a0;<\/li>\n<li>\u00c9tablir un r\u00e9seau pour la collaboration en face \u00e0 face ainsi qu\u2019\u00e0 distance\u00a0;<\/li>\n<li>\u00c9tablir la structure des rapports annuels et de l\u2019enqu\u00eate.<\/li>\n<\/ul>\n<p><strong>Les objectifs \u00e0 moyen terme sont les suivants :<\/strong><\/p>\n<ul>\n<li>Lancer les activit\u00e9s des CdP;<\/li>\n<li>Organiser et accueillir le premier symposium MKN;<\/li>\n<li>\u00e9tablir des liens avec la communaut\u00e9 et les organisations de parents par le biais d\u2019activit\u00e9s conjointes intentionnelles;<\/li>\n<li>S\u2019engager dans des activit\u00e9s de p\u00e9rennes visant \u00e0 accro\u00eetre les ressources pendant le mandat de cinq ans et au-del\u00e0.<\/li>\n<\/ul>\n<p><strong>Les objectifs \u00e0 long terme sont les suivants :<\/strong><\/p>\n<ul>\n<li>D\u00e9velopper la compr\u00e9hension et les connaissances math\u00e9matiques dans le secteur de l\u2019enseignement ainsi que la connaissance et la compr\u00e9hension des pratiques d\u2019enseignement efficaces en math\u00e9matiques gr\u00e2ce \u00e0 des possibilit\u00e9s r\u00e9guli\u00e8res d\u2019apprentissage professionnel (KNAER, p. 16);<\/li>\n<li>D\u00e9terminer les buts et objectifs \u00e0 long terme pour l\u2019engagement et la r\u00e9ussite des \u00e9l\u00e8ves dans l\u2019enseignement des math\u00e9matiques en Ontario;<\/li>\n<li>D\u00e9velopper des r\u00e9seaux autonomes et ax\u00e9s sur l\u2019utilisateur.<\/li>\n<\/ul>\n<p><strong>\u00c9ch\u00e9anciers<\/strong><\/p>\n<p>La dur\u00e9e du MKN-RCM est de quatre ans, le premier exercice budg\u00e9taire allant de novembre 2016 \u00e0 ao\u00fbt 2017. Pour la premi\u00e8re ann\u00e9e, nous nous attendons \u00e0 ce que les CdP soient form\u00e9es et se soient r\u00e9unies d\u2019ici le printemps 2017. Certaines activit\u00e9s du MKN auront lieu chaque ann\u00e9e et d\u2019autres auront lieu semestriellement en fonction d\u2019une ann\u00e9e scolaire. L\u2019Institut MKN aura lieu chaque printemps. Les activit\u00e9s de la CdP se d\u00e9rouleront tout au long de l\u2019ann\u00e9e scolaire et parfois en \u00e9t\u00e9 sous forme d\u2019\u00e9coles d\u2019\u00e9t\u00e9.<\/p>\n","protected":false},"excerpt":{"rendered":"<p>Les objectifs Les buts \u00e0 court terme du MKN-RCM sont: Organiser les quatre CdP, identifier les universit\u00e9s qui collaboreront pour diriger les CdP, identifier les partenaires potentiels des districts scolaires; Configurer le site Web MKN-RCM; \u00c9tablir des groupes d\u2019espaces de travail collaboratifs \u00e0 TeachOntario pour les CdP; Embaucher des AR pour animer les groupes MKN &hellip; <a href=\"https:\/\/www.mkn-rcm.ca\/french\/goals\/\" class=\"more-link\">Continue reading<span class=\"screen-reader-text\"> &#8220;Buts et \u00e9ch\u00e9ances&#8221;<\/span><\/a><\/p>\n","protected":false},"author":1,"featured_media":0,"parent":0,"menu_order":0,"comment_status":"closed","ping_status":"closed","template":"","meta":[],"_links":{"self":[{"href":"https:\/\/www.mkn-rcm.ca\/french\/wp-json\/wp\/v2\/pages\/39"}],"collection":[{"href":"https:\/\/www.mkn-rcm.ca\/french\/wp-json\/wp\/v2\/pages"}],"about":[{"href":"https:\/\/www.mkn-rcm.ca\/french\/wp-json\/wp\/v2\/types\/page"}],"author":[{"embeddable":true,"href":"https:\/\/www.mkn-rcm.ca\/french\/wp-json\/wp\/v2\/users\/1"}],"replies":[{"embeddable":true,"href":"https:\/\/www.mkn-rcm.ca\/french\/wp-json\/wp\/v2\/comments?post=39"}],"version-history":[{"count":9,"href":"https:\/\/www.mkn-rcm.ca\/french\/wp-json\/wp\/v2\/pages\/39\/revisions"}],"predecessor-version":[{"id":6106,"href":"https:\/\/www.mkn-rcm.ca\/french\/wp-json\/wp\/v2\/pages\/39\/revisions\/6106"}],"wp:attachment":[{"href":"https:\/\/www.mkn-rcm.ca\/french\/wp-json\/wp\/v2\/media?parent=39"}],"curies":[{"name":"wp","href":"https:\/\/api.w.org\/{rel}","templated":true}]}}