{"id":4048,"date":"2020-11-24T19:36:57","date_gmt":"2020-11-25T00:36:57","guid":{"rendered":"http:\/\/mkn-rcm.ca\/?page_id=4048"},"modified":"2023-03-02T16:16:57","modified_gmt":"2023-03-02T21:16:57","slug":"mkn-quarterly-volume-2-issue-1-covid-19-resources-report","status":"publish","type":"page","link":"https:\/\/www.mkn-rcm.ca\/french\/mkn-quarterly-volume-2-issue-1-covid-19-resources-report\/","title":{"rendered":"Revue MKN Quarterly &#8211; volume 2, num\u00e9ro 1"},"content":{"rendered":"\n<div class=\"twitter-share\"><a href=\"https:\/\/twitter.com\/intent\/tweet?via=mknrcm\" class=\"twitter-share-button\">Tweet<\/a><\/div>\n\n<h1>Revue trimestrielle MKN Quarterly vol. 2, no 1&nbsp;: Covid-19 &#8211; Rapport sur les ressources<\/h1>\n\n\n\n<h2>R\u00e9seau des connaissances math\u00e9matiques MKN-RCM QUARTERLY volume 2, num\u00e9ro 1<\/h2>\n\n\n<div class=\"wp-block-image\">\n<figure class=\"alignright\"><img loading=\"lazy\" width=\"300\" height=\"200\" src=\"http:\/\/www.mkn-rcm.ca\/french\/wp-content\/uploads\/2019\/02\/Children-Math-300x200.jpg\" alt=\"\" class=\"wp-image-2505\" srcset=\"https:\/\/www.mkn-rcm.ca\/french\/wp-content\/uploads\/2019\/02\/Children-Math-300x200.jpg 300w, https:\/\/www.mkn-rcm.ca\/french\/wp-content\/uploads\/2019\/02\/Children-Math-768x512.jpg 768w, https:\/\/www.mkn-rcm.ca\/french\/wp-content\/uploads\/2019\/02\/Children-Math.jpg 780w\" sizes=\"(max-width: 300px) 85vw, 300px\" \/><\/figure><\/div>\n\n\n<p>Chers partenaires et membres du MKN-RCM,<\/p>\n\n\n\n<p>Bienvenue au num\u00e9ro 1 du volume 2 de Math Knowledge Network Quarterly!<\/p>\n\n\n\n<p>Nous entamons notre cinqui\u00e8me ann\u00e9e avec des changements de leadership. Dona Kotsopoulos, qui sera bient\u00f4t doyenne de la Facult\u00e9 d\u2019\u00e9ducation de Western, continue d\u2019\u00eatre codirectrice, accompagn\u00e9e de Dragana Martinovic, professeure \u00e0 l\u2019Universit\u00e9 de Windsor, qui remplace George Gadanidis, alors qu\u2019il est en cong\u00e9 sabbatique. Cette ann\u00e9e a \u00e9t\u00e9 difficile pour tous les \u00e9ducateurs, les chefs d\u2019\u00e9tablissement, les parents et les \u00e9l\u00e8ves, ce qui rend encore plus important que nous c\u00e9l\u00e9brions la r\u00e9silience et les r\u00e9ussites dans nos communaut\u00e9s. Dans ce bulletin, vous pouvez lire les activit\u00e9s de nos quatre communaut\u00e9s de pratique au cours du trimestre pr\u00e9c\u00e9dent. Je vous souhaite \u00e0 tous sant\u00e9 et bonheur alors que nous cl\u00f4turons 2020!<\/p>\n\n\n\n<p>Donna et Dragana (codirectrices du MKN-RCM), et Arielle (coordinatrice)<\/p>\n\n\n\n<p><em>PS \u2013 Pour rester au courant des \u00e9v\u00e9nements, activit\u00e9s et ressources \u00e0 venir, veuillez visiter le <a href=\"http:\/\/www.mkn-rcm.ca\/french\/\">le site web du RCM<\/a>, vous inscrire \u00e0 notre liste de diffusion (voir le formulaire d\u2019abonnement en bas \u00e0 droite) et nous suivre sur Twitter <a href=\"https:\/\/twitter.com\/mknrcm\">@mknrcm<\/a>.<\/em><\/p>\n\n\n\n<p>\u2014\u2014\u2014\u2014\u2014\u2014\u2014\u2014\u2014\u2014\u2014-<\/p>\n\n\n\n<p>DANS CE NUM\u00c9RO<\/p>\n\n\n\n<figure class=\"wp-block-table\"><table><tbody><tr><td><strong><a href=\"http:\/\/www.mkn-rcm.ca\/french\/critical-transitions-resources-report\/\">Rapport sur les ressources de la CdP des transitions critiques<\/a><\/strong> <img loading=\"lazy\" src=\"http:\/\/www.mkn-rcm.ca\/french\/wp-content\/uploads\/2020\/11\/CTEMath_Logo_Long.png\" alt=\"\" srcset=\"http:\/\/www.mkn-rcm.ca\/french\/wp-content\/uploads\/2020\/11\/CTEMath_Logo_Long.png 1195w, http:\/\/www.mkn-rcm.ca\/french\/wp-content\/uploads\/2020\/11\/CTEMath_Logo_Long-300x79.png 300w, http:\/\/www.mkn-rcm.ca\/french\/wp-content\/uploads\/2020\/11\/CTEMath_Logo_Long-768x201.png 768w, http:\/\/www.mkn-rcm.ca\/french\/wp-content\/uploads\/2020\/11\/CTEMath_Logo_Long-1024x268.png 1024w\" width=\"286\" height=\"75\"> <img loading=\"lazy\" src=\"http:\/\/www.mkn-rcm.ca\/french\/wp-content\/uploads\/2017\/09\/Screen-Shot-2020-04-19-at-7.53.18-AM.png\" alt=\"\" srcset=\"http:\/\/www.mkn-rcm.ca\/french\/wp-content\/uploads\/2017\/09\/Screen-Shot-2020-04-19-at-7.53.18-AM.png 495w, http:\/\/www.mkn-rcm.ca\/french\/wp-content\/uploads\/2017\/09\/Screen-Shot-2020-04-19-at-7.53.18-AM-300x42.png 300w\" width=\"354\" height=\"50\"> <img loading=\"lazy\" src=\"http:\/\/www.mkn-rcm.ca\/french\/wp-content\/uploads\/2020\/04\/Screen-Shot-2020-04-18-at-7.42.04-AM.png\" alt=\"\" srcset=\"http:\/\/www.mkn-rcm.ca\/french\/wp-content\/uploads\/2020\/04\/Screen-Shot-2020-04-18-at-7.42.04-AM.png 544w, http:\/\/www.mkn-rcm.ca\/french\/wp-content\/uploads\/2020\/04\/Screen-Shot-2020-04-18-at-7.42.04-AM-300x66.png 300w\" width=\"331\" height=\"72\"><\/td><td><strong><a href=\"http:\/\/www.mkn-rcm.ca\/french\/computational-modelling-resources-report\/\">Rapport sur les ressources de la CdP sur la mod\u00e9lisation informatique<\/a><\/strong> <img loading=\"lazy\" src=\"http:\/\/www.mkn-rcm.ca\/french\/wp-content\/uploads\/2017\/09\/Screen-Shot-2020-04-18-at-8.11.30-AM-300x35-1.png\" alt=\"\" width=\"309\" height=\"36\"> <img loading=\"lazy\" src=\"http:\/\/www.mkn-rcm.ca\/french\/wp-content\/uploads\/2017\/09\/BU-NCDSB-Banner.png\" alt=\"\" srcset=\"http:\/\/www.mkn-rcm.ca\/french\/wp-content\/uploads\/2017\/09\/BU-NCDSB-Banner.png 417w, http:\/\/www.mkn-rcm.ca\/french\/wp-content\/uploads\/2017\/09\/BU-NCDSB-Banner-300x119.png 300w\" width=\"246\" height=\"98\"> <img loading=\"lazy\" src=\"http:\/\/www.mkn-rcm.ca\/french\/wp-content\/uploads\/2017\/09\/WCDSB.png\" alt=\"\" width=\"212\" height=\"65\"> <img loading=\"lazy\" src=\"http:\/\/www.mkn-rcm.ca\/french\/wp-content\/uploads\/2017\/09\/Screen-Shot-2020-04-18-at-7.52.51-AM.png\" alt=\"\" width=\"182\" height=\"68\"><\/td><\/tr><tr><td><br><strong><a href=\"http:\/\/www.mkn-rcm.ca\/french\/indigenous-knowledge-resources-report\/\">Rapport sur les ressources de la CdP des savoirs autochtones<\/a><\/strong> <img loading=\"lazy\" srcset=\"http:\/\/www.mkn-rcm.ca\/french\/wp-content\/uploads\/2017\/09\/Screen-Shot-2020-04-18-at-8.19.29-AM.png 687w, http:\/\/www.mkn-rcm.ca\/french\/wp-content\/uploads\/2017\/09\/Screen-Shot-2020-04-18-at-8.19.29-AM-300x54.png 300w\" src=\"http:\/\/www.mkn-rcm.ca\/french\/wp-content\/uploads\/2017\/09\/Screen-Shot-2020-04-18-at-8.19.29-AM.png\" alt=\"\" width=\"359\" height=\"64\"> <img loading=\"lazy\" srcset=\"http:\/\/www.mkn-rcm.ca\/french\/wp-content\/uploads\/2017\/09\/Welcome-to-the-stars-2.jpg 668w, http:\/\/www.mkn-rcm.ca\/french\/wp-content\/uploads\/2017\/09\/Welcome-to-the-stars-2-300x282.jpg 300w\" src=\"http:\/\/www.mkn-rcm.ca\/french\/wp-content\/uploads\/2017\/09\/Welcome-to-the-stars-2.jpg\" alt=\"\" width=\"294\" height=\"277\"><\/td><td><br><strong><a href=\"http:\/\/www.mkn-rcm.ca\/french\/mathematics-leadership-resources-report\/\">Rapport sur les ressources de la CdP du leadership mathematique<\/a><\/strong> <img loading=\"lazy\" srcset=\"http:\/\/www.mkn-rcm.ca\/french\/wp-content\/uploads\/2017\/09\/Screen-Shot-2020-04-18-at-7.57.27-AM.png 371w, http:\/\/www.mkn-rcm.ca\/french\/wp-content\/uploads\/2017\/09\/Screen-Shot-2020-04-18-at-7.57.27-AM-300x91.png 300w\" src=\"http:\/\/www.mkn-rcm.ca\/french\/wp-content\/uploads\/2017\/09\/Screen-Shot-2020-04-18-at-7.57.27-AM.png\" alt=\"\" width=\"296\" height=\"90\"> <img loading=\"lazy\" src=\"http:\/\/www.mkn-rcm.ca\/french\/wp-content\/uploads\/2017\/09\/Algoma-1.png\" alt=\"\" width=\"184\" height=\"81\"> <img loading=\"lazy\" src=\"http:\/\/www.mkn-rcm.ca\/french\/wp-content\/uploads\/2016\/11\/ML-Collab-Inquiry.png\" alt=\"\" width=\"192\" height=\"129\"><\/td><\/tr><\/tbody><\/table><\/figure>\n","protected":false},"excerpt":{"rendered":"<p>Revue trimestrielle MKN Quarterly vol. 2, no 1&nbsp;: Covid-19 &#8211; Rapport sur les ressources R\u00e9seau des connaissances math\u00e9matiques MKN-RCM QUARTERLY volume 2, num\u00e9ro 1 Chers partenaires et membres du MKN-RCM, Bienvenue au num\u00e9ro 1 du volume 2 de Math Knowledge Network Quarterly! Nous entamons notre cinqui\u00e8me ann\u00e9e avec des changements de leadership. Dona Kotsopoulos, qui &hellip; <a href=\"https:\/\/www.mkn-rcm.ca\/french\/mkn-quarterly-volume-2-issue-1-covid-19-resources-report\/\" class=\"more-link\">Continue reading<span class=\"screen-reader-text\"> &#8220;Revue MKN Quarterly &#8211; volume 2, num\u00e9ro 1&#8221;<\/span><\/a><\/p>\n","protected":false},"author":272,"featured_media":0,"parent":0,"menu_order":0,"comment_status":"closed","ping_status":"closed","template":"","meta":[],"_links":{"self":[{"href":"https:\/\/www.mkn-rcm.ca\/french\/wp-json\/wp\/v2\/pages\/4048"}],"collection":[{"href":"https:\/\/www.mkn-rcm.ca\/french\/wp-json\/wp\/v2\/pages"}],"about":[{"href":"https:\/\/www.mkn-rcm.ca\/french\/wp-json\/wp\/v2\/types\/page"}],"author":[{"embeddable":true,"href":"https:\/\/www.mkn-rcm.ca\/french\/wp-json\/wp\/v2\/users\/272"}],"replies":[{"embeddable":true,"href":"https:\/\/www.mkn-rcm.ca\/french\/wp-json\/wp\/v2\/comments?post=4048"}],"version-history":[{"count":29,"href":"https:\/\/www.mkn-rcm.ca\/french\/wp-json\/wp\/v2\/pages\/4048\/revisions"}],"predecessor-version":[{"id":6407,"href":"https:\/\/www.mkn-rcm.ca\/french\/wp-json\/wp\/v2\/pages\/4048\/revisions\/6407"}],"wp:attachment":[{"href":"https:\/\/www.mkn-rcm.ca\/french\/wp-json\/wp\/v2\/media?parent=4048"}],"curies":[{"name":"wp","href":"https:\/\/api.w.org\/{rel}","templated":true}]}}