{"id":4230,"date":"2021-03-10T06:51:37","date_gmt":"2021-03-10T11:51:37","guid":{"rendered":"http:\/\/mkn-rcm.ca\/?page_id=4230"},"modified":"2023-03-06T20:31:41","modified_gmt":"2023-03-07T01:31:41","slug":"interdisciplinary-lesson-plans","status":"publish","type":"page","link":"https:\/\/www.mkn-rcm.ca\/french\/interdisciplinary-lesson-plans\/","title":{"rendered":"*anglais &#8211; Plan de le\u00e7on interdisciplinaire (suite) &#8211;          semaine 26 \u00e0 28, K-3;                          junior 31;                                                     inter 29-30-32-33;                              vid\u00e9o k-3 sem 26, junior 31, inter 30"},"content":{"rendered":"\n<div class=\"twitter-share\"><a href=\"https:\/\/twitter.com\/intent\/tweet?via=mknrcm\" class=\"twitter-share-button\">Tweet<\/a><\/div>\n<p><img loading=\"lazy\" class=\"wp-image-30 alignright\" src=\"http:\/\/www.mkn-rcm.ca\/french\/wp-content\/uploads\/2016\/11\/Screen-Shot-2016-11-15-at-5.21.09-PM.png\" alt=\"\" width=\"295\" height=\"146\" srcset=\"https:\/\/www.mkn-rcm.ca\/french\/wp-content\/uploads\/2016\/11\/Screen-Shot-2016-11-15-at-5.21.09-PM.png 359w, https:\/\/www.mkn-rcm.ca\/french\/wp-content\/uploads\/2016\/11\/Screen-Shot-2016-11-15-at-5.21.09-PM-300x149.png 300w\" sizes=\"(max-width: 295px) 85vw, 295px\" \/><\/p>\n<p>Poursuivant <a href=\"http:\/\/www.mkn-rcm.ca\/french\/lesson-plans\/\"><u>nos plans de cours habituels pour le primaire, le junior et l\u2019interm\u00e9diaire<\/u><\/a>, nous passons maintenant \u00e0 des le\u00e7ons interdisciplinaires avec un groupe d\u2019\u00e2ge diff\u00e9rent chaque semaine!<\/p>\n<p>Ces le\u00e7ons sont con\u00e7ues pour combiner les math\u00e9matiques avec d\u2019autres mati\u00e8res telles que l\u2019art, la science, l\u2019histoire et bien d\u2019autres, afin de promouvoir l\u2019apprentissage interdisciplinaire! L\u2019apprentissage interdisciplinaire a montr\u00e9 qu\u2019il soutenait l\u2019apprentissage des \u00e9l\u00e8ves dans les diff\u00e9rents programmes d\u2019\u00e9tudes et c\u2019est amusant aussi!<\/p>\n<div class=\"su-spoiler su-spoiler-style-fancy su-spoiler-icon-plus su-spoiler-closed\" data-scroll-offset=\"0\" data-anchor-in-url=\"no\"><div class=\"su-spoiler-title\" tabindex=\"0\" role=\"button\"><span class=\"su-spoiler-icon\"><\/span>Primary (K-3) Lesson Plans<\/div><div class=\"su-spoiler-content su-u-clearfix su-u-trim\">\n<div class=\"su-row\"><strong>WEEK 26 \u2013&nbsp; Overlapping Shapes&nbsp; &nbsp; &nbsp;<a href=\"http:\/\/www.mkn-rcm.ca\/french\/wp-content\/uploads\/2021\/03\/K-3Week26-.docx\">English<\/a>&nbsp; &nbsp; &nbsp; &nbsp; &nbsp; <a href=\"http:\/\/www.mkn-rcm.ca\/french\/wp-content\/uploads\/2021\/03\/K-3Week26French.docx\">French<\/a><\/strong><\/p>\n<p><em>Attente du programme d\u2019\u00e9tudes : Classer et identifier les formes bidimensionnelles en comparant le nombre de c\u00f4t\u00e9s, les longueurs de ces c\u00f4t\u00e9s, les angles et le nombre d\u2019axes de sym\u00e9trie. Expliquer comment les \u00e9l\u00e9ments et les principes de la conception sont utilis\u00e9s pour communiquer le sens ou la compr\u00e9hension dans la propre \u0153uvre d\u2019art d\u2019un \u00e9l\u00e8ve et celle des autres.&nbsp;<\/em><\/div>\n<div class=\"su-row\"><strong>WEEK 27 \u2013&nbsp; Design a Mini Putt Course &nbsp; &nbsp;<a href=\"http:\/\/www.mkn-rcm.ca\/french\/wp-content\/uploads\/2021\/03\/4-6Week27_.docx\">English<\/a>&nbsp; &nbsp; &nbsp; &nbsp; &nbsp; <a href=\"http:\/\/www.mkn-rcm.ca\/french\/wp-content\/uploads\/2021\/03\/4-6Week27French.docx\">French<\/a><\/strong><\/p>\n<p><em>Curriculum Expectation: Identify angles and classify them as right, straight, acute, or obtuse. Use a variety of materials, tools, and techniques to determine solutions to design challenges.<\/em><em>&nbsp;<\/em><\/div>\n<div class=\"su-row\"><strong>WEEK 28 \u2013&nbsp; Urban Planning &nbsp;&nbsp;<a href=\"http:\/\/www.mkn-rcm.ca\/french\/wp-content\/uploads\/2021\/03\/IntermediateWeek28.docx\">English<\/a>&nbsp; &nbsp; &nbsp; &nbsp; &nbsp; <a href=\"http:\/\/www.mkn-rcm.ca\/french\/wp-content\/uploads\/2021\/03\/IntermediateWeek28French.docx\">French<\/a><\/strong><\/p>\n<p><em>Curriculum Expectation: Solve problems involving the&nbsp;perimeter,&nbsp;circumference, area,&nbsp;volume, and&nbsp;surface area&nbsp;of composite&nbsp;two-dimensional shapes&nbsp;and&nbsp;three-dimensional objects, using appropriate formula.<\/em><em>&nbsp;<\/em><\/div>\n<\/div><\/div>\n<div class=\"su-spoiler su-spoiler-style-fancy su-spoiler-icon-plus su-spoiler-closed\" data-scroll-offset=\"0\" data-anchor-in-url=\"no\"><div class=\"su-spoiler-title\" tabindex=\"0\" role=\"button\"><span class=\"su-spoiler-icon\"><\/span>Junior (4-6) Lesson Plans<\/div><div class=\"su-spoiler-content su-u-clearfix su-u-trim\">\n<div class=\"su-row\"><strong>WEEK 31 \u2013&nbsp; Measuring Your Heart Rate&nbsp;&nbsp;<a href=\"http:\/\/www.mkn-rcm.ca\/french\/wp-content\/uploads\/2021\/05\/4-6Week31.docx\">English<\/a>&nbsp; &nbsp; &nbsp; &nbsp; &nbsp; <a href=\"http:\/\/www.mkn-rcm.ca\/french\/wp-content\/uploads\/2021\/05\/4-6Week31French.docx\">French<\/a><\/strong><\/p>\n<p><em>Curriculum Expectation: Select from among a variety of graphs, including stacked-bar graphs, the type of graph best suited to represent various sets of data; display the data in the graphs with proper sources, titles, and labels, and appropriate scales; and justify their choice of graphs.<\/em><em>&nbsp;<\/em><\/div>\n<\/div><\/div>\n<div class=\"su-spoiler su-spoiler-style-fancy su-spoiler-icon-plus su-spoiler-closed\" data-scroll-offset=\"0\" data-anchor-in-url=\"no\"><div class=\"su-spoiler-title\" tabindex=\"0\" role=\"button\"><span class=\"su-spoiler-icon\"><\/span>Intermediate (9) Lesson Plans<\/div><div class=\"su-spoiler-content su-u-clearfix su-u-trim\">\n<div class=\"su-row\"><strong>WEEK 29 \u2013&nbsp; Reducing Electricity Consumption &nbsp; &nbsp;<a href=\"http:\/\/www.mkn-rcm.ca\/french\/wp-content\/uploads\/2021\/03\/G9Week29.docx\">English<\/a>&nbsp; &nbsp; &nbsp; &nbsp; &nbsp; <a href=\"http:\/\/www.mkn-rcm.ca\/french\/wp-content\/uploads\/2021\/03\/G9Week29-French.docx\">French<\/a><\/strong><\/p>\n<p><em>Curriculum Expectation: Interpret the meanings of points on scatter plots or graphs that represent linear relations.<\/em><em>&nbsp;<\/em><\/div>\n<div class=\"su-row\"><strong>WEEK 30 \u2013&nbsp; Sorting Plants and Animals&nbsp;&nbsp;<a href=\"http:\/\/www.mkn-rcm.ca\/french\/wp-content\/uploads\/2021\/04\/K-3Week30.docx\">English<\/a>&nbsp; &nbsp; &nbsp; &nbsp; &nbsp; <a href=\"http:\/\/www.mkn-rcm.ca\/french\/wp-content\/uploads\/2021\/04\/K-3Week30French-.docx\">French<\/a><\/strong><\/p>\n<p><em>Curriculum Expectation: Compare several everyday objects and order them according to length, area, mass, and capacity.<\/em><em>&nbsp;<\/em><\/div>\n<div class=\"su-row\"><strong>WEEK 32 \u2013&nbsp; Historical Data Graphing &nbsp;<a href=\"http:\/\/www.mkn-rcm.ca\/french\/wp-content\/uploads\/2021\/05\/IntermediateWeek32.docx\">English<\/a>&nbsp; &nbsp; &nbsp; &nbsp; &nbsp; <a href=\"http:\/\/www.mkn-rcm.ca\/french\/wp-content\/uploads\/2021\/05\/IntermediateWeek32French.docx\">French<\/a><\/strong><\/p>\n<p><em>Curriculum Expectation: Select from among a variety of graphs, including circle graphs, the type of graph best suited to represent various sets of data; display the data in the graphs with proper sources, titles, and labels, and appropriate scales; and justify their choice of graphs.<\/em><em>&nbsp;<\/em><\/div>\n<div class=\"su-row\"><strong>WEEK 33 \u2013&nbsp; Population Pyramids &nbsp;<a href=\"http:\/\/www.mkn-rcm.ca\/french\/wp-content\/uploads\/2021\/06\/G9Week33.docx\">English<\/a>&nbsp; &nbsp; &nbsp; &nbsp; &nbsp; <a href=\"http:\/\/www.mkn-rcm.ca\/french\/wp-content\/uploads\/2021\/06\/G9Week33French.docx\">French<\/a><\/strong><\/p>\n<p><em>Curriculum Expectation: Describe trends and relationships observed in data, make inferences from data, compare the inferences with hypotheses about the data, and explain any differences between the inferences and the hypotheses.<\/em><em>&nbsp;<\/em><\/div>\n<\/div><\/div>\n<div class=\"su-spoiler su-spoiler-style-fancy su-spoiler-icon-plus su-spoiler-closed\" data-scroll-offset=\"0\" data-anchor-in-url=\"no\"><div class=\"su-spoiler-title\" tabindex=\"0\" role=\"button\"><span class=\"su-spoiler-icon\"><\/span>Primary (K-3) Lesson Videos<\/div><div class=\"su-spoiler-content su-u-clearfix su-u-trim\">\n<div class=\"su-row\"><strong>WEEK 26 \u2013&nbsp; Overlapping Shapes&nbsp; &nbsp; &nbsp;<a href=\"https:\/\/www.youtube.com\/watch?v=R5PwTM7QCpo\">English<\/a><\/strong><\/p>\n<p><em>Curriculum Expectation: Sort and identify two-dimensional shapes by comparing number of sides, side lengths, angles, and number of lines of symmetry. Explain how elements and principles of design are used to communicate meaning or understanding in their own and others\u2019 artwork.<\/em><em>&nbsp;<\/em><\/div>\n<\/div><\/div>\n<div class=\"su-spoiler su-spoiler-style-fancy su-spoiler-icon-plus su-spoiler-closed\" data-scroll-offset=\"0\" data-anchor-in-url=\"no\"><div class=\"su-spoiler-title\" tabindex=\"0\" role=\"button\"><span class=\"su-spoiler-icon\"><\/span>Junior (4-6) Lesson Videos<\/div><div class=\"su-spoiler-content su-u-clearfix su-u-trim\">\n<div class=\"su-row\"><strong>WEEK 31 \u2013&nbsp; Measuring Your Heart Rate<\/strong><strong>&nbsp;&nbsp;<a href=\"https:\/\/www.youtube.com\/watch?v=dyYFpKKsWfI\">English<\/a>&nbsp;<\/strong><\/p>\n<p><em>Curriculum Expectation: Select from among a variety of graphs, including stacked-bar graphs, the type of graph best suited to represent various sets of data; display the data in the graphs with proper sources, titles, and labels, and appropriate scales; and justify their choice of graphs.<\/em><em>&nbsp;<\/em><\/div>\n<\/div><\/div>\n<div class=\"su-spoiler su-spoiler-style-fancy su-spoiler-icon-plus su-spoiler-closed\" data-scroll-offset=\"0\" data-anchor-in-url=\"no\"><div class=\"su-spoiler-title\" tabindex=\"0\" role=\"button\"><span class=\"su-spoiler-icon\"><\/span>Intermediate (9) Lesson Videos<\/div><div class=\"su-spoiler-content su-u-clearfix su-u-trim\">\n<div class=\"su-row\"><strong>WEEK 30 \u2013&nbsp; Sorting Plants and Animals&nbsp;&nbsp;<a href=\"https:\/\/www.youtube.com\/watch?v=PpkxUXjjsFI\">English<\/a>&nbsp;<\/strong><\/p>\n<p><em>Curriculum Expectation: Compare several everyday objects and order them according to length, area, mass, and capacity.<\/em><em>&nbsp;<\/em><\/div>\n<\/div><\/div>\n","protected":false},"excerpt":{"rendered":"<p>Poursuivant nos plans de cours habituels pour le primaire, le junior et l\u2019interm\u00e9diaire, nous passons maintenant \u00e0 des le\u00e7ons interdisciplinaires avec un groupe d\u2019\u00e2ge diff\u00e9rent chaque semaine! Ces le\u00e7ons sont con\u00e7ues pour combiner les math\u00e9matiques avec d\u2019autres mati\u00e8res telles que l\u2019art, la science, l\u2019histoire et bien d\u2019autres, afin de promouvoir l\u2019apprentissage interdisciplinaire! L\u2019apprentissage interdisciplinaire a &hellip; <a href=\"https:\/\/www.mkn-rcm.ca\/french\/interdisciplinary-lesson-plans\/\" class=\"more-link\">Continue reading<span class=\"screen-reader-text\"> &#8220;*anglais &#8211; Plan de le\u00e7on interdisciplinaire (suite) &#8211;          semaine 26 \u00e0 28, K-3;                          junior 31;                                                     inter 29-30-32-33;                              vid\u00e9o k-3 sem 26, junior 31, inter 30&#8221;<\/span><\/a><\/p>\n","protected":false},"author":272,"featured_media":0,"parent":0,"menu_order":0,"comment_status":"closed","ping_status":"closed","template":"","meta":[],"_links":{"self":[{"href":"https:\/\/www.mkn-rcm.ca\/french\/wp-json\/wp\/v2\/pages\/4230"}],"collection":[{"href":"https:\/\/www.mkn-rcm.ca\/french\/wp-json\/wp\/v2\/pages"}],"about":[{"href":"https:\/\/www.mkn-rcm.ca\/french\/wp-json\/wp\/v2\/types\/page"}],"author":[{"embeddable":true,"href":"https:\/\/www.mkn-rcm.ca\/french\/wp-json\/wp\/v2\/users\/272"}],"replies":[{"embeddable":true,"href":"https:\/\/www.mkn-rcm.ca\/french\/wp-json\/wp\/v2\/comments?post=4230"}],"version-history":[{"count":28,"href":"https:\/\/www.mkn-rcm.ca\/french\/wp-json\/wp\/v2\/pages\/4230\/revisions"}],"predecessor-version":[{"id":5788,"href":"https:\/\/www.mkn-rcm.ca\/french\/wp-json\/wp\/v2\/pages\/4230\/revisions\/5788"}],"wp:attachment":[{"href":"https:\/\/www.mkn-rcm.ca\/french\/wp-json\/wp\/v2\/media?parent=4230"}],"curies":[{"name":"wp","href":"https:\/\/api.w.org\/{rel}","templated":true}]}}