{"id":74,"date":"2016-11-15T18:52:56","date_gmt":"2016-11-15T23:52:56","guid":{"rendered":"http:\/\/mkn-rcm.ca\/?page_id=74"},"modified":"2023-02-21T22:12:02","modified_gmt":"2023-02-22T03:12:02","slug":"partners","status":"publish","type":"page","link":"https:\/\/www.mkn-rcm.ca\/french\/partners\/","title":{"rendered":"Partenaires"},"content":{"rendered":"\n<div class=\"twitter-share\"><a href=\"https:\/\/twitter.com\/intent\/tweet?via=mknrcm\" class=\"twitter-share-button\">Tweet<\/a><\/div>\n<p><strong>Partenaires et membres du Comit\u00e9 consultatif<\/strong><\/p>\n<p><span style=\"text-decoration: underline;\">Organisations<\/span><\/p>\n<ol>\n<li><strong>Association of Early Childhood Educators of Ontario<\/strong> (AECEO): <a href=\"http:\/\/www.aeceo.ca\/\" target=\"_blank\" rel=\"noopener\">aeceo.ca<\/a>. (Association des \u00e9ducatrices et des \u00e9ducateurs de la petite enfance de l\u2019Ontario ) represent\u00e9e par <a href=\"http:\/\/www.aeceo.ca\/aeceo_board_of_directors\" target=\"_blank\" rel=\"noopener\">Anne Wright<\/a>.<\/li>\n<li><strong>Association francophone pour l\u2019enseignement des math\u00e9matiques en Ontario<\/strong> (AFEMO): <a href=\"http:\/\/www.afemo.on.ca\/\" target=\"_blank\" rel=\"noopener\">afemo.on.ca<\/a>. Marie-H\u00e9l\u00e8ne d\u2019Amour est pr\u00e9sidente de L\u2019AFEMO.<\/li>\n<li><strong>Canadian Mathematical Society<\/strong> (CMS; <a href=\"http:\/\/www.cms.math.ca\" target=\"_blank\" rel=\"noopener\">cms.math.ca<\/a>). (Soci\u00e9t\u00e9 math\u00e9matique du Canada). Represent\u00e9e par <a href=\"http:\/\/www.mast.queensu.ca\/~peter\/\" target=\"_blank\" rel=\"noopener\">Peter Taylor <\/a>de l&#8217;universit\u00e9 Queen&#8217;s.<\/li>\n<li><strong>Catholic Principals&#8217; Council of Ontario\u00a0<\/strong>(CPCO; <a href=\"https:\/\/cpco.on.ca\/\" target=\"_blank\" rel=\"noopener\">cpco.on.ca<\/a>): . Represent\u00e9 par Luciana Cardarelli, qui est la coordonnatrice des programmes et des services aux membres.<\/li>\n<li><strong>First Nations, M\u00e9tis &amp; Inuit Education Association of Ontario <\/strong>(FNMIEAO; <a href=\"http:\/\/www.fnmieao.com\" target=\"_blank\" rel=\"noopener\">fnmieao.com<\/a>)(Association d\u2019\u00e9ducation des Premi\u00e8res Nations, des M\u00e9tis et des Inuits de l\u2019Ontario). FNMIEAO est une association provinciale qui repr\u00e9sente les Premi\u00e8res Nations, les M\u00e9tis et les Inuits et les enseignants de langues autochtones Le FNMIEAO sera repr\u00e9sent\u00e9 au RCM-AP par la copr\u00e9sidente\u00a0 <a href=\"https:\/\/twitter.com\/jodiesgot5\" target=\"_blank\" rel=\"noopener\">Jodie Williams<\/a>.<\/li>\n<li><strong>Greater Essex County District School Board\u00a0<\/strong>(GECDSB; <a href=\"https:\/\/www.publicboard.ca\/Pages\/default.aspx\" target=\"_blank\" rel=\"noopener\">publicboard.ca<\/a>): Repr\u00e9sent\u00e9 par Clara Howitt, surintendante, Programmes et apprentissage professionnel.<\/li>\n<li><strong>Mathematics Leadership Network<\/strong> (MLN; mathleadershipnetwork.ca): Repr\u00e9sent\u00e9 par Tim Graves, chef d\u2019\u00e9quipe (r\u00e9gion du Nord-Est), Division du rendement des \u00e9l\u00e8ves, minist\u00e8re de l\u2019\u00c9ducation.<\/li>\n<li><strong>Mathematics Leadership Network Toronto Region\u00a0<\/strong>(<a href=\"https:\/\/twitter.com\/MLNTORegion\" target=\"_blank\" rel=\"noopener\">MLNTO<\/a>): Repr\u00e9sent\u00e9 par Maria Ivankovic et Jacqueline Herman, chefs d\u2019\u00e9quipe (r\u00e9gion de Toronto), Division du rendement des \u00e9l\u00e8ves, minist\u00e8re de l\u2019\u00c9ducation.<\/li>\n<li><strong>R\u00e9seau de leadership et d\u2019apprentissage en math\u00e9matiques<\/strong> (ML2N;\u00a0 <a href=\"https:\/\/sites.google.com\/teltgafe.com\/ml2n\/home\">ml2n.com<\/a>) : repr\u00e9sent\u00e9 par Sandra Peirce, facilitatrice de l\u2019enseignement et de l\u2019\u00e9valuation au SCDSB ; Andrea Gillespie, chef d\u2019\u00e9quipe sur le terrain, r\u00e9gion de Barrie, minist\u00e8re de l\u2019\u00c9ducation.<\/li>\n<li><strong>R\u00e9seau de leadership et d\u2019apprentissage en math\u00e9matiques du Nord-Ouest <\/strong>(NWML2N<strong>; <\/strong>\u00a0<a href=\"https:\/\/sites.google.com\/teltgafe.com\/northwestml2n\/home\">northwestml2n.ca<\/a>) : repr\u00e9sent\u00e9 par Nancy Petrick, surintendante de l\u2019\u00e9ducation, actuellement en d\u00e9tachement aupr\u00e8s du Secr\u00e9tariat de la litt\u00e9ratie et de la num\u00e9ratie du minist\u00e8re de l\u2019\u00c9ducation.<\/li>\n<li><strong>Ontario Association for Mathematics Education <\/strong>(OAME;\u00a0 <a href=\"http:\/\/www.oame.on.ca\">oame.on.ca<\/a>). L\u2019OAME est repr\u00e9sent\u00e9e au MKN-AP par l\u2019ancienne pr\u00e9sidente de l\u2019OAME, Judy Mendaglio, qui est membre de l\u2019ex\u00e9cutif du CME.<\/li>\n<li><strong>Ontario Mathematics Coordinators Association <\/strong>(OMCA;\u00a0 <a href=\"http:\/\/omca.website\/\">site Web de l&#8217;OMCA<\/a>). Repr\u00e9sent\u00e9e\u00a0 par <a href=\"http:\/\/omca.website\/leadership-team\/\">Cathy Chaput<\/a>, coordonnatrice de programme au Wellington Catholic DSB, et pr\u00e9sidente actuelle de l\u2019OMCA, ainsi que par <a href=\"https:\/\/twitter.com\/irenemcevoy\">Irene McEvoy<\/a>, facilitatrice et consultante provinciale en math\u00e9matique.<\/li>\n<li><strong>Conseil des directions d\u2019\u00e9cole de l\u2019Ontario<\/strong> (OPC;\u00a0 <a href=\"https:\/\/principals.ca\/default.aspx\">principals.ca<\/a>) : Repr\u00e9sent\u00e9 par <a href=\"https:\/\/twitter.com\/cmfraser12?lang=en\">Cam Fraser<\/a>, responsable de l\u2019apprentissage professionnel.<\/li>\n<li><strong>Ontario English Catholic Teachers&#8217; Association<\/strong> (OECTA;\u00a0 <a href=\"http:\/\/www.catholicteachers.ca\/\">catholicteachers.ca<\/a>). repr\u00e9sent\u00e9e par <a href=\"https:\/\/twitter.com\/russostweets\">Belinda Russo<\/a>, premi\u00e8re vice-pr\u00e9sidente de l\u2019\u00e9cole primaire Dufferin-Peel;\u00a0 <a href=\"http:\/\/www.catholicteachers.ca\/Contact-Us\">Susan Perry<\/a>, responsable du d\u00e9veloppement professionnel.<\/li>\n<li><strong>Ontario Secondary School Teachers\u2019 Federation<\/strong> (OSSTF; <a href=\"http:\/\/osstf.on.ca\/\" target=\"_blank\" rel=\"noopener\">osstf.on.ca<\/a>) (F\u00e9d\u00e9ration des enseignantes-enseignants des \u00e9coles secondaires de l\u2019Ontario<strong>)<\/strong>;\u00a0 <a href=\"http:\/\/osstf.on.ca\/\">osstf.on.ca<\/a>). Repr\u00e9sent\u00e9 par Rob Dubyk, adjoint ex\u00e9cutif.<\/li>\n<li><strong>South Western Ontario Association for Mathematics Education<\/strong> (SWOAME;\u00a0 <a href=\"http:\/\/www.oame.on.ca\/main\/index1.php?code=chapsummary&amp;chapter=SWOAME\">oame.on.ca<\/a>). Elizabeth Pearsall, repr\u00e9sentante de la section.<\/li>\n<li><strong>Toronto Catholic District School Board<\/strong> (TCDSB;\u00a0 <a href=\"https:\/\/www.tcdsb.org\">tcdsb.org<\/a>). Repr\u00e9sent\u00e9 par Joe Russo, 21st Century Learning.<\/li>\n<li><strong>Toronto District School Board <\/strong>(TDSB;\u00a0 <a href=\"http:\/\/www.tdsb.on.ca\/\">tdsb.on.ca<\/a>). Repr\u00e9sent\u00e9 par Ralph Walker, directeur, \u00e9cole primaire St. Andrews.<\/li>\n<li><strong>TVO <\/strong>(<a href=\"http:\/\/www.tvo.org\/\">TVO.org<\/a><strong>). <\/strong>\u00a0Katina Papulkas est directrice des partenariats \u00e9ducatifs et directement responsable de <a href=\"http:\/\/www.teachontario.ca\/\">TeachOntario<\/a>.<\/li>\n<li><strong>Wellington Catholic District School Board<\/strong> (WCDSB;\u00a0 <a href=\"http:\/\/www.wellingtoncdsb.ca\">wellingtoncdsb.ca<\/a>). Repr\u00e9sent\u00e9 par Jeff Cummings, coordonnateur de l\u2019apprentissage en ligne.<\/li>\n<\/ol>\n<p><strong><u>Universit\u00e9s<\/u><\/strong><\/p>\n<ol>\n<li><a href=\"https:\/\/brocku.ca\/\"><strong>Universit\u00e9 Brock<\/strong><\/a><strong>.<\/strong>\u00a0 Repr\u00e9sent\u00e9e par <a href=\"https:\/\/brocku.ca\/mathematics-science\/mathematics\/directory\/chantal-buteau\/\">Chantal Buteau<\/a>, professeure agr\u00e9g\u00e9e au D\u00e9partement de math\u00e9matiques et de statistique.<\/li>\n<li><a href=\"http:\/\/www.huronuc.on.ca\/Home\"><strong>Coll\u00e8ge universitaire Huron<\/strong><\/a>. Repr\u00e9sent\u00e9 par Donna Kotsopoulos, doyenne de la Facult\u00e9 des arts et des sciences sociales.<\/li>\n<li><a href=\"https:\/\/www.lakeheadu.ca\/\"><strong>Universit\u00e9 Lakehead<\/strong><\/a><strong>.<\/strong>\u00a0 Repr\u00e9sent\u00e9e par <a href=\"https:\/\/www.lakeheadu.ca\/users\/K\/akajande\/node\/17291\">\u00a0Ann Kajander<\/a>, professeure agr\u00e9g\u00e9e \u00e0 la Facult\u00e9 d\u2019\u00e9ducation.<\/li>\n<li><a href=\"https:\/\/laurentian.ca\/\"><strong>Universit\u00e9 Laurentienne<\/strong><\/a>. Repr\u00e9sent\u00e9e par <a href=\"https:\/\/laurentian.ca\/faculty\/sdemers\">Serge Demers<\/a>, registraire et secr\u00e9taire du S\u00e9nat.<\/li>\n<li><a href=\"http:\/\/www.nipissingu.ca\/\"><strong>Universit\u00e9 de Nipissing<\/strong><\/a><strong>.<\/strong>\u00a0 Repr\u00e9sent\u00e9e par <a href=\"http:\/\/faculty.nipissingu.ca\/danj\/\">\u00a0Daniel Jarvis<\/a>, professeur d\u2019\u00e9tudes sup\u00e9rieures et d\u2019enseignement des math\u00e9matiques \u00e0 l\u2019\u00c9cole d\u2019\u00e9ducation Schulich.<\/li>\n<li><a href=\"http:\/\/www.queensu.ca\/\"><strong>Universit\u00e9 Queen\u2019s<\/strong><\/a><strong>.<\/strong> \u00a0Repr\u00e9sent\u00e9e par \u00a0Lynda Colgan, professeure d\u2019enseignement des math\u00e9matiques au primaire et directrice du Queen\u2019s Education Community Outreach Centre.<\/li>\n<li><a href=\"http:\/\/www.oise.utoronto.ca\/oise\/Home\/index.html\"><strong>Institut d\u2019\u00e9tudes p\u00e9dagogiques de l\u2019Ontario\/Universit\u00e9 de Toronto<\/strong><\/a><strong> (<\/strong><a href=\"https:\/\/wordpress.oise.utoronto.ca\/robertson\/\">https:\/\/wordpress.oise.utoronto.ca\/robertson\/<\/a>). Repr\u00e9sent\u00e9 par Bev Caswell, professeure adjointe et directrice du Robertson Program for Inquiry-Based Teaching in Mathematics and Science, OISE\/UT.<\/li>\n<li><a href=\"https:\/\/www.trentu.ca\/education\/\"><strong>Universit\u00e9 Trent<\/strong><\/a>. Repr\u00e9sent\u00e9e par <a href=\"https:\/\/www.researchgate.net\/profile\/Tara_Flynn\">Tara Flynn,<\/a> associ\u00e9e de recherche, Facult\u00e9 d\u2019\u00e9ducation.<\/li>\n<li><a href=\"https:\/\/laurentian.ca\/\"><strong>Institut universitaire de technologie de l\u2019Ontario<\/strong><\/a><strong><u> (<\/u><\/strong><a href=\"https:\/\/laurentian.ca\/\"><strong>University of Ontario Institute of Technology<\/strong><\/a>). Repr\u00e9sent\u00e9e par <a href=\"https:\/\/www.amimamolo.com\/about.html\">Ami Mamolo<\/a>, professeure adjointe \u00e0 la Facult\u00e9 d\u2019\u00e9ducation.<\/li>\n<li><a href=\"http:\/\/janettehughes.ca\/lab\/\"><strong>UOIT STEAM-3D MAKER LAB<\/strong><\/a>. \u00a0Janette Hughes,\u00a0 Chaire de recherche du Canada en technologie et p\u00e9dagogie, Institut universitaire de technologie de l\u2019Ontario.<\/li>\n<li><a href=\"https:\/\/www.uottawa.ca\/en\"><strong>Universit\u00e9 d\u2019Ottawa<\/strong><\/a>. Repr\u00e9sent\u00e9e par Richard Barwell, doyen et professeur \u00e0 la Facult\u00e9 d\u2019\u00e9ducation et chef de l\u2019Unit\u00e9 de recherche en enseignement des math\u00e9matiques (MERU).<\/li>\n<li><a href=\"https:\/\/www.math.toronto.edu\/\"><strong>Universit\u00e9 de Toronto<\/strong><\/a><strong>.<\/strong> \u00a0Repr\u00e9sent\u00e9e par Joanna Sheridan, agente de sensibilisation et de projets sp\u00e9ciaux, D\u00e9partement de math\u00e9matiques, Universit\u00e9 de Toronto.<\/li>\n<li><a href=\"http:\/\/www.uwindsor.ca\/\"><strong>Universit\u00e9 de Windsor<\/strong><\/a><strong>.<\/strong> \u00a0Repr\u00e9sent\u00e9e par Dragana Martinovic, professeure \u00e0 la Facult\u00e9 d\u2019\u00e9ducation.<\/li>\n<li><a href=\"http:\/\/uwo.ca\"><strong>Universit\u00e9 Western<\/strong><\/a><strong>.<\/strong> \u00a0Repr\u00e9sent\u00e9e par George Gadanidis, professeur d\u2019enseignement des math\u00e9matiques.<\/li>\n<li><a href=\"https:\/\/www.wlu.ca\"><strong>Universit\u00e9 Wilfrid Laurier<\/strong><\/a>. Repr\u00e9sent\u00e9e par <a href=\"https:\/\/www.wlu.ca\/academics\/faculties\/faculty-of-education\/faculty-profiles\/jennifer-holm\/index.html\">Jennifer Holm<\/a>, professeure adjointe.<\/li>\n<li><a href=\"http:\/\/yorku.ca\"><strong>Universit\u00e9 York<\/strong><\/a><strong>.<\/strong> \u00a0Repr\u00e9sent\u00e9e par Mme Anna Jupp, directrice des programmes d\u2019apprentissage professionnel et ancienne coordonnatrice des math\u00e9matiques et de la num\u00e9ratie au TDSB et pr\u00e9sidente et vice-pr\u00e9sidente de l\u2019OAME.<\/li>\n<\/ol>\n","protected":false},"excerpt":{"rendered":"<p>Partenaires et membres du Comit\u00e9 consultatif Organisations Association of Early Childhood Educators of Ontario (AECEO): aeceo.ca. (Association des \u00e9ducatrices et des \u00e9ducateurs de la petite enfance de l\u2019Ontario ) represent\u00e9e par Anne Wright. Association francophone pour l\u2019enseignement des math\u00e9matiques en Ontario (AFEMO): afemo.on.ca. Marie-H\u00e9l\u00e8ne d\u2019Amour est pr\u00e9sidente de L\u2019AFEMO. Canadian Mathematical Society (CMS; cms.math.ca). (Soci\u00e9t\u00e9 &hellip; <a href=\"https:\/\/www.mkn-rcm.ca\/french\/partners\/\" class=\"more-link\">Continue reading<span class=\"screen-reader-text\"> &#8220;Partenaires&#8221;<\/span><\/a><\/p>\n","protected":false},"author":1,"featured_media":0,"parent":0,"menu_order":0,"comment_status":"closed","ping_status":"closed","template":"","meta":[],"_links":{"self":[{"href":"https:\/\/www.mkn-rcm.ca\/french\/wp-json\/wp\/v2\/pages\/74"}],"collection":[{"href":"https:\/\/www.mkn-rcm.ca\/french\/wp-json\/wp\/v2\/pages"}],"about":[{"href":"https:\/\/www.mkn-rcm.ca\/french\/wp-json\/wp\/v2\/types\/page"}],"author":[{"embeddable":true,"href":"https:\/\/www.mkn-rcm.ca\/french\/wp-json\/wp\/v2\/users\/1"}],"replies":[{"embeddable":true,"href":"https:\/\/www.mkn-rcm.ca\/french\/wp-json\/wp\/v2\/comments?post=74"}],"version-history":[{"count":50,"href":"https:\/\/www.mkn-rcm.ca\/french\/wp-json\/wp\/v2\/pages\/74\/revisions"}],"predecessor-version":[{"id":6346,"href":"https:\/\/www.mkn-rcm.ca\/french\/wp-json\/wp\/v2\/pages\/74\/revisions\/6346"}],"wp:attachment":[{"href":"https:\/\/www.mkn-rcm.ca\/french\/wp-json\/wp\/v2\/media?parent=74"}],"curies":[{"name":"wp","href":"https:\/\/api.w.org\/{rel}","templated":true}]}}