{"id":789,"date":"2017-06-23T10:32:53","date_gmt":"2017-06-23T14:32:53","guid":{"rendered":"http:\/\/mkn-rcm.ca\/?page_id=789"},"modified":"2023-02-13T18:20:46","modified_gmt":"2023-02-13T23:20:46","slug":"symmetry-ct","status":"publish","type":"page","link":"https:\/\/www.mkn-rcm.ca\/french\/symmetry-ct\/","title":{"rendered":"Les sym\u00e9tries en tant que transformations et le codage"},"content":{"rendered":"\n<div class=\"twitter-share\"><a href=\"https:\/\/twitter.com\/intent\/tweet?via=mknrcm\" class=\"twitter-share-button\">Tweet<\/a><\/div>\n<div class=\"su-tabs su-tabs-style-default su-tabs-mobile-stack\" data-active=\"1\" data-scroll-offset=\"0\" data-anchor-in-url=\"no\"><div class=\"su-tabs-nav\"><span class=\"\" data-url=\"\" data-target=\"blank\" tabindex=\"0\" role=\"button\">Entrevue avec l\u2019enseignant de 2<sup>e<\/sup> et 3e ann\u00e9e<\/span><span class=\"\" data-url=\"\" data-target=\"blank\" tabindex=\"0\" role=\"button\">C\u00f4te \u00e0 c\u00f4te<\/span><\/div><div class=\"su-tabs-panes\"><div class=\"su-tabs-pane su-u-clearfix su-u-trim\" data-title=\"Entrevue avec l\u2019enseignant de 2&lt;sup&gt;e&lt;\/sup&gt; et 3e ann\u00e9e\">\n<p><strong>Entrevue avec Bronna Silver, enseignante de 2<sup>e<\/sup> et 3<sup>e<\/sup> ann\u00e9e, St. Andrews PS, TDSB<\/strong><\/p>\n<p><a href=\"http:\/\/www.mkn-rcm.ca\/french\/wp-content\/uploads\/2016\/11\/Screen-Shot-2017-06-24-at-10.04.24-AM.png\"><img loading=\"lazy\" class=\"alignnone size-full wp-image-808\" src=\"http:\/\/www.mkn-rcm.ca\/french\/wp-content\/uploads\/2016\/11\/Screen-Shot-2017-06-24-at-10.04.24-AM.png\" alt=\"screen-shot-2017-06-24-at-10-04-24-am\" width=\"445\" height=\"222\" srcset=\"https:\/\/www.mkn-rcm.ca\/french\/wp-content\/uploads\/2016\/11\/Screen-Shot-2017-06-24-at-10.04.24-AM.png 445w, https:\/\/www.mkn-rcm.ca\/french\/wp-content\/uploads\/2016\/11\/Screen-Shot-2017-06-24-at-10.04.24-AM-300x150.png 300w\" sizes=\"(max-width: 445px) 85vw, 445px\" \/><\/a><\/p>\n<p><em>Consultez les environnements de codage, les plans de le\u00e7on, les r\u00e9cits et les autres ressources de cette le\u00e7on \u00e0 <\/em><em>https:\/\/learnx.ca\/sym\/ et\u00a0 <a href=\"https:\/\/learnx.ca\/symmetry\/\">https:\/\/learnx.ca\/symmetry\/<\/a><br \/>\n<\/em><\/p>\n<p><em>Utilisez l\u2019onglet de gauche ci-dessus pour afficher la sym\u00e9trie c\u00f4te \u00e0 c\u00f4te.<\/em><\/p>\n<p><em>Discutez-en dans l\u2019\u00e9mission TeachOntario de TVO <\/em>[\u00e0 venir].<\/p>\n<ol>\n<li>Nous pouvons voir les sym\u00e9tries comme des transformations : une transformation qui pourrait laisser une forme inchang\u00e9e. Nous pouvons aussi la voir comme une permutation.<\/li>\n<\/ol>\n<p><iframe loading=\"lazy\" src=\"https:\/\/www.youtube-nocookie.com\/embed\/cyGOoieNzKA?rel=0&amp;showinfo=0\" width=\"480\" height=\"270\" frameborder=\"0\" allowfullscreen=\"allowfullscreen\"><\/iframe><\/p>\n<ol start=\"2\">\n<li>Nous avons fait des liens avec la mesure d\u2019angle, les fractions, les listes organis\u00e9es et les probabilit\u00e9s.<\/li>\n<\/ol>\n<p><iframe loading=\"lazy\" src=\"https:\/\/www.youtube-nocookie.com\/embed\/If8ukI2mzSc?rel=0&amp;showinfo=0\" width=\"480\" height=\"270\" frameborder=\"0\" allowfullscreen=\"allowfullscreen\"><\/iframe><\/p>\n<ol start=\"3\">\n<li>J\u2019ai \u00e9t\u00e9 surpris de la r\u00e9action des \u00e9l\u00e8ves et de la fa\u00e7on dont ils se sont engag\u00e9s.<\/li>\n<\/ol>\n<p><iframe loading=\"lazy\" src=\"https:\/\/www.youtube-nocookie.com\/embed\/7drLG6Qnxgo?rel=0&amp;showinfo=0\" width=\"480\" height=\"270\" frameborder=\"0\" allowfullscreen=\"allowfullscreen\"><\/iframe><\/p>\n<ol start=\"4\">\n<li>Dans un environnement de codage, les \u00e9l\u00e8ves ont l\u2019occasion de montrer ce qu\u2019ils peuvent faire.<\/li>\n<\/ol>\n<p><iframe loading=\"lazy\" src=\"https:\/\/www.youtube-nocookie.com\/embed\/-owAfVrc910?rel=0&amp;showinfo=0\" width=\"480\" height=\"270\" frameborder=\"0\" allowfullscreen=\"allowfullscreen\"><\/iframe><\/p>\n<ol start=\"5\">\n<li>L\u2019introduction de nouvelles id\u00e9es sur la sym\u00e9trie dans un contexte d\u2019histoire a contribu\u00e9 \u00e0 rendre l\u2019apprentissage plus significatif et m\u00e9morable.<\/li>\n<\/ol>\n<p><iframe loading=\"lazy\" src=\"https:\/\/www.youtube-nocookie.com\/embed\/SSlJBabjQN4?rel=0&amp;showinfo=0\" width=\"480\" height=\"270\" frameborder=\"0\" allowfullscreen=\"allowfullscreen\"><\/iframe><\/p>\n<ol start=\"6\">\n<li>Les \u00e9l\u00e8ves ont partag\u00e9 leur apprentissage \u00e0 la maison, et les parents ont envoy\u00e9 des r\u00e9troactions et des commentaires \u00e0 l\u2019enseignant.<\/li>\n<\/ol>\n<p><iframe loading=\"lazy\" src=\"https:\/\/www.youtube-nocookie.com\/embed\/FDnK7PvICKg?rel=0&amp;showinfo=0\" width=\"480\" height=\"270\" frameborder=\"0\" allowfullscreen=\"allowfullscreen\"><\/iframe><\/p>\n<ol start=\"7\">\n<li>Sym\u00e9trie + Chanson de codage \u00e9crite et interpr\u00e9t\u00e9e par la classe de 2<sup>e<\/sup> et 3<sup>e<\/sup> ann\u00e9e.<\/li>\n<\/ol>\n<p><iframe loading=\"lazy\" src=\"https:\/\/www.youtube-nocookie.com\/embed\/p7x9vzTdMNw?rel=0&amp;showinfo=0\" width=\"480\" height=\"270\" frameborder=\"0\" allowfullscreen=\"allowfullscreen\"><\/iframe><\/p>\n<ol start=\"8\">\n<li>Sym\u00e9trie de pare-chocs : d\u00e9finition des sym\u00e9tries de rotation du carr\u00e9.<\/li>\n<\/ol>\n<p><iframe loading=\"lazy\" src=\"https:\/\/www.youtube-nocookie.com\/embed\/-DbOTt4-ViI?rel=0&amp;showinfo=0\" width=\"480\" height=\"270\" frameborder=\"0\" allowfullscreen=\"allowfullscreen\"><\/iframe><\/p>\n<ol start=\"9\">\n<li>Que se passe-t-il lorsque les 4 sym\u00e9tries de rotation se heurtent les unes aux autres ?<\/li>\n<\/ol>\n<p><iframe loading=\"lazy\" src=\"https:\/\/www.youtube-nocookie.com\/embed\/a-aKwnWFRHk?rel=0&amp;showinfo=0\" width=\"480\" height=\"270\" frameborder=\"0\" allowfullscreen=\"allowfullscreen\"><\/iframe><\/p>\n<ol start=\"10\">\n<li>D\u00e9mo avec code et pr\u00e9dictions des \u00e9l\u00e8ves.<\/li>\n<\/ol>\n<p><iframe loading=\"lazy\" src=\"https:\/\/www.youtube-nocookie.com\/embed\/KT97Y-kRmZI?rel=0&amp;showinfo=0\" width=\"480\" height=\"270\" frameborder=\"0\" allowfullscreen=\"allowfullscreen\"><\/iframe><\/p>\n<ol start=\"11\">\n<li>Les \u00e9l\u00e8ves travaillent en groupe pour mod\u00e9liser le probl\u00e8me.<\/li>\n<\/ol>\n<p><iframe loading=\"lazy\" src=\"https:\/\/www.youtube-nocookie.com\/embed\/t9ILoRS94Uc?rel=0&amp;showinfo=0\" width=\"480\" height=\"270\" frameborder=\"0\" allowfullscreen=\"allowfullscreen\"><\/iframe><\/p>\n<ol start=\"12\">\n<li>Les \u00e9l\u00e8ves travaillent avec du code.<\/li>\n<\/ol>\n<p><iframe loading=\"lazy\" src=\"https:\/\/www.youtube-nocookie.com\/embed\/6Oscw1ZC6Ss?rel=0&amp;showinfo=0\" width=\"480\" height=\"270\" frameborder=\"0\" allowfullscreen=\"allowfullscreen\"><\/iframe><\/p>\n<\/div>\n<div class=\"su-tabs-pane su-u-clearfix su-u-trim\" data-title=\"C\u00f4te \u00e0 c\u00f4te\">\n<p><strong>C\u00d4TE \u00c0 C\u00d4TE ?<\/strong><\/p>\n<p>Vous trouverez ci-dessous une s\u00e9quence de le\u00e7ons sur la sym\u00e9trie utilisant 2 approches p\u00e9dagogiques diff\u00e9rentes, pr\u00e9sent\u00e9es c\u00f4te \u00e0 c\u00f4te:<\/p>\n<ul>\n<li>L\u2019approche p\u00e9dagogique \u00e0 gauche est assez typique.<\/li>\n<li>L\u2019approche p\u00e9dagogique \u00e0 droite offre une surprise math\u00e9matique.<\/li>\n<\/ul>\n<p>L\u2019intention n\u2019est pas de choisir une approche plut\u00f4t qu\u2019une autre, mais de voir si les deux approches ont une certaine valeur.<\/p>\n<ul>\n<li>Utilisez l\u2019onglet de gauche ci-dessus pour voir une entrevue avec un enseignant et des \u00e9l\u00e8ves travaillant avec les sym\u00e9tries et les <a href=\"https:\/\/learnx.ca\/sym\/\">environnements de codage et plus de ressources<\/a>.<\/li>\n<\/ul>\n<p>Essayez ces id\u00e9es dans votre classe.<\/p>\n<p>Comment les \u00e9l\u00e8ves r\u00e9agissent-ils diff\u00e9remment \u00e0 chaque approche p\u00e9dagogique ?<\/p>\n<p>Nous aimerions conna\u00eetre vos commentaires. Veuillez envoyer vos commentaires \u00e0 George Gadanidis \u00e0 ggadanid@uwo.ca<\/p>\n<p><strong>SYM\u00c9TRIE C\u00d4TE \u00c0 C\u00d4TE<\/strong><\/p>\n<p><a href=\"http:\/\/www.mkn-rcm.ca\/french\/wp-content\/uploads\/2017\/06\/rm-blank-with-text-sym1.png\"><img loading=\"lazy\" class=\"alignnone size-full wp-image-745\" src=\"http:\/\/www.mkn-rcm.ca\/french\/wp-content\/uploads\/2017\/06\/rm-blank-with-text-sym1.png\" alt=\"rm-blank-with-text-sym1\" width=\"848\" height=\"500\" srcset=\"https:\/\/www.mkn-rcm.ca\/french\/wp-content\/uploads\/2017\/06\/rm-blank-with-text-sym1.png 848w, https:\/\/www.mkn-rcm.ca\/french\/wp-content\/uploads\/2017\/06\/rm-blank-with-text-sym1-300x177.png 300w, https:\/\/www.mkn-rcm.ca\/french\/wp-content\/uploads\/2017\/06\/rm-blank-with-text-sym1-768x453.png 768w\" sizes=\"(max-width: 709px) 85vw, (max-width: 909px) 67vw, (max-width: 1362px) 62vw, 840px\" \/><\/a><\/p>\n<p><a href=\"http:\/\/www.mkn-rcm.ca\/french\/wp-content\/uploads\/2017\/06\/rm-blank-with-text-sym2.png\"><img loading=\"lazy\" class=\"alignnone size-full wp-image-746\" src=\"http:\/\/www.mkn-rcm.ca\/french\/wp-content\/uploads\/2017\/06\/rm-blank-with-text-sym2.png\" alt=\"rm-blank-with-text-sym2\" width=\"848\" height=\"500\" srcset=\"https:\/\/www.mkn-rcm.ca\/french\/wp-content\/uploads\/2017\/06\/rm-blank-with-text-sym2.png 848w, https:\/\/www.mkn-rcm.ca\/french\/wp-content\/uploads\/2017\/06\/rm-blank-with-text-sym2-300x177.png 300w, https:\/\/www.mkn-rcm.ca\/french\/wp-content\/uploads\/2017\/06\/rm-blank-with-text-sym2-768x453.png 768w\" sizes=\"(max-width: 709px) 85vw, (max-width: 909px) 67vw, (max-width: 1362px) 62vw, 840px\" \/><\/a><\/p>\n<p><a href=\"http:\/\/www.mkn-rcm.ca\/french\/wp-content\/uploads\/2017\/06\/rm-blank-with-text-sym3.png\"><img loading=\"lazy\" class=\"alignnone size-full wp-image-747\" src=\"http:\/\/www.mkn-rcm.ca\/french\/wp-content\/uploads\/2017\/06\/rm-blank-with-text-sym3.png\" alt=\"rm-blank-with-text-sym3\" width=\"848\" height=\"500\" srcset=\"https:\/\/www.mkn-rcm.ca\/french\/wp-content\/uploads\/2017\/06\/rm-blank-with-text-sym3.png 848w, https:\/\/www.mkn-rcm.ca\/french\/wp-content\/uploads\/2017\/06\/rm-blank-with-text-sym3-300x177.png 300w, https:\/\/www.mkn-rcm.ca\/french\/wp-content\/uploads\/2017\/06\/rm-blank-with-text-sym3-768x453.png 768w\" sizes=\"(max-width: 709px) 85vw, (max-width: 909px) 67vw, (max-width: 1362px) 62vw, 840px\" \/><\/a><\/p>\n<p><a href=\"http:\/\/www.mkn-rcm.ca\/french\/wp-content\/uploads\/2017\/06\/rm-blank-with-text-sym4.png\"><img loading=\"lazy\" class=\"alignnone size-full wp-image-748\" src=\"http:\/\/www.mkn-rcm.ca\/french\/wp-content\/uploads\/2017\/06\/rm-blank-with-text-sym4.png\" alt=\"rm-blank-with-text-sym4\" width=\"848\" height=\"500\" srcset=\"https:\/\/www.mkn-rcm.ca\/french\/wp-content\/uploads\/2017\/06\/rm-blank-with-text-sym4.png 848w, https:\/\/www.mkn-rcm.ca\/french\/wp-content\/uploads\/2017\/06\/rm-blank-with-text-sym4-300x177.png 300w, https:\/\/www.mkn-rcm.ca\/french\/wp-content\/uploads\/2017\/06\/rm-blank-with-text-sym4-768x453.png 768w\" sizes=\"(max-width: 709px) 85vw, (max-width: 909px) 67vw, (max-width: 1362px) 62vw, 840px\" \/><\/a><\/p>\n<p><a href=\"http:\/\/www.mkn-rcm.ca\/french\/wp-content\/uploads\/2017\/06\/rm-blank-with-text-sym5.png\"><img loading=\"lazy\" class=\"alignnone size-full wp-image-749\" src=\"http:\/\/www.mkn-rcm.ca\/french\/wp-content\/uploads\/2017\/06\/rm-blank-with-text-sym5.png\" alt=\"rm-blank-with-text-sym5\" width=\"848\" height=\"500\" srcset=\"https:\/\/www.mkn-rcm.ca\/french\/wp-content\/uploads\/2017\/06\/rm-blank-with-text-sym5.png 848w, https:\/\/www.mkn-rcm.ca\/french\/wp-content\/uploads\/2017\/06\/rm-blank-with-text-sym5-300x177.png 300w, https:\/\/www.mkn-rcm.ca\/french\/wp-content\/uploads\/2017\/06\/rm-blank-with-text-sym5-768x453.png 768w\" sizes=\"(max-width: 709px) 85vw, (max-width: 909px) 67vw, (max-width: 1362px) 62vw, 840px\" \/><\/a><\/p>\n<p><a href=\"http:\/\/www.mkn-rcm.ca\/french\/wp-content\/uploads\/2017\/06\/rm-blank-with-text-sym6.png\"><img loading=\"lazy\" class=\"alignnone size-full wp-image-750\" src=\"http:\/\/www.mkn-rcm.ca\/french\/wp-content\/uploads\/2017\/06\/rm-blank-with-text-sym6.png\" alt=\"rm-blank-with-text-sym6\" width=\"848\" height=\"500\" srcset=\"https:\/\/www.mkn-rcm.ca\/french\/wp-content\/uploads\/2017\/06\/rm-blank-with-text-sym6.png 848w, https:\/\/www.mkn-rcm.ca\/french\/wp-content\/uploads\/2017\/06\/rm-blank-with-text-sym6-300x177.png 300w, https:\/\/www.mkn-rcm.ca\/french\/wp-content\/uploads\/2017\/06\/rm-blank-with-text-sym6-768x453.png 768w\" sizes=\"(max-width: 709px) 85vw, (max-width: 909px) 67vw, (max-width: 1362px) 62vw, 840px\" \/><\/a><\/p>\n<p><a href=\"http:\/\/www.mkn-rcm.ca\/french\/wp-content\/uploads\/2017\/06\/rm-blank-with-text-sym7.png\"><img loading=\"lazy\" class=\"alignnone size-full wp-image-751\" src=\"http:\/\/www.mkn-rcm.ca\/french\/wp-content\/uploads\/2017\/06\/rm-blank-with-text-sym7.png\" alt=\"rm-blank-with-text-sym7\" width=\"848\" height=\"500\" srcset=\"https:\/\/www.mkn-rcm.ca\/french\/wp-content\/uploads\/2017\/06\/rm-blank-with-text-sym7.png 848w, https:\/\/www.mkn-rcm.ca\/french\/wp-content\/uploads\/2017\/06\/rm-blank-with-text-sym7-300x177.png 300w, https:\/\/www.mkn-rcm.ca\/french\/wp-content\/uploads\/2017\/06\/rm-blank-with-text-sym7-768x453.png 768w\" sizes=\"(max-width: 709px) 85vw, (max-width: 909px) 67vw, (max-width: 1362px) 62vw, 840px\" \/><\/a><\/p>\n<\/div><\/div><\/div>\n","protected":false},"excerpt":{"rendered":"","protected":false},"author":2,"featured_media":0,"parent":0,"menu_order":0,"comment_status":"closed","ping_status":"closed","template":"","meta":[],"_links":{"self":[{"href":"https:\/\/www.mkn-rcm.ca\/french\/wp-json\/wp\/v2\/pages\/789"}],"collection":[{"href":"https:\/\/www.mkn-rcm.ca\/french\/wp-json\/wp\/v2\/pages"}],"about":[{"href":"https:\/\/www.mkn-rcm.ca\/french\/wp-json\/wp\/v2\/types\/page"}],"author":[{"embeddable":true,"href":"https:\/\/www.mkn-rcm.ca\/french\/wp-json\/wp\/v2\/users\/2"}],"replies":[{"embeddable":true,"href":"https:\/\/www.mkn-rcm.ca\/french\/wp-json\/wp\/v2\/comments?post=789"}],"version-history":[{"count":13,"href":"https:\/\/www.mkn-rcm.ca\/french\/wp-json\/wp\/v2\/pages\/789\/revisions"}],"predecessor-version":[{"id":6231,"href":"https:\/\/www.mkn-rcm.ca\/french\/wp-json\/wp\/v2\/pages\/789\/revisions\/6231"}],"wp:attachment":[{"href":"https:\/\/www.mkn-rcm.ca\/french\/wp-json\/wp\/v2\/media?parent=789"}],"curies":[{"name":"wp","href":"https:\/\/api.w.org\/{rel}","templated":true}]}}